{"id":1139,"date":"2025-05-12T07:06:20","date_gmt":"2025-05-12T05:06:20","guid":{"rendered":"https:\/\/dotix.be\/domotique-residentielle\/securite\/"},"modified":"2025-07-02T09:11:08","modified_gmt":"2025-07-02T07:11:08","slug":"veiligheid","status":"publish","type":"page","link":"https:\/\/dotix.be\/nl\/residentiele-domotica\/veiligheid\/","title":{"rendered":"Veiligheid"},"content":{"rendered":"<div class='breakdance'><section class=\"bde-section-1139-100 bde-section gr\">\n  \n  \n\t\n\n\n\n<div class=\"section-container\"><div class=\"bde-div-1139-101 bde-div\">\n  \n  \n\t\n\n\n\n<div class=\"bde-text-1139-102 bde-text\">\nOplossingen\n<\/div><h2 class=\"bde-heading-1139-103 bde-heading\">\nOns aanbod aan mogelijkheden\n<\/h2><div class=\"bde-checkmark-list-1139-104 bde-checkmark-list\">\n<ul>\n  \n              \n              \n    <li>\n      <span class='bde-checkmark-list__icon bde-checkmark-list__icon_yes '>\n                  <svg xmlns=\"http:\/\/www.w3.org\/2000\/svg\" width=\"16\" height=\"13\" viewBox=\"0 0 16 13\" fill=\"none\">\r\n<path d=\"M15.7539 1.61133L6.67676 12.0449L0 4.37012L0.753906 3.71387L6.67676 10.5215L15 0.955078L15.7539 1.61133Z\" fill=\"#D7B665\"\/>\r\n<\/svg>\n              <\/span>\n      <div >\n        Gepersonaliseerde toegangscontrole via badge, code of biometrie\n      <\/div>\n\n    <\/li>\n\n  \n              \n              \n    <li>\n      <span class='bde-checkmark-list__icon bde-checkmark-list__icon_yes '>\n                  <svg xmlns=\"http:\/\/www.w3.org\/2000\/svg\" width=\"16\" height=\"13\" viewBox=\"0 0 16 13\" fill=\"none\">\r\n<path d=\"M15.7539 1.61133L6.67676 12.0449L0 4.37012L0.753906 3.71387L6.67676 10.5215L15 0.955078L15.7539 1.61133Z\" fill=\"#D7B665\"\/>\r\n<\/svg>\n              <\/span>\n      <div >\n        Programmering van toegangstijden, individuele beperkingen, beheer van toestemmingen\n      <\/div>\n\n    <\/li>\n\n  \n              \n              \n    <li>\n      <span class='bde-checkmark-list__icon bde-checkmark-list__icon_yes '>\n                  <svg xmlns=\"http:\/\/www.w3.org\/2000\/svg\" width=\"16\" height=\"13\" viewBox=\"0 0 16 13\" fill=\"none\">\r\n<path d=\"M15.7539 1.61133L6.67676 12.0449L0 4.37012L0.753906 3.71387L6.67676 10.5215L15 0.955078L15.7539 1.61133Z\" fill=\"#D7B665\"\/>\r\n<\/svg>\n              <\/span>\n      <div >\n        In- en uitgangen zijn op elk moment raadpleegbaar in het historiek\n      <\/div>\n\n    <\/li>\n\n  \n              \n              \n    <li>\n      <span class='bde-checkmark-list__icon bde-checkmark-list__icon_yes '>\n                  <svg xmlns=\"http:\/\/www.w3.org\/2000\/svg\" width=\"16\" height=\"13\" viewBox=\"0 0 16 13\" fill=\"none\">\r\n<path d=\"M15.7539 1.61133L6.67676 12.0449L0 4.37012L0.753906 3.71387L6.67676 10.5215L15 0.955078L15.7539 1.61133Z\" fill=\"#D7B665\"\/>\r\n<\/svg>\n              <\/span>\n      <div >\n        Afstandsbediening van poorten, elektrische rolluiken en buitenverlichting\n      <\/div>\n\n    <\/li>\n\n  \n              \n              \n    <li>\n      <span class='bde-checkmark-list__icon bde-checkmark-list__icon_yes '>\n                  <svg xmlns=\"http:\/\/www.w3.org\/2000\/svg\" width=\"16\" height=\"13\" viewBox=\"0 0 16 13\" fill=\"none\">\r\n<path d=\"M15.7539 1.61133L6.67676 12.0449L0 4.37012L0.753906 3.71387L6.67676 10.5215L15 0.955078L15.7539 1.61133Z\" fill=\"#D7B665\"\/>\r\n<\/svg>\n              <\/span>\n      <div >\n        Beveiligingscamera\u2019s op afstand toegankelijk, overal ter wereld\n      <\/div>\n\n    <\/li>\n\n  \n              \n              \n    <li>\n      <span class='bde-checkmark-list__icon bde-checkmark-list__icon_yes '>\n                  <svg xmlns=\"http:\/\/www.w3.org\/2000\/svg\" width=\"16\" height=\"13\" viewBox=\"0 0 16 13\" fill=\"none\">\r\n<path d=\"M15.7539 1.61133L6.67676 12.0449L0 4.37012L0.753906 3.71387L6.67676 10.5215L15 0.955078L15.7539 1.61133Z\" fill=\"#D7B665\"\/>\r\n<\/svg>\n              <\/span>\n      <div >\n        Gezichtsherkenning en automatische nummerplaatherkenning\n      <\/div>\n\n    <\/li>\n\n  \n              \n              \n    <li>\n      <span class='bde-checkmark-list__icon bde-checkmark-list__icon_yes '>\n                  <svg xmlns=\"http:\/\/www.w3.org\/2000\/svg\" width=\"16\" height=\"13\" viewBox=\"0 0 16 13\" fill=\"none\">\r\n<path d=\"M15.7539 1.61133L6.67676 12.0449L0 4.37012L0.753906 3.71387L6.67676 10.5215L15 0.955078L15.7539 1.61133Z\" fill=\"#D7B665\"\/>\r\n<\/svg>\n              <\/span>\n      <div >\n        Verbonden alarmsysteem (op afstand in- en uitschakelen, gepersonaliseerde scenario\u2019s)\n      <\/div>\n\n    <\/li>\n\n  <\/ul>\n\n<\/div>\n<\/div><div class=\"bde-div-1139-105 bde-div\">\n  \n  \n\t\n\n\n\n<img type=\"image\/webp\" class=\"bde-image2-1139-106 bde-image2 lws-optimize-lazyload\"  alt=\"Domotique r\u00e9sidentielle haut de gamme sur mesure\" loading=\"lazy\" srcset=\"https:\/\/dotix.be\/wp-content\/uploads\/2025\/05\/DSC07813.webp 1600w, https:\/\/dotix.be\/wp-content\/uploads\/2025\/05\/DSC07813-300x200.webp 300w, https:\/\/dotix.be\/wp-content\/uploads\/2025\/05\/DSC07813-1024x683.webp 1024w, https:\/\/dotix.be\/wp-content\/uploads\/2025\/05\/DSC07813-768x512.webp 768w, https:\/\/dotix.be\/wp-content\/uploads\/2025\/05\/DSC07813-1536x1024.webp 1536w\" sizes=\"(max-width: 1600px) 100vw, 1600px\" data-src=\"https:\/\/dotix.be\/wp-content\/uploads\/2025\/05\/DSC07813.webp\"><img type=\"image\/webp\" class=\"bde-image2-1139-107 bde-image2 lws-optimize-lazyload\"  alt=\"Dotix syste\u0300me de se\u0301curite\u0301 domotique\" loading=\"lazy\" srcset=\"https:\/\/dotix.be\/wp-content\/uploads\/2025\/05\/Dotix-systeme-securite-domotique-scaled.jpg 2560w, https:\/\/dotix.be\/wp-content\/uploads\/2025\/05\/Dotix-systeme-securite-domotique-300x187.jpg 300w, https:\/\/dotix.be\/wp-content\/uploads\/2025\/05\/Dotix-systeme-securite-domotique-1024x637.jpg 1024w, https:\/\/dotix.be\/wp-content\/uploads\/2025\/05\/Dotix-systeme-securite-domotique-768x478.jpg 768w, https:\/\/dotix.be\/wp-content\/uploads\/2025\/05\/Dotix-systeme-securite-domotique-1536x955.jpg 1536w, https:\/\/dotix.be\/wp-content\/uploads\/2025\/05\/Dotix-systeme-securite-domotique-2048x1274.jpg 2048w\" sizes=\"(max-width: 2560px) 100vw, 2560px\" data-src=\"https:\/\/dotix.be\/wp-content\/uploads\/2025\/05\/Dotix-systeme-securite-domotique-scaled.jpg\"><img type=\"image\/webp\" class=\"bde-image2-1139-108 bde-image2 lws-optimize-lazyload\"  alt=\"S\u00e9curit\u00e9 discr\u00e8te\" loading=\"lazy\" srcset=\"https:\/\/dotix.be\/wp-content\/uploads\/2025\/05\/DSC06686.webp 1600w, https:\/\/dotix.be\/wp-content\/uploads\/2025\/05\/DSC06686-200x300.webp 200w, https:\/\/dotix.be\/wp-content\/uploads\/2025\/05\/DSC06686-683x1024.webp 683w, https:\/\/dotix.be\/wp-content\/uploads\/2025\/05\/DSC06686-768x1152.webp 768w, https:\/\/dotix.be\/wp-content\/uploads\/2025\/05\/DSC06686-1024x1536.webp 1024w, https:\/\/dotix.be\/wp-content\/uploads\/2025\/05\/DSC06686-1365x2048.webp 1365w\" sizes=\"(max-width: 1600px) 100vw, 1600px\" data-src=\"https:\/\/dotix.be\/wp-content\/uploads\/2025\/05\/DSC06686.webp\">\n<\/div><\/div>\n<\/section><section class=\"bde-section-1139-109 bde-section gr\">\n  \n  \n\t\n\n\n\n<div class=\"section-container\"><div class=\"bde-div-1139-110 bde-div\" data-bde-lazy-bg=\"waiting\">\n              \n  \n        \n    \n\t\n\n  <div class=\"section-background-overlay\"><\/div>\n\n\n\n<\/div><div class=\"bde-div-1139-111 bde-div\">\n  \n  \n\t\n\n\n\n<h2 class=\"bde-heading-1139-112 bde-heading\">\nPlan een afspraak om te ontdekken hoe wij uw woning discreet kunnen beveiligen.\n<\/h2><div class=\"bde-globalblock-1139-113 bde-globalblock\">\n<div class='breakdance'><div class=\"bde-button-1353-100-1353-1 bde-button bde-button-1353-100\">\n    \n                                    \n    \n    \n    \n    \n            \n                    \n            \n            \n\n    \n    \n    \n    \n    \n    <a class=\"breakdance-link button-atom button-atom--primary bde-button__button\" href=\"https:\/\/dotix.be\/nl\/plan-een-gesprek-in\/\" target=\"_self\" data-type=\"url\"  >\n\n    \n        <span class=\"button-atom__text\">Plan een gesprek in<\/span>\n\n        \n        \n                <\/a>\n\n    \n\n\n<\/div><\/div>\n<\/div>\n<\/div><\/div>\n<\/section><\/div>","protected":false},"excerpt":{"rendered":"<p>Zorg voor uw gemoedsrust met intelligente en ge\u00efntegreerde beveiligingssystemen die zijn ontworpen om uw huis en gezin te beschermen.<\/p>\n","protected":false},"author":1,"featured_media":893,"parent":1124,"menu_order":0,"comment_status":"closed","ping_status":"closed","template":"template-block.php","meta":{"_acf_changed":false,"_breakdance_hide_in_design_set":false,"_breakdance_tags":"","footnotes":""},"class_list":["post-1139","page","type-page","status-publish","has-post-thumbnail","hentry"],"acf":[],"yoast_head":"<!-- This site is optimized with the Yoast SEO plugin v25.1 - https:\/\/yoast.com\/wordpress\/plugins\/seo\/ -->\n<title>Hoogwaardige en onzichtbare domotica-beveiliging \u2013 Dotix<\/title>\n<meta name=\"description\" content=\"Bescherm uw woning met onzichtbare, discrete en op afstand bedienbare domotica-beveiliging. Dotix waakt, zonder ooit op te dringen.\" \/>\n<meta name=\"robots\" content=\"index, follow, max-snippet:-1, max-image-preview:large, max-video-preview:-1\" \/>\n<link rel=\"canonical\" href=\"https:\/\/dotix.be\/nl\/residentiele-domotica\/veiligheid\/\" \/>\n<meta property=\"og:locale\" content=\"nl_NL\" \/>\n<meta property=\"og:type\" content=\"article\" \/>\n<meta property=\"og:title\" content=\"Hoogwaardige en onzichtbare domotica-beveiliging \u2013 Dotix\" \/>\n<meta property=\"og:description\" content=\"Bescherm uw woning met onzichtbare, discrete en op afstand bedienbare domotica-beveiliging. Dotix waakt, zonder ooit op te dringen.\" \/>\n<meta property=\"og:url\" content=\"https:\/\/dotix.be\/nl\/residentiele-domotica\/veiligheid\/\" \/>\n<meta property=\"og:site_name\" content=\"Dotix\" \/>\n<meta property=\"article:modified_time\" content=\"2025-07-02T07:11:08+00:00\" \/>\n<meta property=\"og:image\" content=\"https:\/\/dotix.be\/wp-content\/uploads\/2025\/05\/C4_Images_Security_2-scaled-e1747251576560.jpg\" \/>\n\t<meta property=\"og:image:width\" content=\"2560\" \/>\n\t<meta property=\"og:image:height\" content=\"1681\" \/>\n\t<meta property=\"og:image:type\" content=\"image\/jpeg\" \/>\n<meta name=\"twitter:card\" content=\"summary_large_image\" \/>\n<meta name=\"twitter:label1\" content=\"Geschatte leestijd\" \/>\n\t<meta name=\"twitter:data1\" content=\"2 minuten\" \/>\n<script type=\"application\/ld+json\" class=\"yoast-schema-graph\">{\"@context\":\"https:\/\/schema.org\",\"@graph\":[{\"@type\":\"WebPage\",\"@id\":\"https:\/\/dotix.be\/nl\/residentiele-domotica\/veiligheid\/\",\"url\":\"https:\/\/dotix.be\/nl\/residentiele-domotica\/veiligheid\/\",\"name\":\"Hoogwaardige en onzichtbare domotica-beveiliging \u2013 Dotix\",\"isPartOf\":{\"@id\":\"https:\/\/dotix.be\/nl\/#website\"},\"primaryImageOfPage\":{\"@id\":\"https:\/\/dotix.be\/nl\/residentiele-domotica\/veiligheid\/#primaryimage\"},\"image\":{\"@id\":\"https:\/\/dotix.be\/nl\/residentiele-domotica\/veiligheid\/#primaryimage\"},\"thumbnailUrl\":\"https:\/\/dotix.be\/wp-content\/uploads\/2025\/05\/C4_Images_Security_2-scaled-e1747251576560_lwsoptimized.webp\",\"datePublished\":\"2025-05-12T05:06:20+00:00\",\"dateModified\":\"2025-07-02T07:11:08+00:00\",\"description\":\"Bescherm uw woning met onzichtbare, discrete en op afstand bedienbare domotica-beveiliging. Dotix waakt, zonder ooit op te dringen.\",\"breadcrumb\":{\"@id\":\"https:\/\/dotix.be\/nl\/residentiele-domotica\/veiligheid\/#breadcrumb\"},\"inLanguage\":\"nl-NL\",\"potentialAction\":[{\"@type\":\"ReadAction\",\"target\":[\"https:\/\/dotix.be\/nl\/residentiele-domotica\/veiligheid\/\"]}]},{\"@type\":\"ImageObject\",\"inLanguage\":\"nl-NL\",\"@id\":\"https:\/\/dotix.be\/nl\/residentiele-domotica\/veiligheid\/#primaryimage\",\"url\":\"https:\/\/dotix.be\/wp-content\/uploads\/2025\/05\/C4_Images_Security_2-scaled-e1747251576560_lwsoptimized.webp\",\"contentUrl\":\"https:\/\/dotix.be\/wp-content\/uploads\/2025\/05\/C4_Images_Security_2-scaled-e1747251576560_lwsoptimized.webp\",\"width\":2560,\"height\":1681,\"caption\":\"Technologie invisible et intuitive\"},{\"@type\":\"BreadcrumbList\",\"@id\":\"https:\/\/dotix.be\/nl\/residentiele-domotica\/veiligheid\/#breadcrumb\",\"itemListElement\":[{\"@type\":\"ListItem\",\"position\":1,\"name\":\"Home\",\"item\":\"https:\/\/dotix.be\/nl\/\"},{\"@type\":\"ListItem\",\"position\":2,\"name\":\"Residenti\u00eble domotica\",\"item\":\"https:\/\/dotix.be\/nl\/residentiele-domotica\/\"},{\"@type\":\"ListItem\",\"position\":3,\"name\":\"Veiligheid\"}]},{\"@type\":\"WebSite\",\"@id\":\"https:\/\/dotix.be\/nl\/#website\",\"url\":\"https:\/\/dotix.be\/nl\/\",\"name\":\"Dotix\",\"description\":\"\",\"publisher\":{\"@id\":\"https:\/\/dotix.be\/nl\/#organization\"},\"potentialAction\":[{\"@type\":\"SearchAction\",\"target\":{\"@type\":\"EntryPoint\",\"urlTemplate\":\"https:\/\/dotix.be\/nl\/?s={search_term_string}\"},\"query-input\":{\"@type\":\"PropertyValueSpecification\",\"valueRequired\":true,\"valueName\":\"search_term_string\"}}],\"inLanguage\":\"nl-NL\"},{\"@type\":\"Organization\",\"@id\":\"https:\/\/dotix.be\/nl\/#organization\",\"name\":\"Dotix\",\"url\":\"https:\/\/dotix.be\/nl\/\",\"logo\":{\"@type\":\"ImageObject\",\"inLanguage\":\"nl-NL\",\"@id\":\"https:\/\/dotix.be\/nl\/#\/schema\/logo\/image\/\",\"url\":\"https:\/\/dotix.be\/wp-content\/uploads\/2025\/05\/logo.svg\",\"contentUrl\":\"https:\/\/dotix.be\/wp-content\/uploads\/2025\/05\/logo.svg\",\"width\":1,\"height\":1,\"caption\":\"Dotix\"},\"image\":{\"@id\":\"https:\/\/dotix.be\/nl\/#\/schema\/logo\/image\/\"}}]}<\/script>\n<!-- \/ Yoast SEO plugin. -->","yoast_head_json":{"title":"Hoogwaardige en onzichtbare domotica-beveiliging \u2013 Dotix","description":"Bescherm uw woning met onzichtbare, discrete en op afstand bedienbare domotica-beveiliging. Dotix waakt, zonder ooit op te dringen.","robots":{"index":"index","follow":"follow","max-snippet":"max-snippet:-1","max-image-preview":"max-image-preview:large","max-video-preview":"max-video-preview:-1"},"canonical":"https:\/\/dotix.be\/nl\/residentiele-domotica\/veiligheid\/","og_locale":"nl_NL","og_type":"article","og_title":"Hoogwaardige en onzichtbare domotica-beveiliging \u2013 Dotix","og_description":"Bescherm uw woning met onzichtbare, discrete en op afstand bedienbare domotica-beveiliging. Dotix waakt, zonder ooit op te dringen.","og_url":"https:\/\/dotix.be\/nl\/residentiele-domotica\/veiligheid\/","og_site_name":"Dotix","article_modified_time":"2025-07-02T07:11:08+00:00","og_image":[{"width":2560,"height":1681,"url":"https:\/\/dotix.be\/wp-content\/uploads\/2025\/05\/C4_Images_Security_2-scaled-e1747251576560.jpg","type":"image\/jpeg"}],"twitter_card":"summary_large_image","twitter_misc":{"Geschatte leestijd":"2 minuten"},"schema":{"@context":"https:\/\/schema.org","@graph":[{"@type":"WebPage","@id":"https:\/\/dotix.be\/nl\/residentiele-domotica\/veiligheid\/","url":"https:\/\/dotix.be\/nl\/residentiele-domotica\/veiligheid\/","name":"Hoogwaardige en onzichtbare domotica-beveiliging \u2013 Dotix","isPartOf":{"@id":"https:\/\/dotix.be\/nl\/#website"},"primaryImageOfPage":{"@id":"https:\/\/dotix.be\/nl\/residentiele-domotica\/veiligheid\/#primaryimage"},"image":{"@id":"https:\/\/dotix.be\/nl\/residentiele-domotica\/veiligheid\/#primaryimage"},"thumbnailUrl":"https:\/\/dotix.be\/wp-content\/uploads\/2025\/05\/C4_Images_Security_2-scaled-e1747251576560_lwsoptimized.webp","datePublished":"2025-05-12T05:06:20+00:00","dateModified":"2025-07-02T07:11:08+00:00","description":"Bescherm uw woning met onzichtbare, discrete en op afstand bedienbare domotica-beveiliging. Dotix waakt, zonder ooit op te dringen.","breadcrumb":{"@id":"https:\/\/dotix.be\/nl\/residentiele-domotica\/veiligheid\/#breadcrumb"},"inLanguage":"nl-NL","potentialAction":[{"@type":"ReadAction","target":["https:\/\/dotix.be\/nl\/residentiele-domotica\/veiligheid\/"]}]},{"@type":"ImageObject","inLanguage":"nl-NL","@id":"https:\/\/dotix.be\/nl\/residentiele-domotica\/veiligheid\/#primaryimage","url":"https:\/\/dotix.be\/wp-content\/uploads\/2025\/05\/C4_Images_Security_2-scaled-e1747251576560_lwsoptimized.webp","contentUrl":"https:\/\/dotix.be\/wp-content\/uploads\/2025\/05\/C4_Images_Security_2-scaled-e1747251576560_lwsoptimized.webp","width":2560,"height":1681,"caption":"Technologie invisible et intuitive"},{"@type":"BreadcrumbList","@id":"https:\/\/dotix.be\/nl\/residentiele-domotica\/veiligheid\/#breadcrumb","itemListElement":[{"@type":"ListItem","position":1,"name":"Home","item":"https:\/\/dotix.be\/nl\/"},{"@type":"ListItem","position":2,"name":"Residenti\u00eble domotica","item":"https:\/\/dotix.be\/nl\/residentiele-domotica\/"},{"@type":"ListItem","position":3,"name":"Veiligheid"}]},{"@type":"WebSite","@id":"https:\/\/dotix.be\/nl\/#website","url":"https:\/\/dotix.be\/nl\/","name":"Dotix","description":"","publisher":{"@id":"https:\/\/dotix.be\/nl\/#organization"},"potentialAction":[{"@type":"SearchAction","target":{"@type":"EntryPoint","urlTemplate":"https:\/\/dotix.be\/nl\/?s={search_term_string}"},"query-input":{"@type":"PropertyValueSpecification","valueRequired":true,"valueName":"search_term_string"}}],"inLanguage":"nl-NL"},{"@type":"Organization","@id":"https:\/\/dotix.be\/nl\/#organization","name":"Dotix","url":"https:\/\/dotix.be\/nl\/","logo":{"@type":"ImageObject","inLanguage":"nl-NL","@id":"https:\/\/dotix.be\/nl\/#\/schema\/logo\/image\/","url":"https:\/\/dotix.be\/wp-content\/uploads\/2025\/05\/logo.svg","contentUrl":"https:\/\/dotix.be\/wp-content\/uploads\/2025\/05\/logo.svg","width":1,"height":1,"caption":"Dotix"},"image":{"@id":"https:\/\/dotix.be\/nl\/#\/schema\/logo\/image\/"}}]}},"_links":{"self":[{"href":"https:\/\/dotix.be\/nl\/wp-json\/wp\/v2\/pages\/1139","targetHints":{"allow":["GET"]}}],"collection":[{"href":"https:\/\/dotix.be\/nl\/wp-json\/wp\/v2\/pages"}],"about":[{"href":"https:\/\/dotix.be\/nl\/wp-json\/wp\/v2\/types\/page"}],"author":[{"embeddable":true,"href":"https:\/\/dotix.be\/nl\/wp-json\/wp\/v2\/users\/1"}],"replies":[{"embeddable":true,"href":"https:\/\/dotix.be\/nl\/wp-json\/wp\/v2\/comments?post=1139"}],"version-history":[{"count":6,"href":"https:\/\/dotix.be\/nl\/wp-json\/wp\/v2\/pages\/1139\/revisions"}],"predecessor-version":[{"id":1598,"href":"https:\/\/dotix.be\/nl\/wp-json\/wp\/v2\/pages\/1139\/revisions\/1598"}],"up":[{"embeddable":true,"href":"https:\/\/dotix.be\/nl\/wp-json\/wp\/v2\/pages\/1124"}],"wp:featuredmedia":[{"embeddable":true,"href":"https:\/\/dotix.be\/nl\/wp-json\/wp\/v2\/media\/893"}],"wp:attachment":[{"href":"https:\/\/dotix.be\/nl\/wp-json\/wp\/v2\/media?parent=1139"}],"curies":[{"name":"wp","href":"https:\/\/api.w.org\/{rel}","templated":true}]}}