{"id":1133,"date":"2025-05-15T12:30:45","date_gmt":"2025-05-15T10:30:45","guid":{"rendered":"https:\/\/dotix.be\/promoteurs-immobiliers\/"},"modified":"2025-07-02T09:11:25","modified_gmt":"2025-07-02T07:11:25","slug":"projectontwikkelaars","status":"publish","type":"page","link":"https:\/\/dotix.be\/nl\/projectontwikkelaars\/","title":{"rendered":"Projectontwikkelaars"},"content":{"rendered":"<div class='breakdance'><section class=\"bde-section-1133-100 bde-section gr\">\n  \n  \n\t\n\n\n\n<div class=\"section-container\"><div class=\"bde-div-1133-101 bde-div\" data-parallax=\"true\">\n  \n  \n\t\n\n\n\n<img type=\"image\/webp\" class=\"bde-image2-1133-102 bde-image2 lws-optimize-lazyload\"  alt=\"Solutions domotiques personnalis\u00e9es\" loading=\"lazy\" srcset=\"https:\/\/dotix.be\/wp-content\/uploads\/2025\/05\/f7c70f2162f420350f9cc35bf60378d680ab3939.webp 1920w, https:\/\/dotix.be\/wp-content\/uploads\/2025\/05\/f7c70f2162f420350f9cc35bf60378d680ab3939-300x225.webp 300w, https:\/\/dotix.be\/wp-content\/uploads\/2025\/05\/f7c70f2162f420350f9cc35bf60378d680ab3939-1024x768.webp 1024w, https:\/\/dotix.be\/wp-content\/uploads\/2025\/05\/f7c70f2162f420350f9cc35bf60378d680ab3939-768x576.webp 768w, https:\/\/dotix.be\/wp-content\/uploads\/2025\/05\/f7c70f2162f420350f9cc35bf60378d680ab3939-1536x1152.webp 1536w\" sizes=\"(max-width: 1920px) 100vw, 1920px\" data-src=\"https:\/\/dotix.be\/wp-content\/uploads\/2025\/05\/f7c70f2162f420350f9cc35bf60378d680ab3939.webp\">\n<\/div><\/div>\n<\/section><section class=\"bde-section-1133-103 bde-section gr\">\n  \n  \n\t\n\n\n\n<div class=\"section-container\"><div class=\"bde-div-1133-104 bde-div\">\n  \n  \n\t\n\n\n\n<div class=\"bde-text-1133-105 bde-text\">\nOnze maatwerk domotica-oplossingen integreren perfect in hoogwaardige vastgoedprojecten, bieden een onge\u00ebvenaarde meerwaarde en voldoen aan de verwachtingen van de meest veeleisende kopers.\n<\/div><div class=\"bde-button-1133-106 bde-button\">\n    \n                                    \n    \n    \n    \n    \n            \n                    \n            \n            \n\n    \n    \n    \n    \n    \n    <a class=\"breakdance-link button-atom button-atom--primary bde-button__button\" href=\"https:\/\/dotix.be\/nl\/plan-een-gesprek-in\/\" target=\"_self\" data-type=\"url\"  >\n\n    \n        <span class=\"button-atom__text\">Plan een gesprek in<\/span>\n\n        \n        \n                <\/a>\n\n    \n\n\n<\/div>\n<\/div><div class=\"bde-columns-1133-107 bde-columns\"><div class=\"bde-column-1133-108 bde-column\">\n  \n  \n\t\n\n\n\n<style>.breakdance .bde-div-1133-109{background-color:var(--bde-background-color)}<\/style><div class=\"bde-div-1133-109 bde-div\">\n  \n  \n\t\n\n\n\n<h3 class=\"bde-heading-1133-110 bde-heading\">\nInnovatieve en schaalbare technologie\u00ebn\n<\/h3><div class=\"bde-text-1133-111 bde-text\">\nWij gebruiken geavanceerde technologie\u00ebn die ervoor zorgen dat uw vastgoedprojecten voldoen aan de modernste standaarden en aantrekkelijk blijven voor de luxe kopersmarkt.\n<\/div><a class=\"bde-text-link-1133-112 bde-text-link breakdance-link\" href=\"https:\/\/dotix.be\/nl\/residentiele-domotica\/\" target=\"_self\" data-type=\"url\">\n  Ontdek onze geavanceerde domotica-oplossingen\n\n<\/a>\n<\/div>\n<\/div><div class=\"bde-column-1133-113 bde-column\">\n  \n  \n\t\n\n\n\n<style>.breakdance .bde-div-1133-114{background-color:var(--bde-background-color)}<\/style><div class=\"bde-div-1133-114 bde-div\">\n  \n  \n\t\n\n\n\n<h3 class=\"bde-heading-1133-115 bde-heading\">\nEen meerwaarde voor elk vastgoedproject\n<\/h3><div class=\"bde-text-1133-116 bde-text\">\nDoor onze domotica-oplossingen te integreren, biedt u uw kopers uitzonderlijk comfort en moderniteit, waardoor de aantrekkelijkheid en de waargenomen waarde van uw vastgoedprojecten stijgen.\n<\/div><a class=\"bde-text-link-1133-117 bde-text-link breakdance-link\" href=\"https:\/\/dotix.be\/nl\/residentiele-domotica\/\" target=\"_self\" data-type=\"url\">\n  Ontdek onze oplossingen die aansluiten bij uw projecten\n\n<\/a>\n<\/div><style>.breakdance .bde-div-1133-118{background-color:var(--bde-background-color)}<\/style><div class=\"bde-div-1133-118 bde-div\">\n  \n  \n\t\n\n\n\n<h3 class=\"bde-heading-1133-119 bde-heading\">\nToegewijde begeleiding\n<\/h3><div class=\"bde-text-1133-120 bde-text\">\nOns team werkt met u samen in elke fase, van ontwerp tot oplevering, om domotica-oplossingen te integreren die perfect aansluiten bij uw commerci\u00eble doelstellingen.\n<\/div><a class=\"bde-text-link-1133-121 bde-text-link breakdance-link\" href=\"https:\/\/dotix.be\/nl\/plan-een-gesprek-in\/\" target=\"_self\" data-type=\"url\">\n  Plan een afspraak in\n\n<\/a>\n<\/div>\n<\/div><\/div><div class=\"bde-div-1133-122 bde-div\" data-parallax=\"true\">\n  \n  \n\t\n\n\n\n<img type=\"image\/webp\" class=\"bde-image2-1133-123 bde-image2 lws-optimize-lazyload\"  alt=\"Maison surveill\u00e9e intelligemment\" loading=\"lazy\" srcset=\"https:\/\/dotix.be\/wp-content\/uploads\/2025\/05\/40e78558988f714f30caf0366803d7e3768531d3.webp 1920w, https:\/\/dotix.be\/wp-content\/uploads\/2025\/05\/40e78558988f714f30caf0366803d7e3768531d3-300x225.webp 300w, https:\/\/dotix.be\/wp-content\/uploads\/2025\/05\/40e78558988f714f30caf0366803d7e3768531d3-1024x768.webp 1024w, https:\/\/dotix.be\/wp-content\/uploads\/2025\/05\/40e78558988f714f30caf0366803d7e3768531d3-768x576.webp 768w, https:\/\/dotix.be\/wp-content\/uploads\/2025\/05\/40e78558988f714f30caf0366803d7e3768531d3-1536x1152.webp 1536w\" sizes=\"(max-width: 1920px) 100vw, 1920px\" data-src=\"https:\/\/dotix.be\/wp-content\/uploads\/2025\/05\/40e78558988f714f30caf0366803d7e3768531d3.webp\">\n<\/div><\/div>\n<\/section><section class=\"bde-section-1133-124 bde-section gr\">\n  \n  \n\t\n\n\n\n<div class=\"section-container\"><div class=\"bde-div-1133-125 bde-div\">\n  \n  \n\t\n\n\n\n<div class=\"bde-text-1133-126 bde-text\">\nOplossingen\n<\/div><h2 class=\"bde-heading-1133-127 bde-heading\">\nOnze residenti\u00eble domotica-oplossingen\n<\/h2><div class=\"bde-rich-text-1133-128 bde-rich-text breakdance-rich-text-styles\">\n<p>Bij Dotix wordt elke domotica-oplossing ontworpen om de aantrekkingskracht van uw vastgoed te vergroten.<\/p>\n<\/div><div class=\"bde-button-1133-129 bde-button\">\n    \n                                    \n    \n    \n    \n    \n            \n                    \n            \n            \n\n    \n    \n    \n    \n    \n    <a class=\"breakdance-link button-atom button-atom--secondary bde-button__button\" href=\"https:\/\/dotix.be\/a-propos\/\" target=\"_self\" data-type=\"url\"  >\n\n    \n        <span class=\"button-atom__text\">Meer weten<\/span>\n\n        \n        \n                <\/a>\n\n    \n\n\n<\/div>\n<\/div><div class=\"bde-div-1133-130 bde-div\">\n  \n  \n\t\n\n\n\n<ul class=\"bde-div-1133-137 bde-div\">\n  \n  \n\t\n\n\n\n<li class=\"bde-div-1133-138 bde-div\">\n              \n  \n  \n\t\n\n  <div class=\"section-background-overlay\"><\/div>\n\n\n<h3 class=\"bde-heading-1133-139 bde-heading\">\nComfort\n<\/h3><div class=\"bde-text-1133-140 bde-text\">\nBied leefruimtes aan waar elk detail is ontworpen voor het welzijn van toekomstige bewoners.\n<\/div><a class=\"bde-text-link-1133-141 bde-text-link breakdance-link\" href=\"https:\/\/dotix.be\/nl\/residentiele-domotica\/comfort\/\" target=\"_self\" data-type=\"url\">\n  <span class=\"sr-only\">Meer weten<\/span>\n\n<\/a><div class=\"bde-text-1133-142 bde-text link\">\nMeer weten\n<\/div>\n<\/li><li class=\"bde-div-1133-143 bde-div\">\n              \n  \n  \n\t\n\n  <div class=\"section-background-overlay\"><\/div>\n\n\n<h3 class=\"bde-heading-1133-144 bde-heading\">\nVeiligheid\n<\/h3><div class=\"bde-text-1133-145 bde-text\">\nBied woningen aan die zijn uitgerust met discrete en effectieve beveiligingssystemen, een belangrijk verkoopargument voor uw klanten.\n<\/div><a class=\"bde-text-link-1133-146 bde-text-link breakdance-link\" href=\"https:\/\/dotix.be\/nl\/residentiele-domotica\/veiligheid\/\" target=\"_self\" data-type=\"url\">\n  <span class=\"sr-only\">En savoir plus<\/span>\n\n<\/a><div class=\"bde-text-1133-147 bde-text link\">\nMeer weten\n<\/div>\n<\/li><li class=\"bde-div-1133-148 bde-div\">\n              \n  \n  \n\t\n\n  <div class=\"section-background-overlay\"><\/div>\n\n\n<h3 class=\"bde-heading-1133-149 bde-heading\">\nEnergie-opvolging\n<\/h3><div class=\"bde-text-1133-150 bde-text\">\nTrek kopers aan die begaan zijn met de milieubelasting dankzij slimme en duurzame oplossingen.\n<\/div><a class=\"bde-text-link-1133-151 bde-text-link breakdance-link\" href=\"https:\/\/dotix.be\/nl\/residentiele-domotica\/verbruiksopvolging-energie\/\" target=\"_self\" data-type=\"url\">\n  <span class=\"sr-only\">En savoir plus<\/span>\n\n<\/a><div class=\"bde-text-1133-152 bde-text link\">\nMeer weten\n<\/div>\n<\/li><li class=\"bde-div-1133-153 bde-div\">\n              \n  \n  \n\t\n\n  <div class=\"section-background-overlay\"><\/div>\n\n\n<h3 class=\"bde-heading-1133-154 bde-heading\">\nBio-elektriciteit\n<\/h3><div class=\"bde-text-1133-155 bde-text\">\nMaak uw projecten onderscheidend door ruimtes aan te bieden die het welzijn respecteren en de blootstelling aan elektromagnetische straling verminderen.\n<\/div><a class=\"bde-text-link-1133-156 bde-text-link breakdance-link\" href=\"https:\/\/dotix.be\/nl\/bio-elektriciteit\/\" target=\"_self\" data-type=\"url\">\n  <span class=\"sr-only\">En savoir plus<\/span>\n\n<\/a><div class=\"bde-text-1133-157 bde-text link\">\nMeer weten\n<\/div>\n<\/li>\n<\/ul>\n<\/div><\/div>\n<\/section><section class=\"bde-section-1133-132 bde-section gr\">\n  \n  \n\t\n\n\n\n<div class=\"section-container\"><div class=\"bde-div-1133-133 bde-div\" data-bde-lazy-bg=\"waiting\">\n              \n  \n        \n    \n\t\n\n  <div class=\"section-background-overlay\"><\/div>\n\n\n\n<\/div><div class=\"bde-div-1133-134 bde-div\">\n  \n  \n\t\n\n\n\n<h2 class=\"bde-heading-1133-135 bde-heading\">\nPlan een afspraak met onze experts om te ontdekken hoe Dotix uw vastgoedprojecten kan verrijken.\n<\/h2><div class=\"bde-globalblock-1133-136 bde-globalblock\">\n<div class='breakdance'><div class=\"bde-button-1353-100-1353-1 bde-button bde-button-1353-100\">\n    \n                                    \n    \n    \n    \n    \n            \n                    \n            \n            \n\n    \n    \n    \n    \n    \n    <a class=\"breakdance-link button-atom button-atom--primary bde-button__button\" href=\"https:\/\/dotix.be\/nl\/plan-een-gesprek-in\/\" target=\"_self\" data-type=\"url\"  >\n\n    \n        <span class=\"button-atom__text\">Plan een gesprek in<\/span>\n\n        \n        \n                <\/a>\n\n    \n\n\n<\/div><\/div>\n<\/div>\n<\/div><\/div>\n<\/section><\/div>","protected":false},"excerpt":{"rendered":"<p>Dotix transforme vos projets immobiliers en v\u00e9ritables r\u00e9f\u00e9rences de modernit\u00e9, d\u2019innovation et de luxe<\/p>\n","protected":false},"author":1,"featured_media":623,"parent":0,"menu_order":0,"comment_status":"closed","ping_status":"closed","template":"template-block.php","meta":{"_acf_changed":false,"_breakdance_hide_in_design_set":false,"_breakdance_tags":"","footnotes":""},"class_list":["post-1133","page","type-page","status-publish","has-post-thumbnail","hentry"],"acf":[],"yoast_head":"<!-- This site is optimized with the Yoast SEO plugin v25.1 - https:\/\/yoast.com\/wordpress\/plugins\/seo\/ -->\n<title>Residenti\u00eble domotica voor projectontwikkelaars | Dotix<\/title>\n<meta name=\"description\" content=\"Dotix waardeert uw vastgoed met hoogwaardige, elegante en verbonden residenti\u00eble domotica om een veeleisend cli\u00ebnteel aan te spreken.\" \/>\n<meta name=\"robots\" content=\"index, follow, max-snippet:-1, max-image-preview:large, max-video-preview:-1\" \/>\n<link rel=\"canonical\" href=\"https:\/\/dotix.be\/nl\/projectontwikkelaars\/\" \/>\n<meta property=\"og:locale\" content=\"nl_NL\" \/>\n<meta property=\"og:type\" content=\"article\" \/>\n<meta property=\"og:title\" content=\"Residenti\u00eble domotica voor projectontwikkelaars | Dotix\" \/>\n<meta property=\"og:description\" content=\"Dotix waardeert uw vastgoed met hoogwaardige, elegante en verbonden residenti\u00eble domotica om een veeleisend cli\u00ebnteel aan te spreken.\" \/>\n<meta property=\"og:url\" content=\"https:\/\/dotix.be\/nl\/projectontwikkelaars\/\" \/>\n<meta property=\"og:site_name\" content=\"Dotix\" \/>\n<meta property=\"article:modified_time\" content=\"2025-07-02T07:11:25+00:00\" \/>\n<meta property=\"og:image\" content=\"https:\/\/dotix.be\/wp-content\/uploads\/2025\/05\/ba4da49af629eba72ba29ccee769f136a328bce1.webp\" \/>\n\t<meta property=\"og:image:width\" content=\"1920\" \/>\n\t<meta property=\"og:image:height\" content=\"1280\" \/>\n\t<meta property=\"og:image:type\" content=\"image\/webp\" \/>\n<meta name=\"twitter:card\" content=\"summary_large_image\" \/>\n<meta name=\"twitter:label1\" content=\"Geschatte leestijd\" \/>\n\t<meta name=\"twitter:data1\" content=\"2 minuten\" \/>\n<script type=\"application\/ld+json\" class=\"yoast-schema-graph\">{\"@context\":\"https:\/\/schema.org\",\"@graph\":[{\"@type\":\"WebPage\",\"@id\":\"https:\/\/dotix.be\/nl\/projectontwikkelaars\/\",\"url\":\"https:\/\/dotix.be\/nl\/projectontwikkelaars\/\",\"name\":\"Residenti\u00eble domotica voor projectontwikkelaars | Dotix\",\"isPartOf\":{\"@id\":\"https:\/\/dotix.be\/nl\/#website\"},\"primaryImageOfPage\":{\"@id\":\"https:\/\/dotix.be\/nl\/projectontwikkelaars\/#primaryimage\"},\"image\":{\"@id\":\"https:\/\/dotix.be\/nl\/projectontwikkelaars\/#primaryimage\"},\"thumbnailUrl\":\"https:\/\/dotix.be\/wp-content\/uploads\/2025\/05\/ba4da49af629eba72ba29ccee769f136a328bce1_lwsoptimized.webp\",\"datePublished\":\"2025-05-15T10:30:45+00:00\",\"dateModified\":\"2025-07-02T07:11:25+00:00\",\"description\":\"Dotix waardeert uw vastgoed met hoogwaardige, elegante en verbonden residenti\u00eble domotica om een veeleisend cli\u00ebnteel aan te spreken.\",\"breadcrumb\":{\"@id\":\"https:\/\/dotix.be\/nl\/projectontwikkelaars\/#breadcrumb\"},\"inLanguage\":\"nl-NL\",\"potentialAction\":[{\"@type\":\"ReadAction\",\"target\":[\"https:\/\/dotix.be\/nl\/projectontwikkelaars\/\"]}]},{\"@type\":\"ImageObject\",\"inLanguage\":\"nl-NL\",\"@id\":\"https:\/\/dotix.be\/nl\/projectontwikkelaars\/#primaryimage\",\"url\":\"https:\/\/dotix.be\/wp-content\/uploads\/2025\/05\/ba4da49af629eba72ba29ccee769f136a328bce1_lwsoptimized.webp\",\"contentUrl\":\"https:\/\/dotix.be\/wp-content\/uploads\/2025\/05\/ba4da49af629eba72ba29ccee769f136a328bce1_lwsoptimized.webp\",\"width\":1920,\"height\":1280,\"caption\":\"Domotique intuitive et \u00e9l\u00e9gante\"},{\"@type\":\"BreadcrumbList\",\"@id\":\"https:\/\/dotix.be\/nl\/projectontwikkelaars\/#breadcrumb\",\"itemListElement\":[{\"@type\":\"ListItem\",\"position\":1,\"name\":\"Home\",\"item\":\"https:\/\/dotix.be\/nl\/\"},{\"@type\":\"ListItem\",\"position\":2,\"name\":\"Projectontwikkelaars\"}]},{\"@type\":\"WebSite\",\"@id\":\"https:\/\/dotix.be\/nl\/#website\",\"url\":\"https:\/\/dotix.be\/nl\/\",\"name\":\"Dotix\",\"description\":\"\",\"publisher\":{\"@id\":\"https:\/\/dotix.be\/nl\/#organization\"},\"potentialAction\":[{\"@type\":\"SearchAction\",\"target\":{\"@type\":\"EntryPoint\",\"urlTemplate\":\"https:\/\/dotix.be\/nl\/?s={search_term_string}\"},\"query-input\":{\"@type\":\"PropertyValueSpecification\",\"valueRequired\":true,\"valueName\":\"search_term_string\"}}],\"inLanguage\":\"nl-NL\"},{\"@type\":\"Organization\",\"@id\":\"https:\/\/dotix.be\/nl\/#organization\",\"name\":\"Dotix\",\"url\":\"https:\/\/dotix.be\/nl\/\",\"logo\":{\"@type\":\"ImageObject\",\"inLanguage\":\"nl-NL\",\"@id\":\"https:\/\/dotix.be\/nl\/#\/schema\/logo\/image\/\",\"url\":\"https:\/\/dotix.be\/wp-content\/uploads\/2025\/05\/logo.svg\",\"contentUrl\":\"https:\/\/dotix.be\/wp-content\/uploads\/2025\/05\/logo.svg\",\"width\":1,\"height\":1,\"caption\":\"Dotix\"},\"image\":{\"@id\":\"https:\/\/dotix.be\/nl\/#\/schema\/logo\/image\/\"}}]}<\/script>\n<!-- \/ Yoast SEO plugin. -->","yoast_head_json":{"title":"Residenti\u00eble domotica voor projectontwikkelaars | Dotix","description":"Dotix waardeert uw vastgoed met hoogwaardige, elegante en verbonden residenti\u00eble domotica om een veeleisend cli\u00ebnteel aan te spreken.","robots":{"index":"index","follow":"follow","max-snippet":"max-snippet:-1","max-image-preview":"max-image-preview:large","max-video-preview":"max-video-preview:-1"},"canonical":"https:\/\/dotix.be\/nl\/projectontwikkelaars\/","og_locale":"nl_NL","og_type":"article","og_title":"Residenti\u00eble domotica voor projectontwikkelaars | Dotix","og_description":"Dotix waardeert uw vastgoed met hoogwaardige, elegante en verbonden residenti\u00eble domotica om een veeleisend cli\u00ebnteel aan te spreken.","og_url":"https:\/\/dotix.be\/nl\/projectontwikkelaars\/","og_site_name":"Dotix","article_modified_time":"2025-07-02T07:11:25+00:00","og_image":[{"width":1920,"height":1280,"url":"https:\/\/dotix.be\/wp-content\/uploads\/2025\/05\/ba4da49af629eba72ba29ccee769f136a328bce1.webp","type":"image\/webp"}],"twitter_card":"summary_large_image","twitter_misc":{"Geschatte leestijd":"2 minuten"},"schema":{"@context":"https:\/\/schema.org","@graph":[{"@type":"WebPage","@id":"https:\/\/dotix.be\/nl\/projectontwikkelaars\/","url":"https:\/\/dotix.be\/nl\/projectontwikkelaars\/","name":"Residenti\u00eble domotica voor projectontwikkelaars | Dotix","isPartOf":{"@id":"https:\/\/dotix.be\/nl\/#website"},"primaryImageOfPage":{"@id":"https:\/\/dotix.be\/nl\/projectontwikkelaars\/#primaryimage"},"image":{"@id":"https:\/\/dotix.be\/nl\/projectontwikkelaars\/#primaryimage"},"thumbnailUrl":"https:\/\/dotix.be\/wp-content\/uploads\/2025\/05\/ba4da49af629eba72ba29ccee769f136a328bce1_lwsoptimized.webp","datePublished":"2025-05-15T10:30:45+00:00","dateModified":"2025-07-02T07:11:25+00:00","description":"Dotix waardeert uw vastgoed met hoogwaardige, elegante en verbonden residenti\u00eble domotica om een veeleisend cli\u00ebnteel aan te spreken.","breadcrumb":{"@id":"https:\/\/dotix.be\/nl\/projectontwikkelaars\/#breadcrumb"},"inLanguage":"nl-NL","potentialAction":[{"@type":"ReadAction","target":["https:\/\/dotix.be\/nl\/projectontwikkelaars\/"]}]},{"@type":"ImageObject","inLanguage":"nl-NL","@id":"https:\/\/dotix.be\/nl\/projectontwikkelaars\/#primaryimage","url":"https:\/\/dotix.be\/wp-content\/uploads\/2025\/05\/ba4da49af629eba72ba29ccee769f136a328bce1_lwsoptimized.webp","contentUrl":"https:\/\/dotix.be\/wp-content\/uploads\/2025\/05\/ba4da49af629eba72ba29ccee769f136a328bce1_lwsoptimized.webp","width":1920,"height":1280,"caption":"Domotique intuitive et \u00e9l\u00e9gante"},{"@type":"BreadcrumbList","@id":"https:\/\/dotix.be\/nl\/projectontwikkelaars\/#breadcrumb","itemListElement":[{"@type":"ListItem","position":1,"name":"Home","item":"https:\/\/dotix.be\/nl\/"},{"@type":"ListItem","position":2,"name":"Projectontwikkelaars"}]},{"@type":"WebSite","@id":"https:\/\/dotix.be\/nl\/#website","url":"https:\/\/dotix.be\/nl\/","name":"Dotix","description":"","publisher":{"@id":"https:\/\/dotix.be\/nl\/#organization"},"potentialAction":[{"@type":"SearchAction","target":{"@type":"EntryPoint","urlTemplate":"https:\/\/dotix.be\/nl\/?s={search_term_string}"},"query-input":{"@type":"PropertyValueSpecification","valueRequired":true,"valueName":"search_term_string"}}],"inLanguage":"nl-NL"},{"@type":"Organization","@id":"https:\/\/dotix.be\/nl\/#organization","name":"Dotix","url":"https:\/\/dotix.be\/nl\/","logo":{"@type":"ImageObject","inLanguage":"nl-NL","@id":"https:\/\/dotix.be\/nl\/#\/schema\/logo\/image\/","url":"https:\/\/dotix.be\/wp-content\/uploads\/2025\/05\/logo.svg","contentUrl":"https:\/\/dotix.be\/wp-content\/uploads\/2025\/05\/logo.svg","width":1,"height":1,"caption":"Dotix"},"image":{"@id":"https:\/\/dotix.be\/nl\/#\/schema\/logo\/image\/"}}]}},"_links":{"self":[{"href":"https:\/\/dotix.be\/nl\/wp-json\/wp\/v2\/pages\/1133","targetHints":{"allow":["GET"]}}],"collection":[{"href":"https:\/\/dotix.be\/nl\/wp-json\/wp\/v2\/pages"}],"about":[{"href":"https:\/\/dotix.be\/nl\/wp-json\/wp\/v2\/types\/page"}],"author":[{"embeddable":true,"href":"https:\/\/dotix.be\/nl\/wp-json\/wp\/v2\/users\/1"}],"replies":[{"embeddable":true,"href":"https:\/\/dotix.be\/nl\/wp-json\/wp\/v2\/comments?post=1133"}],"version-history":[{"count":9,"href":"https:\/\/dotix.be\/nl\/wp-json\/wp\/v2\/pages\/1133\/revisions"}],"predecessor-version":[{"id":1602,"href":"https:\/\/dotix.be\/nl\/wp-json\/wp\/v2\/pages\/1133\/revisions\/1602"}],"wp:featuredmedia":[{"embeddable":true,"href":"https:\/\/dotix.be\/nl\/wp-json\/wp\/v2\/media\/623"}],"wp:attachment":[{"href":"https:\/\/dotix.be\/nl\/wp-json\/wp\/v2\/media?parent=1133"}],"curies":[{"name":"wp","href":"https:\/\/api.w.org\/{rel}","templated":true}]}}