{"id":1130,"date":"2025-05-15T12:36:16","date_gmt":"2025-05-15T10:36:16","guid":{"rendered":"https:\/\/dotix.be\/hotellerie\/"},"modified":"2025-07-02T09:11:32","modified_gmt":"2025-07-02T07:11:32","slug":"hotelwezen","status":"publish","type":"page","link":"https:\/\/dotix.be\/nl\/hotelwezen\/","title":{"rendered":"Hotelwezen"},"content":{"rendered":"<div class='breakdance'><section class=\"bde-section-1130-121 bde-section gr\">\n  \n  \n\t\n\n\n\n<div class=\"section-container\"><div class=\"bde-div-1130-122 bde-div\" data-parallax=\"true\">\n  \n  \n\t\n\n\n\n<img type=\"image\/webp\" class=\"bde-image2-1130-123 bde-image2 lws-optimize-lazyload\"  alt=\"Solutions domotiques personnalis\u00e9es\" loading=\"lazy\" srcset=\"https:\/\/dotix.be\/wp-content\/uploads\/2025\/05\/f7c70f2162f420350f9cc35bf60378d680ab3939.webp 1920w, https:\/\/dotix.be\/wp-content\/uploads\/2025\/05\/f7c70f2162f420350f9cc35bf60378d680ab3939-300x225.webp 300w, https:\/\/dotix.be\/wp-content\/uploads\/2025\/05\/f7c70f2162f420350f9cc35bf60378d680ab3939-1024x768.webp 1024w, https:\/\/dotix.be\/wp-content\/uploads\/2025\/05\/f7c70f2162f420350f9cc35bf60378d680ab3939-768x576.webp 768w, https:\/\/dotix.be\/wp-content\/uploads\/2025\/05\/f7c70f2162f420350f9cc35bf60378d680ab3939-1536x1152.webp 1536w\" sizes=\"(max-width: 1920px) 100vw, 1920px\" data-src=\"https:\/\/dotix.be\/wp-content\/uploads\/2025\/05\/f7c70f2162f420350f9cc35bf60378d680ab3939.webp\">\n<\/div><\/div>\n<\/section><section class=\"bde-section-1130-100 bde-section gr\">\n  \n  \n\t\n\n\n\n<div class=\"section-container\"><div class=\"bde-div-1130-101 bde-div\">\n  \n  \n\t\n\n\n\n<div class=\"bde-text-1130-102 bde-text\">\nDotix ontwerpt maatwerkoplossingen voor premium hotels die comfort, elegantie en effici\u00ebntie combineren. Onze discrete en krachtige technologie\u00ebn verbeteren de klantbeleving en optimaliseren het beheer van uw ruimtes.\n<\/div><div class=\"bde-button-1130-103 bde-button\">\n    \n                                    \n    \n    \n    \n    \n            \n                    \n            \n            \n\n    \n    \n    \n    \n    \n    <a class=\"breakdance-link button-atom button-atom--primary bde-button__button\" href=\"https:\/\/dotix.be\/nl\/plan-een-gesprek-in\/\" target=\"_self\" data-type=\"url\"  >\n\n    \n        <span class=\"button-atom__text\">Plan een gesprek in<\/span>\n\n        \n        \n                <\/a>\n\n    \n\n\n<\/div>\n<\/div><div class=\"bde-columns-1130-104 bde-columns\"><div class=\"bde-column-1130-105 bde-column\">\n  \n  \n\t\n\n\n\n<style>.breakdance .bde-div-1130-106{background-color:var(--bde-background-color)}<\/style><div class=\"bde-div-1130-106 bde-div\">\n  \n  \n\t\n\n\n\n<h3 class=\"bde-heading-1130-107 bde-heading\">\nInnovatieve technologie\u00ebn en geoptimaliseerd beheer\n<\/h3><div class=\"bde-text-1130-108 bde-text\">\nOnze verbonden oplossingen vergemakkelijken het beheer van kamers en gemeenschappelijke ruimtes, terwijl ze uw energie- en operationele kosten verlagen.\n<\/div><a class=\"bde-text-link-1130-109 bde-text-link breakdance-link\" href=\"https:\/\/dotix.be\/nl\/residentiele-domotica\/\" target=\"_self\" data-type=\"url\">\n  Ontdek onze technologie\u00ebn speciaal voor hotels\n\n<\/a>\n<\/div>\n<\/div><div class=\"bde-column-1130-110 bde-column\">\n  \n  \n\t\n\n\n\n<style>.breakdance .bde-div-1130-111{background-color:var(--bde-background-color)}<\/style><div class=\"bde-div-1130-111 bde-div\">\n  \n  \n\t\n\n\n\n<h3 class=\"bde-heading-1130-112 bde-heading\">\nEen unieke klantbeleving\n<\/h3><div class=\"bde-text-1130-113 bde-text\">\nDankzij onze gepersonaliseerde oplossingen genieten uw gasten van een intu\u00eftieve bediening van hun kamer: verlichting, geluidssfeer, temperatuur en gordijnen. Elk detail is ontworpen voor een memorabel verblijf.\n<\/div><a class=\"bde-text-link-1130-114 bde-text-link breakdance-link\" href=\"https:\/\/dotix.be\/nl\/residentiele-domotica\/\" target=\"_self\" data-type=\"url\">\n  Ontdek hoe u de klantbeleving kunt verbeteren\n\n<\/a>\n<\/div><style>.breakdance .bde-div-1130-115{background-color:var(--bde-background-color)}<\/style><div class=\"bde-div-1130-115 bde-div\">\n  \n  \n\t\n\n\n\n<h3 class=\"bde-heading-1130-116 bde-heading\">\nBegeleiding en discrete integratie\n<\/h3><div class=\"bde-text-1130-117 bde-text\">\nDotix werkt nauw met u samen om haar oplossingen harmonieus te integreren in de architectuur en het design van uw hotel, zonder concessies te doen aan de esthetiek.\n<\/div><a class=\"bde-text-link-1130-118 bde-text-link breakdance-link\" href=\"https:\/\/dotix.be\/nl\/plan-een-gesprek-in\/\" target=\"_self\" data-type=\"url\">\n  Plan een afspraak in\n\n<\/a>\n<\/div>\n<\/div><\/div><div class=\"bde-div-1130-119 bde-div\" data-parallax=\"true\">\n  \n  \n\t\n\n\n\n<img type=\"image\/webp\" class=\"bde-image2-1130-120 bde-image2 lws-optimize-lazyload\"  alt=\"Maison surveill\u00e9e intelligemment\" loading=\"lazy\" srcset=\"https:\/\/dotix.be\/wp-content\/uploads\/2025\/05\/40e78558988f714f30caf0366803d7e3768531d3.webp 1920w, https:\/\/dotix.be\/wp-content\/uploads\/2025\/05\/40e78558988f714f30caf0366803d7e3768531d3-300x225.webp 300w, https:\/\/dotix.be\/wp-content\/uploads\/2025\/05\/40e78558988f714f30caf0366803d7e3768531d3-1024x768.webp 1024w, https:\/\/dotix.be\/wp-content\/uploads\/2025\/05\/40e78558988f714f30caf0366803d7e3768531d3-768x576.webp 768w, https:\/\/dotix.be\/wp-content\/uploads\/2025\/05\/40e78558988f714f30caf0366803d7e3768531d3-1536x1152.webp 1536w\" sizes=\"(max-width: 1920px) 100vw, 1920px\" data-src=\"https:\/\/dotix.be\/wp-content\/uploads\/2025\/05\/40e78558988f714f30caf0366803d7e3768531d3.webp\">\n<\/div><\/div>\n<\/section><section class=\"bde-section-1130-124 bde-section gr\">\n  \n  \n\t\n\n\n\n<div class=\"section-container\"><div class=\"bde-div-1130-125 bde-div\">\n  \n  \n\t\n\n\n\n<div class=\"bde-text-1130-126 bde-text\">\nOplossingen\n<\/div><h2 class=\"bde-heading-1130-127 bde-heading\">\nOnze domotica-oplossingen voor premium hotels\n<\/h2><div class=\"bde-rich-text-1130-128 bde-rich-text breakdance-rich-text-styles\">\n<p>Bij Dotix wordt elke oplossing ontworpen om te voldoen aan de verwachtingen van veeleisende klanten en de behoeften van hotelbeheerders.<\/p>\n<\/div>\n<\/div><div class=\"bde-div-1130-130 bde-div\">\n  \n  \n\t\n\n\n\n<ul class=\"bde-div-1130-137 bde-div\">\n  \n  \n\t\n\n\n\n<li class=\"bde-div-1130-138 bde-div\">\n              \n  \n  \n\t\n\n  <div class=\"section-background-overlay\"><\/div>\n\n\n<h3 class=\"bde-heading-1130-139 bde-heading\">\nComfort\n<\/h3><div class=\"bde-text-1130-140 bde-text\">\nGeef uw gasten de mogelijkheid om hun verblijf te personaliseren met intu\u00eftieve bediening voor een luxueuze ervaring.\n<\/div><a class=\"bde-text-link-1130-141 bde-text-link breakdance-link\" href=\"https:\/\/dotix.be\/nl\/residentiele-domotica\/comfort\/\" target=\"_self\" data-type=\"url\">\n  <span class=\"sr-only\">En savoir plus<\/span>\n\n<\/a><div class=\"bde-text-1130-142 bde-text link\">\nMeer weten\n<\/div>\n<\/li><li class=\"bde-div-1130-143 bde-div\">\n              \n  \n  \n\t\n\n  <div class=\"section-background-overlay\"><\/div>\n\n\n<h3 class=\"bde-heading-1130-144 bde-heading\">\n<p>Veiligheid<\/p>\n<\/h3><div class=\"bde-text-1130-145 bde-text\">\nVersterk de veiligheid van uw hotel met discrete en effectieve systemen die voldoen aan de hoogste normen.\n<\/div><a class=\"bde-text-link-1130-146 bde-text-link breakdance-link\" href=\"https:\/\/dotix.be\/nl\/residentiele-domotica\/veiligheid\/\" target=\"_self\" data-type=\"url\">\n  <span class=\"sr-only\">En savoir plus<\/span>\n\n<\/a><div class=\"bde-text-1130-147 bde-text link\">\nMeer weten\n<\/div>\n<\/li><li class=\"bde-div-1130-148 bde-div\">\n              \n  \n  \n\t\n\n  <div class=\"section-background-overlay\"><\/div>\n\n\n<h3 class=\"bde-heading-1130-149 bde-heading\">\nEnergiebeheer\n<\/h3><div class=\"bde-text-1130-150 bde-text\">\nOptimaliseer uw middelen en garandeer optimaal comfort met milieuvriendelijke oplossingen.\n<\/div><a class=\"bde-text-link-1130-151 bde-text-link breakdance-link\" href=\"https:\/\/dotix.be\/nl\/residentiele-domotica\/verbruiksopvolging-energie\/\" target=\"_self\" data-type=\"url\">\n  <span class=\"sr-only\">En savoir plus<\/span>\n\n<\/a><div class=\"bde-text-1130-152 bde-text link\">\nMeer weten\n<\/div>\n<\/li><li class=\"bde-div-1130-153 bde-div\">\n              \n  \n  \n\t\n\n  <div class=\"section-background-overlay\"><\/div>\n\n\n<h3 class=\"bde-heading-1130-154 bde-heading\">\n<p>Bio-elektriciteit<\/p>\n<\/h3><div class=\"bde-text-1130-155 bde-text\">\nMaak het verschil door kamers aan te bieden die het welzijn respecteren en de blootstelling aan elektromagnetische straling beperken.\n<\/div><a class=\"bde-text-link-1130-156 bde-text-link breakdance-link\" href=\"https:\/\/dotix.be\/nl\/bio-elektriciteit\/\" target=\"_self\" data-type=\"url\">\n  <span class=\"sr-only\">En savoir plus<\/span>\n\n<\/a><div class=\"bde-text-1130-157 bde-text link\">\nMeer weten\n<\/div>\n<\/li>\n<\/ul>\n<\/div><\/div>\n<\/section><section class=\"bde-section-1130-132 bde-section gr\">\n  \n  \n\t\n\n\n\n<div class=\"section-container\"><div class=\"bde-div-1130-133 bde-div\" data-bde-lazy-bg=\"waiting\">\n              \n  \n        \n    \n\t\n\n  <div class=\"section-background-overlay\"><\/div>\n\n\n\n<\/div><div class=\"bde-div-1130-134 bde-div\">\n  \n  \n\t\n\n\n\n<h2 class=\"bde-heading-1130-135 bde-heading\">\nPlan een afspraak met onze experts om te ontdekken hoe Dotix de beleving van uw gasten kan verrijken en tegelijk uw beheer kan optimaliseren.\n<\/h2><div class=\"bde-globalblock-1130-136 bde-globalblock\">\n<div class='breakdance'><div class=\"bde-button-1353-100-1353-1 bde-button bde-button-1353-100\">\n    \n                                    \n    \n    \n    \n    \n            \n                    \n            \n            \n\n    \n    \n    \n    \n    \n    <a class=\"breakdance-link button-atom button-atom--primary bde-button__button\" href=\"https:\/\/dotix.be\/nl\/plan-een-gesprek-in\/\" target=\"_self\" data-type=\"url\"  >\n\n    \n        <span class=\"button-atom__text\">Plan een gesprek in<\/span>\n\n        \n        \n                <\/a>\n\n    \n\n\n<\/div><\/div>\n<\/div>\n<\/div><\/div>\n<\/section><\/div>","protected":false},"excerpt":{"rendered":"<p>Dotix ontwerpt maatwerkoplossingen voor premium hotels die comfort, elegantie en effici\u00ebntie combineren. Onze discrete en krachtige technologie\u00ebn verbeteren de klantbeleving en optimaliseren het beheer van uw ruimtes. Plan een gesprek in Innovatieve technologie\u00ebn en geoptimaliseerd beheer Onze verbonden oplossingen vergemakkelijken het beheer van kamers en gemeenschappelijke ruimtes, terwijl ze uw energie- en operationele kosten verlagen. [&hellip;]<\/p>\n","protected":false},"author":1,"featured_media":629,"parent":0,"menu_order":0,"comment_status":"closed","ping_status":"closed","template":"template-block.php","meta":{"_acf_changed":false,"_breakdance_hide_in_design_set":false,"_breakdance_tags":"","footnotes":""},"class_list":["post-1130","page","type-page","status-publish","has-post-thumbnail","hentry"],"acf":[],"yoast_head":"<!-- This site is optimized with the Yoast SEO plugin v25.1 - https:\/\/yoast.com\/wordpress\/plugins\/seo\/ -->\n<title>Domotica voor luxe hotels | Unieke ervaring | Dotix<\/title>\n<meta name=\"description\" content=\"Dotix cre\u00ebert memorabele hotelervaringen met discrete, naadloze en intu\u00eftieve domotica, ontworpen voor moeiteloos comfort.\" \/>\n<meta name=\"robots\" content=\"index, follow, max-snippet:-1, max-image-preview:large, max-video-preview:-1\" \/>\n<link rel=\"canonical\" href=\"https:\/\/dotix.be\/nl\/hotelwezen\/\" \/>\n<meta property=\"og:locale\" content=\"nl_NL\" \/>\n<meta property=\"og:type\" content=\"article\" \/>\n<meta property=\"og:title\" content=\"Domotica voor luxe hotels | Unieke ervaring | Dotix\" \/>\n<meta property=\"og:description\" content=\"Dotix cre\u00ebert memorabele hotelervaringen met discrete, naadloze en intu\u00eftieve domotica, ontworpen voor moeiteloos comfort.\" \/>\n<meta property=\"og:url\" content=\"https:\/\/dotix.be\/nl\/hotelwezen\/\" \/>\n<meta property=\"og:site_name\" content=\"Dotix\" \/>\n<meta property=\"article:modified_time\" content=\"2025-07-02T07:11:32+00:00\" \/>\n<meta property=\"og:image\" content=\"https:\/\/dotix.be\/wp-content\/uploads\/2025\/05\/AdobeStock_353150054.webp\" \/>\n\t<meta property=\"og:image:width\" content=\"1920\" \/>\n\t<meta property=\"og:image:height\" content=\"640\" \/>\n\t<meta property=\"og:image:type\" content=\"image\/webp\" \/>\n<meta name=\"twitter:card\" content=\"summary_large_image\" \/>\n<meta name=\"twitter:label1\" content=\"Geschatte leestijd\" \/>\n\t<meta name=\"twitter:data1\" content=\"3 minuten\" \/>\n<script type=\"application\/ld+json\" class=\"yoast-schema-graph\">{\"@context\":\"https:\/\/schema.org\",\"@graph\":[{\"@type\":\"WebPage\",\"@id\":\"https:\/\/dotix.be\/nl\/hotelwezen\/\",\"url\":\"https:\/\/dotix.be\/nl\/hotelwezen\/\",\"name\":\"Domotica voor luxe hotels | Unieke ervaring | Dotix\",\"isPartOf\":{\"@id\":\"https:\/\/dotix.be\/nl\/#website\"},\"primaryImageOfPage\":{\"@id\":\"https:\/\/dotix.be\/nl\/hotelwezen\/#primaryimage\"},\"image\":{\"@id\":\"https:\/\/dotix.be\/nl\/hotelwezen\/#primaryimage\"},\"thumbnailUrl\":\"https:\/\/dotix.be\/wp-content\/uploads\/2025\/05\/AdobeStock_353150054_lwsoptimized.webp\",\"datePublished\":\"2025-05-15T10:36:16+00:00\",\"dateModified\":\"2025-07-02T07:11:32+00:00\",\"description\":\"Dotix cre\u00ebert memorabele hotelervaringen met discrete, naadloze en intu\u00eftieve domotica, ontworpen voor moeiteloos comfort.\",\"breadcrumb\":{\"@id\":\"https:\/\/dotix.be\/nl\/hotelwezen\/#breadcrumb\"},\"inLanguage\":\"nl-NL\",\"potentialAction\":[{\"@type\":\"ReadAction\",\"target\":[\"https:\/\/dotix.be\/nl\/hotelwezen\/\"]}]},{\"@type\":\"ImageObject\",\"inLanguage\":\"nl-NL\",\"@id\":\"https:\/\/dotix.be\/nl\/hotelwezen\/#primaryimage\",\"url\":\"https:\/\/dotix.be\/wp-content\/uploads\/2025\/05\/AdobeStock_353150054_lwsoptimized.webp\",\"contentUrl\":\"https:\/\/dotix.be\/wp-content\/uploads\/2025\/05\/AdobeStock_353150054_lwsoptimized.webp\",\"width\":1920,\"height\":640,\"caption\":\"Habitat sain et connect\u00e9\"},{\"@type\":\"BreadcrumbList\",\"@id\":\"https:\/\/dotix.be\/nl\/hotelwezen\/#breadcrumb\",\"itemListElement\":[{\"@type\":\"ListItem\",\"position\":1,\"name\":\"Home\",\"item\":\"https:\/\/dotix.be\/nl\/\"},{\"@type\":\"ListItem\",\"position\":2,\"name\":\"Hotelwezen\"}]},{\"@type\":\"WebSite\",\"@id\":\"https:\/\/dotix.be\/nl\/#website\",\"url\":\"https:\/\/dotix.be\/nl\/\",\"name\":\"Dotix\",\"description\":\"\",\"publisher\":{\"@id\":\"https:\/\/dotix.be\/nl\/#organization\"},\"potentialAction\":[{\"@type\":\"SearchAction\",\"target\":{\"@type\":\"EntryPoint\",\"urlTemplate\":\"https:\/\/dotix.be\/nl\/?s={search_term_string}\"},\"query-input\":{\"@type\":\"PropertyValueSpecification\",\"valueRequired\":true,\"valueName\":\"search_term_string\"}}],\"inLanguage\":\"nl-NL\"},{\"@type\":\"Organization\",\"@id\":\"https:\/\/dotix.be\/nl\/#organization\",\"name\":\"Dotix\",\"url\":\"https:\/\/dotix.be\/nl\/\",\"logo\":{\"@type\":\"ImageObject\",\"inLanguage\":\"nl-NL\",\"@id\":\"https:\/\/dotix.be\/nl\/#\/schema\/logo\/image\/\",\"url\":\"https:\/\/dotix.be\/wp-content\/uploads\/2025\/05\/logo.svg\",\"contentUrl\":\"https:\/\/dotix.be\/wp-content\/uploads\/2025\/05\/logo.svg\",\"width\":1,\"height\":1,\"caption\":\"Dotix\"},\"image\":{\"@id\":\"https:\/\/dotix.be\/nl\/#\/schema\/logo\/image\/\"}}]}<\/script>\n<!-- \/ Yoast SEO plugin. -->","yoast_head_json":{"title":"Domotica voor luxe hotels | Unieke ervaring | Dotix","description":"Dotix cre\u00ebert memorabele hotelervaringen met discrete, naadloze en intu\u00eftieve domotica, ontworpen voor moeiteloos comfort.","robots":{"index":"index","follow":"follow","max-snippet":"max-snippet:-1","max-image-preview":"max-image-preview:large","max-video-preview":"max-video-preview:-1"},"canonical":"https:\/\/dotix.be\/nl\/hotelwezen\/","og_locale":"nl_NL","og_type":"article","og_title":"Domotica voor luxe hotels | Unieke ervaring | Dotix","og_description":"Dotix cre\u00ebert memorabele hotelervaringen met discrete, naadloze en intu\u00eftieve domotica, ontworpen voor moeiteloos comfort.","og_url":"https:\/\/dotix.be\/nl\/hotelwezen\/","og_site_name":"Dotix","article_modified_time":"2025-07-02T07:11:32+00:00","og_image":[{"width":1920,"height":640,"url":"https:\/\/dotix.be\/wp-content\/uploads\/2025\/05\/AdobeStock_353150054.webp","type":"image\/webp"}],"twitter_card":"summary_large_image","twitter_misc":{"Geschatte leestijd":"3 minuten"},"schema":{"@context":"https:\/\/schema.org","@graph":[{"@type":"WebPage","@id":"https:\/\/dotix.be\/nl\/hotelwezen\/","url":"https:\/\/dotix.be\/nl\/hotelwezen\/","name":"Domotica voor luxe hotels | Unieke ervaring | Dotix","isPartOf":{"@id":"https:\/\/dotix.be\/nl\/#website"},"primaryImageOfPage":{"@id":"https:\/\/dotix.be\/nl\/hotelwezen\/#primaryimage"},"image":{"@id":"https:\/\/dotix.be\/nl\/hotelwezen\/#primaryimage"},"thumbnailUrl":"https:\/\/dotix.be\/wp-content\/uploads\/2025\/05\/AdobeStock_353150054_lwsoptimized.webp","datePublished":"2025-05-15T10:36:16+00:00","dateModified":"2025-07-02T07:11:32+00:00","description":"Dotix cre\u00ebert memorabele hotelervaringen met discrete, naadloze en intu\u00eftieve domotica, ontworpen voor moeiteloos comfort.","breadcrumb":{"@id":"https:\/\/dotix.be\/nl\/hotelwezen\/#breadcrumb"},"inLanguage":"nl-NL","potentialAction":[{"@type":"ReadAction","target":["https:\/\/dotix.be\/nl\/hotelwezen\/"]}]},{"@type":"ImageObject","inLanguage":"nl-NL","@id":"https:\/\/dotix.be\/nl\/hotelwezen\/#primaryimage","url":"https:\/\/dotix.be\/wp-content\/uploads\/2025\/05\/AdobeStock_353150054_lwsoptimized.webp","contentUrl":"https:\/\/dotix.be\/wp-content\/uploads\/2025\/05\/AdobeStock_353150054_lwsoptimized.webp","width":1920,"height":640,"caption":"Habitat sain et connect\u00e9"},{"@type":"BreadcrumbList","@id":"https:\/\/dotix.be\/nl\/hotelwezen\/#breadcrumb","itemListElement":[{"@type":"ListItem","position":1,"name":"Home","item":"https:\/\/dotix.be\/nl\/"},{"@type":"ListItem","position":2,"name":"Hotelwezen"}]},{"@type":"WebSite","@id":"https:\/\/dotix.be\/nl\/#website","url":"https:\/\/dotix.be\/nl\/","name":"Dotix","description":"","publisher":{"@id":"https:\/\/dotix.be\/nl\/#organization"},"potentialAction":[{"@type":"SearchAction","target":{"@type":"EntryPoint","urlTemplate":"https:\/\/dotix.be\/nl\/?s={search_term_string}"},"query-input":{"@type":"PropertyValueSpecification","valueRequired":true,"valueName":"search_term_string"}}],"inLanguage":"nl-NL"},{"@type":"Organization","@id":"https:\/\/dotix.be\/nl\/#organization","name":"Dotix","url":"https:\/\/dotix.be\/nl\/","logo":{"@type":"ImageObject","inLanguage":"nl-NL","@id":"https:\/\/dotix.be\/nl\/#\/schema\/logo\/image\/","url":"https:\/\/dotix.be\/wp-content\/uploads\/2025\/05\/logo.svg","contentUrl":"https:\/\/dotix.be\/wp-content\/uploads\/2025\/05\/logo.svg","width":1,"height":1,"caption":"Dotix"},"image":{"@id":"https:\/\/dotix.be\/nl\/#\/schema\/logo\/image\/"}}]}},"_links":{"self":[{"href":"https:\/\/dotix.be\/nl\/wp-json\/wp\/v2\/pages\/1130","targetHints":{"allow":["GET"]}}],"collection":[{"href":"https:\/\/dotix.be\/nl\/wp-json\/wp\/v2\/pages"}],"about":[{"href":"https:\/\/dotix.be\/nl\/wp-json\/wp\/v2\/types\/page"}],"author":[{"embeddable":true,"href":"https:\/\/dotix.be\/nl\/wp-json\/wp\/v2\/users\/1"}],"replies":[{"embeddable":true,"href":"https:\/\/dotix.be\/nl\/wp-json\/wp\/v2\/comments?post=1130"}],"version-history":[{"count":7,"href":"https:\/\/dotix.be\/nl\/wp-json\/wp\/v2\/pages\/1130\/revisions"}],"predecessor-version":[{"id":1603,"href":"https:\/\/dotix.be\/nl\/wp-json\/wp\/v2\/pages\/1130\/revisions\/1603"}],"wp:featuredmedia":[{"embeddable":true,"href":"https:\/\/dotix.be\/nl\/wp-json\/wp\/v2\/media\/629"}],"wp:attachment":[{"href":"https:\/\/dotix.be\/nl\/wp-json\/wp\/v2\/media?parent=1130"}],"curies":[{"name":"wp","href":"https:\/\/api.w.org\/{rel}","templated":true}]}}