{"id":1128,"date":"2025-05-12T07:07:03","date_gmt":"2025-05-12T05:07:03","guid":{"rendered":"https:\/\/dotix.be\/bioelectricite\/"},"modified":"2025-07-02T09:11:17","modified_gmt":"2025-07-02T07:11:17","slug":"bio-elektriciteit","status":"publish","type":"page","link":"https:\/\/dotix.be\/nl\/bio-elektriciteit\/","title":{"rendered":"Bio-elektriciteit"},"content":{"rendered":"<div class='breakdance'><section class=\"bde-section-1128-100 bde-section gr\">\n  \n  \n\t\n\n\n\n<div class=\"section-container\"><div class=\"bde-div-1128-101 bde-div\">\n  \n  \n\t\n\n\n\n<div class=\"bde-text-1128-102 bde-text\">\nVoordelen\n<\/div><h2 class=\"bde-heading-1128-103 bde-heading\">\nOns aanbod aan mogelijkheden\n<\/h2><div class=\"bde-checkmark-list-1128-111 bde-checkmark-list\">\n<ul>\n  \n              \n              \n    <li>\n      <span class='bde-checkmark-list__icon bde-checkmark-list__icon_yes '>\n                  <svg xmlns=\"http:\/\/www.w3.org\/2000\/svg\" width=\"16\" height=\"13\" viewBox=\"0 0 16 13\" fill=\"none\">\r\n<path d=\"M15.7539 1.61133L6.67676 12.0449L0 4.37012L0.753906 3.71387L6.67676 10.5215L15 0.955078L15.7539 1.61133Z\" fill=\"#D7B665\"\/>\r\n<\/svg>\n              <\/span>\n      <div >\n        Installatie van elektrische circuits met lage elektromagnetische uitstoot<br>(om blootstelling aan elektrische en magnetische velden in leefruimtes te beperken)\n      <\/div>\n\n    <\/li>\n\n  \n              \n              \n    <li>\n      <span class='bde-checkmark-list__icon bde-checkmark-list__icon_yes '>\n                  <svg xmlns=\"http:\/\/www.w3.org\/2000\/svg\" width=\"16\" height=\"13\" viewBox=\"0 0 16 13\" fill=\"none\">\r\n<path d=\"M15.7539 1.61133L6.67676 12.0449L0 4.37012L0.753906 3.71387L6.67676 10.5215L15 0.955078L15.7539 1.61133Z\" fill=\"#D7B665\"\/>\r\n<\/svg>\n              <\/span>\n      <div >\n        Gebruik van afgeschermde kabels<br>(vermindering van elektromagnetische golven rond gevoelige zones zoals slaapkamers)\n      <\/div>\n\n    <\/li>\n\n  \n              \n              \n    <li>\n      <span class='bde-checkmark-list__icon bde-checkmark-list__icon_yes '>\n                  <svg xmlns=\"http:\/\/www.w3.org\/2000\/svg\" width=\"16\" height=\"13\" viewBox=\"0 0 16 13\" fill=\"none\">\r\n<path d=\"M15.7539 1.61133L6.67676 12.0449L0 4.37012L0.753906 3.71387L6.67676 10.5215L15 0.955078L15.7539 1.61133Z\" fill=\"#D7B665\"\/>\r\n<\/svg>\n              <\/span>\n      <div >\n        Plaatsing van automatische veldschakelaars<br>(uitschakeling van stroom in bepaalde kamers \u2019s nachts om de slaapkwaliteit te verbeteren)\n      <\/div>\n\n    <\/li>\n\n  \n              \n              \n    <li>\n      <span class='bde-checkmark-list__icon bde-checkmark-list__icon_yes '>\n                  <svg xmlns=\"http:\/\/www.w3.org\/2000\/svg\" width=\"16\" height=\"13\" viewBox=\"0 0 16 13\" fill=\"none\">\r\n<path d=\"M15.7539 1.61133L6.67676 12.0449L0 4.37012L0.753906 3.71387L6.67676 10.5215L15 0.955078L15.7539 1.61133Z\" fill=\"#D7B665\"\/>\r\n<\/svg>\n              <\/span>\n      <div >\n        Analyse en meting van elektromagnetische velden<br>(on-site audit met professioneel materiaal om blootstellingsbronnen te identificeren)\n      <\/div>\n\n    <\/li>\n\n  \n              \n              \n    <li>\n      <span class='bde-checkmark-list__icon bde-checkmark-list__icon_yes '>\n                  <svg xmlns=\"http:\/\/www.w3.org\/2000\/svg\" width=\"16\" height=\"13\" viewBox=\"0 0 16 13\" fill=\"none\">\r\n<path d=\"M15.7539 1.61133L6.67676 12.0449L0 4.37012L0.753906 3.71387L6.67676 10.5215L15 0.955078L15.7539 1.61133Z\" fill=\"#D7B665\"\/>\r\n<\/svg>\n              <\/span>\n      <div >\n        Geoptimaliseerde aarding oplossingen<br>(voor een veilige installatie met minder elektromagnetische impact)\n      <\/div>\n\n    <\/li>\n\n  \n              \n              \n    <li>\n      <span class='bde-checkmark-list__icon bde-checkmark-list__icon_yes '>\n                  <svg xmlns=\"http:\/\/www.w3.org\/2000\/svg\" width=\"16\" height=\"13\" viewBox=\"0 0 16 13\" fill=\"none\">\r\n<path d=\"M15.7539 1.61133L6.67676 12.0449L0 4.37012L0.753906 3.71387L6.67676 10.5215L15 0.955078L15.7539 1.61133Z\" fill=\"#D7B665\"\/>\r\n<\/svg>\n              <\/span>\n      <div >\n        Elektrische inrichting aangepast aan elektrosensitieve personen<br>(maatwerk en begeleiding bij het beheren van hun omgeving)\n      <\/div>\n\n    <\/li>\n\n  \n              \n              \n    <li>\n      <span class='bde-checkmark-list__icon bde-checkmark-list__icon_yes '>\n                  <svg xmlns=\"http:\/\/www.w3.org\/2000\/svg\" width=\"16\" height=\"13\" viewBox=\"0 0 16 13\" fill=\"none\">\r\n<path d=\"M15.7539 1.61133L6.67676 12.0449L0 4.37012L0.753906 3.71387L6.67676 10.5215L15 0.955078L15.7539 1.61133Z\" fill=\"#D7B665\"\/>\r\n<\/svg>\n              <\/span>\n      <div >\n        Advies over domotica en WiFi-installatie volgens een lage-emissie benadering<br>(strategische keuze van locaties en protocollen om blootstelling te beperken)\n      <\/div>\n\n    <\/li>\n\n  \n              \n              \n    <li>\n      <span class='bde-checkmark-list__icon bde-checkmark-list__icon_yes '>\n                  <svg xmlns=\"http:\/\/www.w3.org\/2000\/svg\" width=\"16\" height=\"13\" viewBox=\"0 0 16 13\" fill=\"none\">\r\n<path d=\"M15.7539 1.61133L6.67676 12.0449L0 4.37012L0.753906 3.71387L6.67676 10.5215L15 0.955078L15.7539 1.61133Z\" fill=\"#D7B665\"\/>\r\n<\/svg>\n              <\/span>\n      <div >\n        Integratie van systemen voor automatische energie- en golfbeheer<br>(routines die emissiebronnen uitschakelen buiten gebruiksuren)\n      <\/div>\n\n    <\/li>\n\n  <\/ul>\n\n<\/div>\n<\/div><div class=\"bde-div-1128-106 bde-div\">\n  \n  \n\t\n\n\n\n<img type=\"image\/webp\" class=\"bde-image2-1128-108 bde-image2 lws-optimize-lazyload\"  alt=\"Dotix, connect\" loading=\"lazy\" srcset=\"https:\/\/dotix.be\/wp-content\/uploads\/2025\/05\/shutterstock_2152582703.webp 1920w, https:\/\/dotix.be\/wp-content\/uploads\/2025\/05\/shutterstock_2152582703-300x200.webp 300w, https:\/\/dotix.be\/wp-content\/uploads\/2025\/05\/shutterstock_2152582703-1024x684.webp 1024w, https:\/\/dotix.be\/wp-content\/uploads\/2025\/05\/shutterstock_2152582703-768x513.webp 768w, https:\/\/dotix.be\/wp-content\/uploads\/2025\/05\/shutterstock_2152582703-1536x1026.webp 1536w\" sizes=\"(max-width: 1920px) 100vw, 1920px\" data-src=\"https:\/\/dotix.be\/wp-content\/uploads\/2025\/05\/shutterstock_2152582703.webp\"><img type=\"image\/webp\" class=\"bde-image2-1128-109 bde-image2 lws-optimize-lazyload\"  alt=\"Bio\u00e9l\u00e9ctricit\u00e9 et domotique r\u00e9sidentielle\" loading=\"lazy\" srcset=\"https:\/\/dotix.be\/wp-content\/uploads\/2025\/05\/bioelectricite-dotix-scaled.jpeg 2560w, https:\/\/dotix.be\/wp-content\/uploads\/2025\/05\/bioelectricite-dotix-300x200.jpeg 300w, https:\/\/dotix.be\/wp-content\/uploads\/2025\/05\/bioelectricite-dotix-1024x683.jpeg 1024w, https:\/\/dotix.be\/wp-content\/uploads\/2025\/05\/bioelectricite-dotix-768x512.jpeg 768w, https:\/\/dotix.be\/wp-content\/uploads\/2025\/05\/bioelectricite-dotix-1536x1024.jpeg 1536w, https:\/\/dotix.be\/wp-content\/uploads\/2025\/05\/bioelectricite-dotix-2048x1365.jpeg 2048w\" sizes=\"(max-width: 2560px) 100vw, 2560px\" data-src=\"https:\/\/dotix.be\/wp-content\/uploads\/2025\/05\/bioelectricite-dotix-scaled.jpeg\"><img type=\"image\/webp\" class=\"bde-image2-1128-110 bde-image2 lws-optimize-lazyload\"  alt=\"Biol\u00e9l\u00e9ectricit\u00e9 et environnement sain, avec la domotique r\u00e9sidentielle\" loading=\"lazy\" srcset=\"https:\/\/dotix.be\/wp-content\/uploads\/2025\/05\/bio-electricite-domotique-scaled.jpg 2560w, https:\/\/dotix.be\/wp-content\/uploads\/2025\/05\/bio-electricite-domotique-300x200.jpg 300w, https:\/\/dotix.be\/wp-content\/uploads\/2025\/05\/bio-electricite-domotique-1024x683.jpg 1024w, https:\/\/dotix.be\/wp-content\/uploads\/2025\/05\/bio-electricite-domotique-768x512.jpg 768w, https:\/\/dotix.be\/wp-content\/uploads\/2025\/05\/bio-electricite-domotique-1536x1024.jpg 1536w, https:\/\/dotix.be\/wp-content\/uploads\/2025\/05\/bio-electricite-domotique-2048x1365.jpg 2048w\" sizes=\"(max-width: 2560px) 100vw, 2560px\" data-src=\"https:\/\/dotix.be\/wp-content\/uploads\/2025\/05\/bio-electricite-domotique-scaled.jpg\">\n<\/div><\/div>\n<\/section><section class=\"bde-section-1128-118 bde-section gr\">\n  \n  \n\t\n\n\n\n<div class=\"section-container\"><div class=\"bde-div-1128-119 bde-div\" data-bde-lazy-bg=\"waiting\">\n              \n  \n        \n    \n\t\n\n  <div class=\"section-background-overlay\"><\/div>\n\n\n\n<\/div><div class=\"bde-div-1128-120 bde-div\">\n  \n  \n\t\n\n\n\n<h2 class=\"bde-heading-1128-121 bde-heading\">\nPraat met onze experts om meer te weten te komen over onze bio-elektriciteitsoplossingen.\n<\/h2><div class=\"bde-globalblock-1128-122 bde-globalblock\">\n<div class='breakdance'><div class=\"bde-button-1353-100-1353-1 bde-button bde-button-1353-100\">\n    \n                                    \n    \n    \n    \n    \n            \n                    \n            \n            \n\n    \n    \n    \n    \n    \n    <a class=\"breakdance-link button-atom button-atom--primary bde-button__button\" href=\"https:\/\/dotix.be\/nl\/plan-een-gesprek-in\/\" target=\"_self\" data-type=\"url\"  >\n\n    \n        <span class=\"button-atom__text\">Plan een gesprek in<\/span>\n\n        \n        \n                <\/a>\n\n    \n\n\n<\/div><\/div>\n<\/div>\n<\/div><\/div>\n<\/section><\/div>","protected":false},"excerpt":{"rendered":"<p>Voordelen Ons aanbod aan mogelijkheden Installatie van elektrische circuits met lage elektromagnetische uitstoot(om blootstelling aan elektrische en magnetische velden in leefruimtes te beperken) Gebruik van afgeschermde kabels(vermindering van elektromagnetische golven rond gevoelige zones zoals slaapkamers) Plaatsing van automatische veldschakelaars(uitschakeling van stroom in bepaalde kamers \u2019s nachts om de slaapkwaliteit te verbeteren) Analyse en meting van [&hellip;]<\/p>\n","protected":false},"author":1,"featured_media":635,"parent":0,"menu_order":0,"comment_status":"closed","ping_status":"closed","template":"template-block.php","meta":{"_acf_changed":false,"_breakdance_hide_in_design_set":false,"_breakdance_tags":"","footnotes":""},"class_list":["post-1128","page","type-page","status-publish","has-post-thumbnail","hentry"],"acf":[],"yoast_head":"<!-- This site is optimized with the Yoast SEO plugin v25.1 - https:\/\/yoast.com\/wordpress\/plugins\/seo\/ -->\n<title>Reductie van straling en bio-elektriciteit | Gezonde domotica \u2013 Dotix<\/title>\n<meta name=\"description\" content=\"Dotix vermindert de blootstelling aan straling in uw slimme woning met gezonde, gecontroleerde en onzichtbare domotica-oplossingen.\" \/>\n<meta name=\"robots\" content=\"index, follow, max-snippet:-1, max-image-preview:large, max-video-preview:-1\" \/>\n<link rel=\"canonical\" href=\"https:\/\/dotix.be\/nl\/bio-elektriciteit\/\" \/>\n<meta property=\"og:locale\" content=\"nl_NL\" \/>\n<meta property=\"og:type\" content=\"article\" \/>\n<meta property=\"og:title\" content=\"Reductie van straling en bio-elektriciteit | Gezonde domotica \u2013 Dotix\" \/>\n<meta property=\"og:description\" content=\"Dotix vermindert de blootstelling aan straling in uw slimme woning met gezonde, gecontroleerde en onzichtbare domotica-oplossingen.\" \/>\n<meta property=\"og:url\" content=\"https:\/\/dotix.be\/nl\/bio-elektriciteit\/\" \/>\n<meta property=\"og:site_name\" content=\"Dotix\" \/>\n<meta property=\"article:modified_time\" content=\"2025-07-02T07:11:17+00:00\" \/>\n<meta property=\"og:image\" content=\"https:\/\/dotix.be\/wp-content\/uploads\/2025\/05\/e5eef8d7bb76d8475c95c58639e37b5f08fb072a.webp\" \/>\n\t<meta property=\"og:image:width\" content=\"1920\" \/>\n\t<meta property=\"og:image:height\" content=\"1280\" \/>\n\t<meta property=\"og:image:type\" content=\"image\/webp\" \/>\n<meta name=\"twitter:card\" content=\"summary_large_image\" \/>\n<meta name=\"twitter:label1\" content=\"Geschatte leestijd\" \/>\n\t<meta name=\"twitter:data1\" content=\"1 minuut\" \/>\n<script type=\"application\/ld+json\" class=\"yoast-schema-graph\">{\"@context\":\"https:\/\/schema.org\",\"@graph\":[{\"@type\":\"WebPage\",\"@id\":\"https:\/\/dotix.be\/nl\/bio-elektriciteit\/\",\"url\":\"https:\/\/dotix.be\/nl\/bio-elektriciteit\/\",\"name\":\"Reductie van straling en bio-elektriciteit | Gezonde domotica \u2013 Dotix\",\"isPartOf\":{\"@id\":\"https:\/\/dotix.be\/nl\/#website\"},\"primaryImageOfPage\":{\"@id\":\"https:\/\/dotix.be\/nl\/bio-elektriciteit\/#primaryimage\"},\"image\":{\"@id\":\"https:\/\/dotix.be\/nl\/bio-elektriciteit\/#primaryimage\"},\"thumbnailUrl\":\"https:\/\/dotix.be\/wp-content\/uploads\/2025\/05\/e5eef8d7bb76d8475c95c58639e37b5f08fb072a_lwsoptimized.webp\",\"datePublished\":\"2025-05-12T05:07:03+00:00\",\"dateModified\":\"2025-07-02T07:11:17+00:00\",\"description\":\"Dotix vermindert de blootstelling aan straling in uw slimme woning met gezonde, gecontroleerde en onzichtbare domotica-oplossingen.\",\"breadcrumb\":{\"@id\":\"https:\/\/dotix.be\/nl\/bio-elektriciteit\/#breadcrumb\"},\"inLanguage\":\"nl-NL\",\"potentialAction\":[{\"@type\":\"ReadAction\",\"target\":[\"https:\/\/dotix.be\/nl\/bio-elektriciteit\/\"]}]},{\"@type\":\"ImageObject\",\"inLanguage\":\"nl-NL\",\"@id\":\"https:\/\/dotix.be\/nl\/bio-elektriciteit\/#primaryimage\",\"url\":\"https:\/\/dotix.be\/wp-content\/uploads\/2025\/05\/e5eef8d7bb76d8475c95c58639e37b5f08fb072a_lwsoptimized.webp\",\"contentUrl\":\"https:\/\/dotix.be\/wp-content\/uploads\/2025\/05\/e5eef8d7bb76d8475c95c58639e37b5f08fb072a_lwsoptimized.webp\",\"width\":1920,\"height\":1280,\"caption\":\"Domotique r\u00e9sidentielle haut de gamme\"},{\"@type\":\"BreadcrumbList\",\"@id\":\"https:\/\/dotix.be\/nl\/bio-elektriciteit\/#breadcrumb\",\"itemListElement\":[{\"@type\":\"ListItem\",\"position\":1,\"name\":\"Home\",\"item\":\"https:\/\/dotix.be\/nl\/\"},{\"@type\":\"ListItem\",\"position\":2,\"name\":\"Bio-elektriciteit\"}]},{\"@type\":\"WebSite\",\"@id\":\"https:\/\/dotix.be\/nl\/#website\",\"url\":\"https:\/\/dotix.be\/nl\/\",\"name\":\"Dotix\",\"description\":\"\",\"publisher\":{\"@id\":\"https:\/\/dotix.be\/nl\/#organization\"},\"potentialAction\":[{\"@type\":\"SearchAction\",\"target\":{\"@type\":\"EntryPoint\",\"urlTemplate\":\"https:\/\/dotix.be\/nl\/?s={search_term_string}\"},\"query-input\":{\"@type\":\"PropertyValueSpecification\",\"valueRequired\":true,\"valueName\":\"search_term_string\"}}],\"inLanguage\":\"nl-NL\"},{\"@type\":\"Organization\",\"@id\":\"https:\/\/dotix.be\/nl\/#organization\",\"name\":\"Dotix\",\"url\":\"https:\/\/dotix.be\/nl\/\",\"logo\":{\"@type\":\"ImageObject\",\"inLanguage\":\"nl-NL\",\"@id\":\"https:\/\/dotix.be\/nl\/#\/schema\/logo\/image\/\",\"url\":\"https:\/\/dotix.be\/wp-content\/uploads\/2025\/05\/logo.svg\",\"contentUrl\":\"https:\/\/dotix.be\/wp-content\/uploads\/2025\/05\/logo.svg\",\"width\":1,\"height\":1,\"caption\":\"Dotix\"},\"image\":{\"@id\":\"https:\/\/dotix.be\/nl\/#\/schema\/logo\/image\/\"}}]}<\/script>\n<!-- \/ Yoast SEO plugin. -->","yoast_head_json":{"title":"Reductie van straling en bio-elektriciteit | Gezonde domotica \u2013 Dotix","description":"Dotix vermindert de blootstelling aan straling in uw slimme woning met gezonde, gecontroleerde en onzichtbare domotica-oplossingen.","robots":{"index":"index","follow":"follow","max-snippet":"max-snippet:-1","max-image-preview":"max-image-preview:large","max-video-preview":"max-video-preview:-1"},"canonical":"https:\/\/dotix.be\/nl\/bio-elektriciteit\/","og_locale":"nl_NL","og_type":"article","og_title":"Reductie van straling en bio-elektriciteit | Gezonde domotica \u2013 Dotix","og_description":"Dotix vermindert de blootstelling aan straling in uw slimme woning met gezonde, gecontroleerde en onzichtbare domotica-oplossingen.","og_url":"https:\/\/dotix.be\/nl\/bio-elektriciteit\/","og_site_name":"Dotix","article_modified_time":"2025-07-02T07:11:17+00:00","og_image":[{"width":1920,"height":1280,"url":"https:\/\/dotix.be\/wp-content\/uploads\/2025\/05\/e5eef8d7bb76d8475c95c58639e37b5f08fb072a.webp","type":"image\/webp"}],"twitter_card":"summary_large_image","twitter_misc":{"Geschatte leestijd":"1 minuut"},"schema":{"@context":"https:\/\/schema.org","@graph":[{"@type":"WebPage","@id":"https:\/\/dotix.be\/nl\/bio-elektriciteit\/","url":"https:\/\/dotix.be\/nl\/bio-elektriciteit\/","name":"Reductie van straling en bio-elektriciteit | Gezonde domotica \u2013 Dotix","isPartOf":{"@id":"https:\/\/dotix.be\/nl\/#website"},"primaryImageOfPage":{"@id":"https:\/\/dotix.be\/nl\/bio-elektriciteit\/#primaryimage"},"image":{"@id":"https:\/\/dotix.be\/nl\/bio-elektriciteit\/#primaryimage"},"thumbnailUrl":"https:\/\/dotix.be\/wp-content\/uploads\/2025\/05\/e5eef8d7bb76d8475c95c58639e37b5f08fb072a_lwsoptimized.webp","datePublished":"2025-05-12T05:07:03+00:00","dateModified":"2025-07-02T07:11:17+00:00","description":"Dotix vermindert de blootstelling aan straling in uw slimme woning met gezonde, gecontroleerde en onzichtbare domotica-oplossingen.","breadcrumb":{"@id":"https:\/\/dotix.be\/nl\/bio-elektriciteit\/#breadcrumb"},"inLanguage":"nl-NL","potentialAction":[{"@type":"ReadAction","target":["https:\/\/dotix.be\/nl\/bio-elektriciteit\/"]}]},{"@type":"ImageObject","inLanguage":"nl-NL","@id":"https:\/\/dotix.be\/nl\/bio-elektriciteit\/#primaryimage","url":"https:\/\/dotix.be\/wp-content\/uploads\/2025\/05\/e5eef8d7bb76d8475c95c58639e37b5f08fb072a_lwsoptimized.webp","contentUrl":"https:\/\/dotix.be\/wp-content\/uploads\/2025\/05\/e5eef8d7bb76d8475c95c58639e37b5f08fb072a_lwsoptimized.webp","width":1920,"height":1280,"caption":"Domotique r\u00e9sidentielle haut de gamme"},{"@type":"BreadcrumbList","@id":"https:\/\/dotix.be\/nl\/bio-elektriciteit\/#breadcrumb","itemListElement":[{"@type":"ListItem","position":1,"name":"Home","item":"https:\/\/dotix.be\/nl\/"},{"@type":"ListItem","position":2,"name":"Bio-elektriciteit"}]},{"@type":"WebSite","@id":"https:\/\/dotix.be\/nl\/#website","url":"https:\/\/dotix.be\/nl\/","name":"Dotix","description":"","publisher":{"@id":"https:\/\/dotix.be\/nl\/#organization"},"potentialAction":[{"@type":"SearchAction","target":{"@type":"EntryPoint","urlTemplate":"https:\/\/dotix.be\/nl\/?s={search_term_string}"},"query-input":{"@type":"PropertyValueSpecification","valueRequired":true,"valueName":"search_term_string"}}],"inLanguage":"nl-NL"},{"@type":"Organization","@id":"https:\/\/dotix.be\/nl\/#organization","name":"Dotix","url":"https:\/\/dotix.be\/nl\/","logo":{"@type":"ImageObject","inLanguage":"nl-NL","@id":"https:\/\/dotix.be\/nl\/#\/schema\/logo\/image\/","url":"https:\/\/dotix.be\/wp-content\/uploads\/2025\/05\/logo.svg","contentUrl":"https:\/\/dotix.be\/wp-content\/uploads\/2025\/05\/logo.svg","width":1,"height":1,"caption":"Dotix"},"image":{"@id":"https:\/\/dotix.be\/nl\/#\/schema\/logo\/image\/"}}]}},"_links":{"self":[{"href":"https:\/\/dotix.be\/nl\/wp-json\/wp\/v2\/pages\/1128","targetHints":{"allow":["GET"]}}],"collection":[{"href":"https:\/\/dotix.be\/nl\/wp-json\/wp\/v2\/pages"}],"about":[{"href":"https:\/\/dotix.be\/nl\/wp-json\/wp\/v2\/types\/page"}],"author":[{"embeddable":true,"href":"https:\/\/dotix.be\/nl\/wp-json\/wp\/v2\/users\/1"}],"replies":[{"embeddable":true,"href":"https:\/\/dotix.be\/nl\/wp-json\/wp\/v2\/comments?post=1128"}],"version-history":[{"count":6,"href":"https:\/\/dotix.be\/nl\/wp-json\/wp\/v2\/pages\/1128\/revisions"}],"predecessor-version":[{"id":1600,"href":"https:\/\/dotix.be\/nl\/wp-json\/wp\/v2\/pages\/1128\/revisions\/1600"}],"wp:featuredmedia":[{"embeddable":true,"href":"https:\/\/dotix.be\/nl\/wp-json\/wp\/v2\/media\/635"}],"wp:attachment":[{"href":"https:\/\/dotix.be\/nl\/wp-json\/wp\/v2\/media?parent=1128"}],"curies":[{"name":"wp","href":"https:\/\/api.w.org\/{rel}","templated":true}]}}