{"id":1126,"date":"2025-05-12T07:07:41","date_gmt":"2025-05-12T05:07:41","guid":{"rendered":"https:\/\/dotix.be\/a-propos\/"},"modified":"2025-07-02T08:59:43","modified_gmt":"2025-07-02T06:59:43","slug":"over-ons","status":"publish","type":"page","link":"https:\/\/dotix.be\/nl\/over-ons\/","title":{"rendered":"Over ons"},"content":{"rendered":"<div class='breakdance'><section class=\"bde-section-1126-107 bde-section gr\">\n  \n  \n\t\n\n\n\n<div class=\"section-container\"><div class=\"bde-div-1126-108 bde-div\">\n  \n  \n\t\n\n\n\n<h2 class=\"bde-heading-1126-110 bde-heading\">\nEen missie,<br>een visie\n<\/h2><div class=\"bde-rich-text-1126-111 bde-rich-text breakdance-rich-text-styles\">\n<p>Dotix werd opgericht om een nieuw perspectief op domotica te bieden, waarbij elk project wordt benaderd als een technologisch kunstwerk, afgestemd op zijn gebruikers.<\/p>\n<\/div>\n<\/div><div class=\"bde-div-1126-113 bde-div\" data-parallax=\"true\">\n  \n  \n\t\n\n\n\n<img type=\"image\/webp\" class=\"bde-image2-1126-161 bde-image2 lws-optimize-lazyload\"  alt=\"\" loading=\"lazy\" srcset=\"https:\/\/dotix.be\/wp-content\/uploads\/2025\/05\/1f03e4a10b9ce05e74d04c21fbb12151a078dd93.webp 1920w, https:\/\/dotix.be\/wp-content\/uploads\/2025\/05\/1f03e4a10b9ce05e74d04c21fbb12151a078dd93-300x200.webp 300w, https:\/\/dotix.be\/wp-content\/uploads\/2025\/05\/1f03e4a10b9ce05e74d04c21fbb12151a078dd93-1024x683.webp 1024w, https:\/\/dotix.be\/wp-content\/uploads\/2025\/05\/1f03e4a10b9ce05e74d04c21fbb12151a078dd93-768x512.webp 768w, https:\/\/dotix.be\/wp-content\/uploads\/2025\/05\/1f03e4a10b9ce05e74d04c21fbb12151a078dd93-1536x1024.webp 1536w\" sizes=\"(max-width: 1920px) 100vw, 1920px\" data-src=\"https:\/\/dotix.be\/wp-content\/uploads\/2025\/05\/1f03e4a10b9ce05e74d04c21fbb12151a078dd93.webp\">\n<\/div><\/div>\n<\/section><section class=\"bde-section-1126-115 bde-section gr\">\n  \n  \n\t\n\n\n\n<div class=\"section-container\"><div class=\"bde-div-1126-119 bde-div\">\n  \n  \n\t\n\n\n\n<div class=\"bde-text-1126-122 bde-text\">\nWe hebben het voorrecht om samen te werken met veeleisende klanten en installaties te realiseren in uitzonderlijke woningen over de hele wereld.\n<\/div>\n<\/div><\/div>\n<\/section><section class=\"bde-section-1126-123 bde-section gr\">\n  \n  \n\t\n\n\n\n<div class=\"section-container\"><div class=\"bde-div-1126-124 bde-div\">\n  \n  \n\t\n\n\n\n<h2 class=\"bde-heading-1126-125 bde-heading\">\nExpertise in dienst van excellentie\n<\/h2><div class=\"bde-rich-text-1126-126 bde-rich-text breakdance-rich-text-styles\">\n<p>S\u00e9bastien Pantano is de Algemeen Directeur van DOTIX, specialist in hoogwaardige domoticaoplossingen voor priv\u00e9woningen. Al meer dan 9 jaar leidt hij het bedrijf met een duidelijke visie: technologie op een elegante, discrete en perfect aangepaste manier integreren in de meest veeleisende levensstijlen.<\/p><p>Gepassioneerd door design en slimme technologie\u00ebn, ontwerpt hij omgevingen waar esthetiek en innovatie \u00e9\u00e9n geheel vormen. Onder zijn leiding ontwikkelt DOTIX maatwerkoplossingen die automatisatie, audio-\/video-integratie, toegangscontrole, IP-videobewaking, alarmsystemen en hoogperformante draadloze netwerken combineren.<\/p><p>Dankzij zijn expertise in IoT, netwerktechnologie en elektronica cre\u00ebert hij intu\u00eftieve, betrouwbare en perfect ge\u00efntegreerde ervaringen. Als toegewijde innovator en creatieve strateeg transformeert S\u00e9bastien woonruimtes tot elegante, verbonden en diep menselijke leefomgevingen.<\/p>\n<\/div>\n<\/div><div class=\"bde-div-1126-127 bde-div\" data-parallax=\"true\">\n  \n  \n\t\n\n\n\n<img type=\"image\/webp\" class=\"bde-image2-1126-129 bde-image2 lws-optimize-lazyload\"  alt=\"S\u00e9basien Pantano, le directeur g\u00e9n\u00e9ral de Dotix\" loading=\"lazy\" srcset=\"https:\/\/dotix.be\/wp-content\/uploads\/2025\/05\/Sebastien-Pantano-Directeur-Dotix.jpeg 519w, https:\/\/dotix.be\/wp-content\/uploads\/2025\/05\/Sebastien-Pantano-Directeur-Dotix-300x300.jpeg 300w, https:\/\/dotix.be\/wp-content\/uploads\/2025\/05\/Sebastien-Pantano-Directeur-Dotix-150x150.jpeg 150w\" sizes=\"(max-width: 519px) 100vw, 519px\" data-src=\"https:\/\/dotix.be\/wp-content\/uploads\/2025\/05\/Sebastien-Pantano-Directeur-Dotix.jpeg\"><div class=\"bde-text-1126-130 bde-text\">\nS\u00e9bastien Pantano<br>Algemeen Directeur, Dotix\n<\/div>\n<\/div><\/div>\n<\/section><section class=\"bde-section-1126-146 bde-section gr\">\n  \n  \n\t\n\n\n\n<div class=\"section-container\"><div class=\"bde-div-1126-147 bde-div\">\n  \n  \n\t\n\n\n\n<img type=\"image\/webp\" class=\"bde-image2-1126-148 bde-image2 lws-optimize-lazyload\"  alt=\"\" loading=\"lazy\" srcset=\"https:\/\/dotix.be\/wp-content\/uploads\/2025\/05\/882aa09d1d1e5751e7713094e4dd140be8e82d0f.webp 1920w, https:\/\/dotix.be\/wp-content\/uploads\/2025\/05\/882aa09d1d1e5751e7713094e4dd140be8e82d0f-300x200.webp 300w, https:\/\/dotix.be\/wp-content\/uploads\/2025\/05\/882aa09d1d1e5751e7713094e4dd140be8e82d0f-1024x683.webp 1024w, https:\/\/dotix.be\/wp-content\/uploads\/2025\/05\/882aa09d1d1e5751e7713094e4dd140be8e82d0f-768x512.webp 768w, https:\/\/dotix.be\/wp-content\/uploads\/2025\/05\/882aa09d1d1e5751e7713094e4dd140be8e82d0f-1536x1024.webp 1536w\" sizes=\"(max-width: 1920px) 100vw, 1920px\" data-src=\"https:\/\/dotix.be\/wp-content\/uploads\/2025\/05\/882aa09d1d1e5751e7713094e4dd140be8e82d0f.webp\">\n<\/div><div class=\"bde-div-1126-149 bde-div\" data-parallax=\"true\">\n  \n  \n\t\n\n\n\n<img type=\"image\/webp\" class=\"bde-image2-1126-150 bde-image2 lws-optimize-lazyload\"  alt=\"\" loading=\"lazy\" srcset=\"https:\/\/dotix.be\/wp-content\/uploads\/2025\/05\/06beb44de7684127996941e7e34d6ed8bc237c31-1.webp 1920w, https:\/\/dotix.be\/wp-content\/uploads\/2025\/05\/06beb44de7684127996941e7e34d6ed8bc237c31-1-300x300.webp 300w, https:\/\/dotix.be\/wp-content\/uploads\/2025\/05\/06beb44de7684127996941e7e34d6ed8bc237c31-1-1024x1024.webp 1024w, https:\/\/dotix.be\/wp-content\/uploads\/2025\/05\/06beb44de7684127996941e7e34d6ed8bc237c31-1-150x150.webp 150w, https:\/\/dotix.be\/wp-content\/uploads\/2025\/05\/06beb44de7684127996941e7e34d6ed8bc237c31-1-768x768.webp 768w, https:\/\/dotix.be\/wp-content\/uploads\/2025\/05\/06beb44de7684127996941e7e34d6ed8bc237c31-1-1536x1536.webp 1536w\" sizes=\"(max-width: 1920px) 100vw, 1920px\" data-src=\"https:\/\/dotix.be\/wp-content\/uploads\/2025\/05\/06beb44de7684127996941e7e34d6ed8bc237c31-1.webp\">\n<\/div><div class=\"bde-div-1126-151 bde-div\">\n  \n  \n\t\n\n\n\n<div class=\"bde-text-1126-152 bde-text\">\nVoordelen\n<\/div><h2 class=\"bde-heading-1126-153 bde-heading\">\nWaarom kiezen voor Dotix om uw leefruimtes slim te maken?\n<\/h2><div class=\"bde-icon-list-1126-154 bde-icon-list\">\n<ul>\n  \n              \n    <li>\n              <div class='bde-icon-list__item-wrapper'>\n            \n      <span class='bde-icon-list__icon'>\n        <svg xmlns=\"http:\/\/www.w3.org\/2000\/svg\" width=\"16\" height=\"13\" viewBox=\"0 0 16 13\" fill=\"none\">\r\n<path d=\"M15.7539 1.61133L6.67676 12.0449L0 4.37012L0.753906 3.71387L6.67676 10.5215L15 0.955078L15.7539 1.61133Z\" fill=\"#D7B665\"\/>\r\n<\/svg>\n      <\/span>\n            <span class='bde-icon-list__title' >\n            Een onge\u00ebvenaarde expertise\n      <\/span>\n                    <\/div>\n            <span class='bde-icon-list__text' >\n      Dotix onderscheidt zich door de capaciteit om ruimtes te transformeren tot verbonden, intu\u00eftieve en elegante omgevingen, <b>afgestemd op de behoeften van de meest veeleisende klanten.<\/b>\n      <\/span>\n    <\/li>\n\n  \n              \n    <li>\n              <div class='bde-icon-list__item-wrapper'>\n            \n      <span class='bde-icon-list__icon'>\n        <svg xmlns=\"http:\/\/www.w3.org\/2000\/svg\" width=\"16\" height=\"13\" viewBox=\"0 0 16 13\" fill=\"none\">\r\n<path d=\"M15.7539 1.61133L6.67676 12.0449L0 4.37012L0.753906 3.71387L6.67676 10.5215L15 0.955078L15.7539 1.61133Z\" fill=\"#D7B665\"\/>\r\n<\/svg>\n      <\/span>\n            <span class='bde-icon-list__title' >\n            Persoonlijke begeleiding\n      <\/span>\n                    <\/div>\n            <span class='bde-icon-list__text' >\n      Van ontwerp tot installatie begeleiden wij u in elke fase, <b>met een aanpak die gericht is op luisteren en transparantie.<\/b>\n      <\/span>\n    <\/li>\n\n  \n              \n    <li>\n              <div class='bde-icon-list__item-wrapper'>\n            \n      <span class='bde-icon-list__icon'>\n        <svg xmlns=\"http:\/\/www.w3.org\/2000\/svg\" width=\"16\" height=\"13\" viewBox=\"0 0 16 13\" fill=\"none\">\r\n<path d=\"M15.7539 1.61133L6.67676 12.0449L0 4.37012L0.753906 3.71387L6.67676 10.5215L15 0.955078L15.7539 1.61133Z\" fill=\"#D7B665\"\/>\r\n<\/svg>\n      <\/span>\n            <span class='bde-icon-list__title' >\n            Uitzonderlijke realisaties\n      <\/span>\n                    <\/div>\n            <span class='bde-icon-list__text' >\n      Onze<b> hoogwaardige projecten<\/b> weerspiegelen ons streven naar excellentie en onze passie voor innovatie.\n      <\/span>\n    <\/li>\n\n  <\/ul>\n\n<\/div>\n<\/div><\/div>\n<\/section><section class=\"bde-section-1126-155 bde-section gr\">\n  \n  \n\t\n\n\n\n<div class=\"section-container\"><div class=\"bde-div-1126-156 bde-div\" data-bde-lazy-bg=\"waiting\">\n              \n  \n        \n    \n\t\n\n  <div class=\"section-background-overlay\"><\/div>\n\n\n\n<\/div><div class=\"bde-div-1126-157 bde-div\">\n  \n  \n\t\n\n\n\n<h2 class=\"bde-heading-1126-158 bde-heading\">\n Wat als uw visie op het smart home werkelijkheid werd?\n<\/h2><div class=\"bde-text-1126-159 bde-text\">\nNeem vandaag nog contact met ons op en ontdek hoe Dotix uw leefruimtes kan verrijken.\n<\/div><div class=\"bde-globalblock-1126-160 bde-globalblock\">\n<div class='breakdance'><div class=\"bde-button-1353-100-1353-1 bde-button bde-button-1353-100\">\n    \n                                    \n    \n    \n    \n    \n            \n                    \n            \n            \n\n    \n    \n    \n    \n    \n    <a class=\"breakdance-link button-atom button-atom--primary bde-button__button\" href=\"https:\/\/dotix.be\/nl\/plan-een-gesprek-in\/\" target=\"_self\" data-type=\"url\"  >\n\n    \n        <span class=\"button-atom__text\">Plan een gesprek in<\/span>\n\n        \n        \n                <\/a>\n\n    \n\n\n<\/div><\/div>\n<\/div>\n<\/div><\/div>\n<\/section><\/div>","protected":false},"excerpt":{"rendered":"<p>Een missie,een visie Dotix werd opgericht om een nieuw perspectief op domotica te bieden, waarbij elk project wordt benaderd als een technologisch kunstwerk, afgestemd op zijn gebruikers. We hebben het voorrecht om samen te werken met veeleisende klanten en installaties te realiseren in uitzonderlijke woningen over de hele wereld. Expertise in dienst van excellentie S\u00e9bastien [&hellip;]<\/p>\n","protected":false},"author":1,"featured_media":638,"parent":0,"menu_order":0,"comment_status":"closed","ping_status":"closed","template":"template-header.php","meta":{"_acf_changed":false,"_breakdance_hide_in_design_set":false,"_breakdance_tags":"","footnotes":""},"class_list":["post-1126","page","type-page","status-publish","has-post-thumbnail","hentry"],"acf":[],"yoast_head":"<!-- This site is optimized with the Yoast SEO plugin v25.1 - https:\/\/yoast.com\/wordpress\/plugins\/seo\/ -->\n<title>Over Dotix | Hoogwaardige residenti\u00eble domotica<\/title>\n<meta name=\"description\" content=\"Dotix ontwerpt elegante, intu\u00eftieve en op maat gemaakte slimme woningen, waar technologie de woonbeleving versterkt.\" \/>\n<meta name=\"robots\" content=\"index, follow, max-snippet:-1, max-image-preview:large, max-video-preview:-1\" \/>\n<link rel=\"canonical\" href=\"https:\/\/dotix.be\/nl\/over-ons\/\" \/>\n<meta property=\"og:locale\" content=\"nl_NL\" \/>\n<meta property=\"og:type\" content=\"article\" \/>\n<meta property=\"og:title\" content=\"Over Dotix | Hoogwaardige residenti\u00eble domotica\" \/>\n<meta property=\"og:description\" content=\"Dotix ontwerpt elegante, intu\u00eftieve en op maat gemaakte slimme woningen, waar technologie de woonbeleving versterkt.\" \/>\n<meta property=\"og:url\" content=\"https:\/\/dotix.be\/nl\/over-ons\/\" \/>\n<meta property=\"og:site_name\" content=\"Dotix\" \/>\n<meta property=\"article:modified_time\" content=\"2025-07-02T06:59:43+00:00\" \/>\n<meta property=\"og:image\" content=\"https:\/\/dotix.be\/wp-content\/uploads\/2025\/05\/f7c70f2162f420350f9cc35bf60378d680ab3939.webp\" \/>\n\t<meta property=\"og:image:width\" content=\"1920\" \/>\n\t<meta property=\"og:image:height\" content=\"1440\" \/>\n\t<meta property=\"og:image:type\" content=\"image\/webp\" \/>\n<meta name=\"twitter:card\" content=\"summary_large_image\" \/>\n<meta name=\"twitter:label1\" content=\"Geschatte leestijd\" \/>\n\t<meta name=\"twitter:data1\" content=\"3 minuten\" \/>\n<script type=\"application\/ld+json\" class=\"yoast-schema-graph\">{\"@context\":\"https:\/\/schema.org\",\"@graph\":[{\"@type\":\"WebPage\",\"@id\":\"https:\/\/dotix.be\/nl\/over-ons\/\",\"url\":\"https:\/\/dotix.be\/nl\/over-ons\/\",\"name\":\"Over Dotix | Hoogwaardige residenti\u00eble domotica\",\"isPartOf\":{\"@id\":\"https:\/\/dotix.be\/nl\/#website\"},\"primaryImageOfPage\":{\"@id\":\"https:\/\/dotix.be\/nl\/over-ons\/#primaryimage\"},\"image\":{\"@id\":\"https:\/\/dotix.be\/nl\/over-ons\/#primaryimage\"},\"thumbnailUrl\":\"https:\/\/dotix.be\/wp-content\/uploads\/2025\/05\/f7c70f2162f420350f9cc35bf60378d680ab3939_lwsoptimized.webp\",\"datePublished\":\"2025-05-12T05:07:41+00:00\",\"dateModified\":\"2025-07-02T06:59:43+00:00\",\"description\":\"Dotix ontwerpt elegante, intu\u00eftieve en op maat gemaakte slimme woningen, waar technologie de woonbeleving versterkt.\",\"breadcrumb\":{\"@id\":\"https:\/\/dotix.be\/nl\/over-ons\/#breadcrumb\"},\"inLanguage\":\"nl-NL\",\"potentialAction\":[{\"@type\":\"ReadAction\",\"target\":[\"https:\/\/dotix.be\/nl\/over-ons\/\"]}]},{\"@type\":\"ImageObject\",\"inLanguage\":\"nl-NL\",\"@id\":\"https:\/\/dotix.be\/nl\/over-ons\/#primaryimage\",\"url\":\"https:\/\/dotix.be\/wp-content\/uploads\/2025\/05\/f7c70f2162f420350f9cc35bf60378d680ab3939_lwsoptimized.webp\",\"contentUrl\":\"https:\/\/dotix.be\/wp-content\/uploads\/2025\/05\/f7c70f2162f420350f9cc35bf60378d680ab3939_lwsoptimized.webp\",\"width\":1920,\"height\":1440,\"caption\":\"Solutions domotiques personnalis\u00e9es\"},{\"@type\":\"BreadcrumbList\",\"@id\":\"https:\/\/dotix.be\/nl\/over-ons\/#breadcrumb\",\"itemListElement\":[{\"@type\":\"ListItem\",\"position\":1,\"name\":\"Home\",\"item\":\"https:\/\/dotix.be\/nl\/\"},{\"@type\":\"ListItem\",\"position\":2,\"name\":\"Over ons\"}]},{\"@type\":\"WebSite\",\"@id\":\"https:\/\/dotix.be\/nl\/#website\",\"url\":\"https:\/\/dotix.be\/nl\/\",\"name\":\"Dotix\",\"description\":\"\",\"publisher\":{\"@id\":\"https:\/\/dotix.be\/nl\/#organization\"},\"potentialAction\":[{\"@type\":\"SearchAction\",\"target\":{\"@type\":\"EntryPoint\",\"urlTemplate\":\"https:\/\/dotix.be\/nl\/?s={search_term_string}\"},\"query-input\":{\"@type\":\"PropertyValueSpecification\",\"valueRequired\":true,\"valueName\":\"search_term_string\"}}],\"inLanguage\":\"nl-NL\"},{\"@type\":\"Organization\",\"@id\":\"https:\/\/dotix.be\/nl\/#organization\",\"name\":\"Dotix\",\"url\":\"https:\/\/dotix.be\/nl\/\",\"logo\":{\"@type\":\"ImageObject\",\"inLanguage\":\"nl-NL\",\"@id\":\"https:\/\/dotix.be\/nl\/#\/schema\/logo\/image\/\",\"url\":\"https:\/\/dotix.be\/wp-content\/uploads\/2025\/05\/logo.svg\",\"contentUrl\":\"https:\/\/dotix.be\/wp-content\/uploads\/2025\/05\/logo.svg\",\"width\":1,\"height\":1,\"caption\":\"Dotix\"},\"image\":{\"@id\":\"https:\/\/dotix.be\/nl\/#\/schema\/logo\/image\/\"}}]}<\/script>\n<!-- \/ Yoast SEO plugin. -->","yoast_head_json":{"title":"Over Dotix | Hoogwaardige residenti\u00eble domotica","description":"Dotix ontwerpt elegante, intu\u00eftieve en op maat gemaakte slimme woningen, waar technologie de woonbeleving versterkt.","robots":{"index":"index","follow":"follow","max-snippet":"max-snippet:-1","max-image-preview":"max-image-preview:large","max-video-preview":"max-video-preview:-1"},"canonical":"https:\/\/dotix.be\/nl\/over-ons\/","og_locale":"nl_NL","og_type":"article","og_title":"Over Dotix | Hoogwaardige residenti\u00eble domotica","og_description":"Dotix ontwerpt elegante, intu\u00eftieve en op maat gemaakte slimme woningen, waar technologie de woonbeleving versterkt.","og_url":"https:\/\/dotix.be\/nl\/over-ons\/","og_site_name":"Dotix","article_modified_time":"2025-07-02T06:59:43+00:00","og_image":[{"width":1920,"height":1440,"url":"https:\/\/dotix.be\/wp-content\/uploads\/2025\/05\/f7c70f2162f420350f9cc35bf60378d680ab3939.webp","type":"image\/webp"}],"twitter_card":"summary_large_image","twitter_misc":{"Geschatte leestijd":"3 minuten"},"schema":{"@context":"https:\/\/schema.org","@graph":[{"@type":"WebPage","@id":"https:\/\/dotix.be\/nl\/over-ons\/","url":"https:\/\/dotix.be\/nl\/over-ons\/","name":"Over Dotix | Hoogwaardige residenti\u00eble domotica","isPartOf":{"@id":"https:\/\/dotix.be\/nl\/#website"},"primaryImageOfPage":{"@id":"https:\/\/dotix.be\/nl\/over-ons\/#primaryimage"},"image":{"@id":"https:\/\/dotix.be\/nl\/over-ons\/#primaryimage"},"thumbnailUrl":"https:\/\/dotix.be\/wp-content\/uploads\/2025\/05\/f7c70f2162f420350f9cc35bf60378d680ab3939_lwsoptimized.webp","datePublished":"2025-05-12T05:07:41+00:00","dateModified":"2025-07-02T06:59:43+00:00","description":"Dotix ontwerpt elegante, intu\u00eftieve en op maat gemaakte slimme woningen, waar technologie de woonbeleving versterkt.","breadcrumb":{"@id":"https:\/\/dotix.be\/nl\/over-ons\/#breadcrumb"},"inLanguage":"nl-NL","potentialAction":[{"@type":"ReadAction","target":["https:\/\/dotix.be\/nl\/over-ons\/"]}]},{"@type":"ImageObject","inLanguage":"nl-NL","@id":"https:\/\/dotix.be\/nl\/over-ons\/#primaryimage","url":"https:\/\/dotix.be\/wp-content\/uploads\/2025\/05\/f7c70f2162f420350f9cc35bf60378d680ab3939_lwsoptimized.webp","contentUrl":"https:\/\/dotix.be\/wp-content\/uploads\/2025\/05\/f7c70f2162f420350f9cc35bf60378d680ab3939_lwsoptimized.webp","width":1920,"height":1440,"caption":"Solutions domotiques personnalis\u00e9es"},{"@type":"BreadcrumbList","@id":"https:\/\/dotix.be\/nl\/over-ons\/#breadcrumb","itemListElement":[{"@type":"ListItem","position":1,"name":"Home","item":"https:\/\/dotix.be\/nl\/"},{"@type":"ListItem","position":2,"name":"Over ons"}]},{"@type":"WebSite","@id":"https:\/\/dotix.be\/nl\/#website","url":"https:\/\/dotix.be\/nl\/","name":"Dotix","description":"","publisher":{"@id":"https:\/\/dotix.be\/nl\/#organization"},"potentialAction":[{"@type":"SearchAction","target":{"@type":"EntryPoint","urlTemplate":"https:\/\/dotix.be\/nl\/?s={search_term_string}"},"query-input":{"@type":"PropertyValueSpecification","valueRequired":true,"valueName":"search_term_string"}}],"inLanguage":"nl-NL"},{"@type":"Organization","@id":"https:\/\/dotix.be\/nl\/#organization","name":"Dotix","url":"https:\/\/dotix.be\/nl\/","logo":{"@type":"ImageObject","inLanguage":"nl-NL","@id":"https:\/\/dotix.be\/nl\/#\/schema\/logo\/image\/","url":"https:\/\/dotix.be\/wp-content\/uploads\/2025\/05\/logo.svg","contentUrl":"https:\/\/dotix.be\/wp-content\/uploads\/2025\/05\/logo.svg","width":1,"height":1,"caption":"Dotix"},"image":{"@id":"https:\/\/dotix.be\/nl\/#\/schema\/logo\/image\/"}}]}},"_links":{"self":[{"href":"https:\/\/dotix.be\/nl\/wp-json\/wp\/v2\/pages\/1126","targetHints":{"allow":["GET"]}}],"collection":[{"href":"https:\/\/dotix.be\/nl\/wp-json\/wp\/v2\/pages"}],"about":[{"href":"https:\/\/dotix.be\/nl\/wp-json\/wp\/v2\/types\/page"}],"author":[{"embeddable":true,"href":"https:\/\/dotix.be\/nl\/wp-json\/wp\/v2\/users\/1"}],"replies":[{"embeddable":true,"href":"https:\/\/dotix.be\/nl\/wp-json\/wp\/v2\/comments?post=1126"}],"version-history":[{"count":7,"href":"https:\/\/dotix.be\/nl\/wp-json\/wp\/v2\/pages\/1126\/revisions"}],"predecessor-version":[{"id":1574,"href":"https:\/\/dotix.be\/nl\/wp-json\/wp\/v2\/pages\/1126\/revisions\/1574"}],"wp:featuredmedia":[{"embeddable":true,"href":"https:\/\/dotix.be\/nl\/wp-json\/wp\/v2\/media\/638"}],"wp:attachment":[{"href":"https:\/\/dotix.be\/nl\/wp-json\/wp\/v2\/media?parent=1126"}],"curies":[{"name":"wp","href":"https:\/\/api.w.org\/{rel}","templated":true}]}}