{"id":1124,"date":"2025-05-12T07:05:56","date_gmt":"2025-05-12T05:05:56","guid":{"rendered":"https:\/\/dotix.be\/domotique-residentielle\/"},"modified":"2025-07-02T09:11:00","modified_gmt":"2025-07-02T07:11:00","slug":"residentiele-domotica","status":"publish","type":"page","link":"https:\/\/dotix.be\/nl\/residentiele-domotica\/","title":{"rendered":"Residenti\u00eble domotica"},"content":{"rendered":"<div class='breakdance'><section class=\"bde-section-1124-100 bde-section gr\">\n  \n  \n\t\n\n\n\n<div class=\"section-container\"><div class=\"bde-div-1124-101 bde-div\" data-parallax=\"true\">\n  \n  \n\t\n\n\n\n<div class=\"bde-rich-text-1124-107 bde-rich-text breakdance-rich-text-styles\">\n<p>Residenti\u00eble domotica centraliseert het beheer van uw woning en biedt u vereenvoudigde controle over comfort, veiligheid en energie-effici\u00ebntie, voor een rustigere en meer harmonieuze dagelijkse leven.<\/p>\n<\/div>\n<\/div><div class=\"bde-div-1124-108 bde-div\">\n  \n  \n\t\n\n\n\n<div class=\"bde-post-loop-1124-117 bde-post-loop\">\n<div class=\"bde-loop bde-loop-grid ee-posts ee-posts-grid\">    <article class=\"bde-loop-item ee-post\">\n    <div class='breakdance'><style>.breakdance .bde-div-434-101-1138-434-1{background-color:#03030380;background-image:url(https:\/\/dotix.be\/wp-content\/uploads\/2025\/05\/DSC07197.JPGbak_lwsoptimized.webp)}.breakdance .bde-div-434-101-1138-434-1>*{z-index:1}.breakdance .bde-div-434-101-1138-434-1>.section-background-overlay{z-index:0}.breakdance .bde-div-434-101-1138-434-1>.section-background-overlay{background-color:#FFF;transition:background-color var(--bde-transition-duration) ease-in-out}.breakdance .bde-div-434-101-1138-434-1{overflow:hidden}.breakdance .bde-div-434-101-1138-434-1>.section-background-overlay{opacity:1}.breakdance .bde-div-434-101-1138-434-1>.section-background-overlay{transition:opacity var(--bde-transition-duration) ease-in-out}.breakdance .bde-div-434-101-1138-434-1:hover>.section-background-overlay{opacity:0.1}<\/style><div class=\"bde-div-434-101-1138-434-1 bde-div bde-div-434-101\">\n              \n  \n  \n\t\n\n  <div class=\"section-background-overlay\"><\/div>\n\n\n<h3 class=\"bde-heading-434-100-1138-434-1 bde-heading bde-heading-434-100\">\nComfort\n<\/h3><div class=\"bde-text-434-102-1138-434-1 bde-text bde-text-434-102\">\n<p>Beheers elk aspect van uw huis om ruimtes te cre\u00ebren waar elk detail telt.<\/p>\n\n<\/div><a class=\"bde-text-link-434-106-1138-434-1 bde-text-link bde-text-link-434-106 breakdance-link\" href=\"https:\/\/dotix.be\/nl\/residentiele-domotica\/comfort\/\" target=\"_self\" data-type=\"url\">\n  <span class=\"sr-only\">Meer weten<\/span>\n\n<\/a><div class=\"bde-text-434-105-1138-434-1 bde-text link bde-text-434-105\">\nMeer weten\n<\/div>\n<\/div><\/div>    <\/article>\n        <article class=\"bde-loop-item ee-post\">\n    <div class='breakdance'><style>.breakdance .bde-div-434-101-1139-434-1{background-color:#03030380;background-image:url(https:\/\/dotix.be\/wp-content\/uploads\/2025\/05\/C4_Images_Security_2-scaled-e1747251576560_lwsoptimized.webp)}.breakdance .bde-div-434-101-1139-434-1>*{z-index:1}.breakdance .bde-div-434-101-1139-434-1>.section-background-overlay{z-index:0}.breakdance .bde-div-434-101-1139-434-1>.section-background-overlay{background-color:#FFF;transition:background-color var(--bde-transition-duration) ease-in-out}.breakdance .bde-div-434-101-1139-434-1{overflow:hidden}.breakdance .bde-div-434-101-1139-434-1>.section-background-overlay{opacity:1}.breakdance .bde-div-434-101-1139-434-1>.section-background-overlay{transition:opacity var(--bde-transition-duration) ease-in-out}.breakdance .bde-div-434-101-1139-434-1:hover>.section-background-overlay{opacity:0.1}<\/style><div class=\"bde-div-434-101-1139-434-1 bde-div bde-div-434-101\">\n              \n  \n  \n\t\n\n  <div class=\"section-background-overlay\"><\/div>\n\n\n<h3 class=\"bde-heading-434-100-1139-434-1 bde-heading bde-heading-434-100\">\nVeiligheid\n<\/h3><div class=\"bde-text-434-102-1139-434-1 bde-text bde-text-434-102\">\n<p>Zorg voor uw gemoedsrust met intelligente en ge\u00efntegreerde beveiligingssystemen die zijn ontworpen om uw huis en gezin te beschermen.<\/p>\n\n<\/div><a class=\"bde-text-link-434-106-1139-434-1 bde-text-link bde-text-link-434-106 breakdance-link\" href=\"https:\/\/dotix.be\/nl\/residentiele-domotica\/veiligheid\/\" target=\"_self\" data-type=\"url\">\n  <span class=\"sr-only\">Meer weten<\/span>\n\n<\/a><div class=\"bde-text-434-105-1139-434-1 bde-text link bde-text-434-105\">\nMeer weten\n<\/div>\n<\/div><\/div>    <\/article>\n        <article class=\"bde-loop-item ee-post\">\n    <div class='breakdance'><style>.breakdance .bde-div-434-101-1140-434-1{background-color:#03030380;background-image:url(https:\/\/dotix.be\/wp-content\/uploads\/2025\/05\/suivi-energie-domotique-dotix-scaled_lwsoptimized.webp)}.breakdance .bde-div-434-101-1140-434-1>*{z-index:1}.breakdance .bde-div-434-101-1140-434-1>.section-background-overlay{z-index:0}.breakdance .bde-div-434-101-1140-434-1>.section-background-overlay{background-color:#FFF;transition:background-color var(--bde-transition-duration) ease-in-out}.breakdance .bde-div-434-101-1140-434-1{overflow:hidden}.breakdance .bde-div-434-101-1140-434-1>.section-background-overlay{opacity:1}.breakdance .bde-div-434-101-1140-434-1>.section-background-overlay{transition:opacity var(--bde-transition-duration) ease-in-out}.breakdance .bde-div-434-101-1140-434-1:hover>.section-background-overlay{opacity:0.1}<\/style><div class=\"bde-div-434-101-1140-434-1 bde-div bde-div-434-101\">\n              \n  \n  \n\t\n\n  <div class=\"section-background-overlay\"><\/div>\n\n\n<h3 class=\"bde-heading-434-100-1140-434-1 bde-heading bde-heading-434-100\">\nEnergie-opvolging\n<\/h3><div class=\"bde-text-434-102-1140-434-1 bde-text bde-text-434-102\">\n<p>Bekijk en beheer uw energieverbruik in realtime, zonder concessies te doen aan uw comfort.<\/p>\n\n<\/div><a class=\"bde-text-link-434-106-1140-434-1 bde-text-link bde-text-link-434-106 breakdance-link\" href=\"https:\/\/dotix.be\/nl\/residentiele-domotica\/verbruiksopvolging-energie\/\" target=\"_self\" data-type=\"url\">\n  <span class=\"sr-only\">Meer weten<\/span>\n\n<\/a><div class=\"bde-text-434-105-1140-434-1 bde-text link bde-text-434-105\">\nMeer weten\n<\/div>\n<\/div><\/div>    <\/article>\n    <\/div>\n\n<\/div>\n<\/div><\/div>\n<\/section><section class=\"bde-section-1124-118 bde-section gr\">\n  \n  \n\t\n\n\n\n<div class=\"section-container\"><div class=\"bde-div-1124-119 bde-div\" data-bde-lazy-bg=\"waiting\">\n              \n  \n        \n    \n\t\n\n  <div class=\"section-background-overlay\"><\/div>\n\n\n\n<\/div><div class=\"bde-div-1124-120 bde-div\">\n  \n  \n\t\n\n\n\n<h2 class=\"bde-heading-1124-121 bde-heading\">\nPlan een afspraak om te ontdekken hoe onze oplossingen uw huis transformeren\n<\/h2><div class=\"bde-globalblock-1124-123 bde-globalblock\">\n<div class='breakdance'><div class=\"bde-button-1353-100-1353-1 bde-button bde-button-1353-100\">\n    \n                                    \n    \n    \n    \n    \n            \n                    \n            \n            \n\n    \n    \n    \n    \n    \n    <a class=\"breakdance-link button-atom button-atom--primary bde-button__button\" href=\"https:\/\/dotix.be\/nl\/plan-een-gesprek-in\/\" target=\"_self\" data-type=\"url\"  >\n\n    \n        <span class=\"button-atom__text\">Plan een gesprek in<\/span>\n\n        \n        \n                <\/a>\n\n    \n\n\n<\/div><\/div>\n<\/div>\n<\/div><\/div>\n<\/section><\/div>","protected":false},"excerpt":{"rendered":"<p>Residenti\u00eble domotica centraliseert het beheer van uw woning en biedt u vereenvoudigde controle over comfort, veiligheid en energie-effici\u00ebntie, voor een rustigere en meer harmonieuze dagelijkse leven. Comfort Beheers elk aspect van uw huis om ruimtes te cre\u00ebren waar elk detail telt. Meer weten Meer weten Veiligheid Zorg voor uw gemoedsrust met intelligente en ge\u00efntegreerde beveiligingssystemen [&hellip;]<\/p>\n","protected":false},"author":1,"featured_media":632,"parent":0,"menu_order":-5,"comment_status":"closed","ping_status":"closed","template":"template-block.php","meta":{"_acf_changed":false,"_breakdance_hide_in_design_set":false,"_breakdance_tags":"","footnotes":""},"class_list":["post-1124","page","type-page","status-publish","has-post-thumbnail","hentry"],"acf":[],"yoast_head":"<!-- This site is optimized with the Yoast SEO plugin v25.1 - https:\/\/yoast.com\/wordpress\/plugins\/seo\/ -->\n<title>Ontdek onze residenti\u00eble domotica-oplossingen | Dotix<\/title>\n<meta name=\"description\" content=\"Dotix biedt op maat gemaakte residenti\u00eble domotica-oplossingen: comfort, veiligheid en energiebeheer perfect ge\u00efntegreerd.\" \/>\n<meta name=\"robots\" content=\"index, follow, max-snippet:-1, max-image-preview:large, max-video-preview:-1\" \/>\n<link rel=\"canonical\" href=\"https:\/\/dotix.be\/nl\/residentiele-domotica\/\" \/>\n<meta property=\"og:locale\" content=\"nl_NL\" \/>\n<meta property=\"og:type\" content=\"article\" \/>\n<meta property=\"og:title\" content=\"Ontdek onze residenti\u00eble domotica-oplossingen | Dotix\" \/>\n<meta property=\"og:description\" content=\"Dotix biedt op maat gemaakte residenti\u00eble domotica-oplossingen: comfort, veiligheid en energiebeheer perfect ge\u00efntegreerd.\" \/>\n<meta property=\"og:url\" content=\"https:\/\/dotix.be\/nl\/residentiele-domotica\/\" \/>\n<meta property=\"og:site_name\" content=\"Dotix\" \/>\n<meta property=\"article:modified_time\" content=\"2025-07-02T07:11:00+00:00\" \/>\n<meta property=\"og:image\" content=\"https:\/\/dotix.be\/wp-content\/uploads\/2025\/05\/d3144271154f4da85c148fb465fb7aa3c62f8891.webp\" \/>\n\t<meta property=\"og:image:width\" content=\"1920\" \/>\n\t<meta property=\"og:image:height\" content=\"1152\" \/>\n\t<meta property=\"og:image:type\" content=\"image\/webp\" \/>\n<meta name=\"twitter:card\" content=\"summary_large_image\" \/>\n<meta name=\"twitter:label1\" content=\"Geschatte leestijd\" \/>\n\t<meta name=\"twitter:data1\" content=\"1 minuut\" \/>\n<script type=\"application\/ld+json\" class=\"yoast-schema-graph\">{\"@context\":\"https:\/\/schema.org\",\"@graph\":[{\"@type\":\"WebPage\",\"@id\":\"https:\/\/dotix.be\/nl\/residentiele-domotica\/\",\"url\":\"https:\/\/dotix.be\/nl\/residentiele-domotica\/\",\"name\":\"Ontdek onze residenti\u00eble domotica-oplossingen | Dotix\",\"isPartOf\":{\"@id\":\"https:\/\/dotix.be\/nl\/#website\"},\"primaryImageOfPage\":{\"@id\":\"https:\/\/dotix.be\/nl\/residentiele-domotica\/#primaryimage\"},\"image\":{\"@id\":\"https:\/\/dotix.be\/nl\/residentiele-domotica\/#primaryimage\"},\"thumbnailUrl\":\"https:\/\/dotix.be\/wp-content\/uploads\/2025\/05\/d3144271154f4da85c148fb465fb7aa3c62f8891_lwsoptimized.webp\",\"datePublished\":\"2025-05-12T05:05:56+00:00\",\"dateModified\":\"2025-07-02T07:11:00+00:00\",\"description\":\"Dotix biedt op maat gemaakte residenti\u00eble domotica-oplossingen: comfort, veiligheid en energiebeheer perfect ge\u00efntegreerd.\",\"breadcrumb\":{\"@id\":\"https:\/\/dotix.be\/nl\/residentiele-domotica\/#breadcrumb\"},\"inLanguage\":\"nl-NL\",\"potentialAction\":[{\"@type\":\"ReadAction\",\"target\":[\"https:\/\/dotix.be\/nl\/residentiele-domotica\/\"]}]},{\"@type\":\"ImageObject\",\"inLanguage\":\"nl-NL\",\"@id\":\"https:\/\/dotix.be\/nl\/residentiele-domotica\/#primaryimage\",\"url\":\"https:\/\/dotix.be\/wp-content\/uploads\/2025\/05\/d3144271154f4da85c148fb465fb7aa3c62f8891_lwsoptimized.webp\",\"contentUrl\":\"https:\/\/dotix.be\/wp-content\/uploads\/2025\/05\/d3144271154f4da85c148fb465fb7aa3c62f8891_lwsoptimized.webp\",\"width\":1920,\"height\":1152,\"caption\":\"Habitat intelligent et moderne\"},{\"@type\":\"BreadcrumbList\",\"@id\":\"https:\/\/dotix.be\/nl\/residentiele-domotica\/#breadcrumb\",\"itemListElement\":[{\"@type\":\"ListItem\",\"position\":1,\"name\":\"Home\",\"item\":\"https:\/\/dotix.be\/nl\/\"},{\"@type\":\"ListItem\",\"position\":2,\"name\":\"Residenti\u00eble domotica\"}]},{\"@type\":\"WebSite\",\"@id\":\"https:\/\/dotix.be\/nl\/#website\",\"url\":\"https:\/\/dotix.be\/nl\/\",\"name\":\"Dotix\",\"description\":\"\",\"publisher\":{\"@id\":\"https:\/\/dotix.be\/nl\/#organization\"},\"potentialAction\":[{\"@type\":\"SearchAction\",\"target\":{\"@type\":\"EntryPoint\",\"urlTemplate\":\"https:\/\/dotix.be\/nl\/?s={search_term_string}\"},\"query-input\":{\"@type\":\"PropertyValueSpecification\",\"valueRequired\":true,\"valueName\":\"search_term_string\"}}],\"inLanguage\":\"nl-NL\"},{\"@type\":\"Organization\",\"@id\":\"https:\/\/dotix.be\/nl\/#organization\",\"name\":\"Dotix\",\"url\":\"https:\/\/dotix.be\/nl\/\",\"logo\":{\"@type\":\"ImageObject\",\"inLanguage\":\"nl-NL\",\"@id\":\"https:\/\/dotix.be\/nl\/#\/schema\/logo\/image\/\",\"url\":\"https:\/\/dotix.be\/wp-content\/uploads\/2025\/05\/logo.svg\",\"contentUrl\":\"https:\/\/dotix.be\/wp-content\/uploads\/2025\/05\/logo.svg\",\"width\":1,\"height\":1,\"caption\":\"Dotix\"},\"image\":{\"@id\":\"https:\/\/dotix.be\/nl\/#\/schema\/logo\/image\/\"}}]}<\/script>\n<!-- \/ Yoast SEO plugin. -->","yoast_head_json":{"title":"Ontdek onze residenti\u00eble domotica-oplossingen | Dotix","description":"Dotix biedt op maat gemaakte residenti\u00eble domotica-oplossingen: comfort, veiligheid en energiebeheer perfect ge\u00efntegreerd.","robots":{"index":"index","follow":"follow","max-snippet":"max-snippet:-1","max-image-preview":"max-image-preview:large","max-video-preview":"max-video-preview:-1"},"canonical":"https:\/\/dotix.be\/nl\/residentiele-domotica\/","og_locale":"nl_NL","og_type":"article","og_title":"Ontdek onze residenti\u00eble domotica-oplossingen | Dotix","og_description":"Dotix biedt op maat gemaakte residenti\u00eble domotica-oplossingen: comfort, veiligheid en energiebeheer perfect ge\u00efntegreerd.","og_url":"https:\/\/dotix.be\/nl\/residentiele-domotica\/","og_site_name":"Dotix","article_modified_time":"2025-07-02T07:11:00+00:00","og_image":[{"width":1920,"height":1152,"url":"https:\/\/dotix.be\/wp-content\/uploads\/2025\/05\/d3144271154f4da85c148fb465fb7aa3c62f8891.webp","type":"image\/webp"}],"twitter_card":"summary_large_image","twitter_misc":{"Geschatte leestijd":"1 minuut"},"schema":{"@context":"https:\/\/schema.org","@graph":[{"@type":"WebPage","@id":"https:\/\/dotix.be\/nl\/residentiele-domotica\/","url":"https:\/\/dotix.be\/nl\/residentiele-domotica\/","name":"Ontdek onze residenti\u00eble domotica-oplossingen | Dotix","isPartOf":{"@id":"https:\/\/dotix.be\/nl\/#website"},"primaryImageOfPage":{"@id":"https:\/\/dotix.be\/nl\/residentiele-domotica\/#primaryimage"},"image":{"@id":"https:\/\/dotix.be\/nl\/residentiele-domotica\/#primaryimage"},"thumbnailUrl":"https:\/\/dotix.be\/wp-content\/uploads\/2025\/05\/d3144271154f4da85c148fb465fb7aa3c62f8891_lwsoptimized.webp","datePublished":"2025-05-12T05:05:56+00:00","dateModified":"2025-07-02T07:11:00+00:00","description":"Dotix biedt op maat gemaakte residenti\u00eble domotica-oplossingen: comfort, veiligheid en energiebeheer perfect ge\u00efntegreerd.","breadcrumb":{"@id":"https:\/\/dotix.be\/nl\/residentiele-domotica\/#breadcrumb"},"inLanguage":"nl-NL","potentialAction":[{"@type":"ReadAction","target":["https:\/\/dotix.be\/nl\/residentiele-domotica\/"]}]},{"@type":"ImageObject","inLanguage":"nl-NL","@id":"https:\/\/dotix.be\/nl\/residentiele-domotica\/#primaryimage","url":"https:\/\/dotix.be\/wp-content\/uploads\/2025\/05\/d3144271154f4da85c148fb465fb7aa3c62f8891_lwsoptimized.webp","contentUrl":"https:\/\/dotix.be\/wp-content\/uploads\/2025\/05\/d3144271154f4da85c148fb465fb7aa3c62f8891_lwsoptimized.webp","width":1920,"height":1152,"caption":"Habitat intelligent et moderne"},{"@type":"BreadcrumbList","@id":"https:\/\/dotix.be\/nl\/residentiele-domotica\/#breadcrumb","itemListElement":[{"@type":"ListItem","position":1,"name":"Home","item":"https:\/\/dotix.be\/nl\/"},{"@type":"ListItem","position":2,"name":"Residenti\u00eble domotica"}]},{"@type":"WebSite","@id":"https:\/\/dotix.be\/nl\/#website","url":"https:\/\/dotix.be\/nl\/","name":"Dotix","description":"","publisher":{"@id":"https:\/\/dotix.be\/nl\/#organization"},"potentialAction":[{"@type":"SearchAction","target":{"@type":"EntryPoint","urlTemplate":"https:\/\/dotix.be\/nl\/?s={search_term_string}"},"query-input":{"@type":"PropertyValueSpecification","valueRequired":true,"valueName":"search_term_string"}}],"inLanguage":"nl-NL"},{"@type":"Organization","@id":"https:\/\/dotix.be\/nl\/#organization","name":"Dotix","url":"https:\/\/dotix.be\/nl\/","logo":{"@type":"ImageObject","inLanguage":"nl-NL","@id":"https:\/\/dotix.be\/nl\/#\/schema\/logo\/image\/","url":"https:\/\/dotix.be\/wp-content\/uploads\/2025\/05\/logo.svg","contentUrl":"https:\/\/dotix.be\/wp-content\/uploads\/2025\/05\/logo.svg","width":1,"height":1,"caption":"Dotix"},"image":{"@id":"https:\/\/dotix.be\/nl\/#\/schema\/logo\/image\/"}}]}},"_links":{"self":[{"href":"https:\/\/dotix.be\/nl\/wp-json\/wp\/v2\/pages\/1124","targetHints":{"allow":["GET"]}}],"collection":[{"href":"https:\/\/dotix.be\/nl\/wp-json\/wp\/v2\/pages"}],"about":[{"href":"https:\/\/dotix.be\/nl\/wp-json\/wp\/v2\/types\/page"}],"author":[{"embeddable":true,"href":"https:\/\/dotix.be\/nl\/wp-json\/wp\/v2\/users\/1"}],"replies":[{"embeddable":true,"href":"https:\/\/dotix.be\/nl\/wp-json\/wp\/v2\/comments?post=1124"}],"version-history":[{"count":7,"href":"https:\/\/dotix.be\/nl\/wp-json\/wp\/v2\/pages\/1124\/revisions"}],"predecessor-version":[{"id":1596,"href":"https:\/\/dotix.be\/nl\/wp-json\/wp\/v2\/pages\/1124\/revisions\/1596"}],"wp:featuredmedia":[{"embeddable":true,"href":"https:\/\/dotix.be\/nl\/wp-json\/wp\/v2\/media\/632"}],"wp:attachment":[{"href":"https:\/\/dotix.be\/nl\/wp-json\/wp\/v2\/media?parent=1124"}],"curies":[{"name":"wp","href":"https:\/\/api.w.org\/{rel}","templated":true}]}}