{"id":1508,"date":"2025-06-05T12:06:27","date_gmt":"2025-06-05T10:06:27","guid":{"rendered":"https:\/\/dotix.be\/support-et-assistance\/"},"modified":"2025-06-09T09:06:47","modified_gmt":"2025-06-09T07:06:47","slug":"support-and-assistance","status":"publish","type":"page","link":"https:\/\/dotix.be\/en\/support-and-assistance\/","title":{"rendered":"Support &#038; Assistance \u2013 Dotix"},"content":{"rendered":"<h2>Assistance prioritaire<\/h2>\n<p><span style=\"font-weight: 400;\">Vous \u00eates d\u00e9j\u00e0 client Dotix et vous faites face \u00e0 un blocage technique ou \u00e0 un besoin d\u2019intervention rapide ? Nos \u00e9quipes vous r\u00e9pondent dans les plus brefs d\u00e9lais via les canaux suivants :<\/span><\/p>\n<h4><b>Support t\u00e9l\u00e9phonique d\u00e9di\u00e9<\/b><\/h4>\n<p><span style=\"font-weight: 400;\">Du lundi au vendredi de 8h30 \u00e0 18h00<\/span><\/p>\n<p><span style=\"font-weight: 400;\">T\u00e9l. : <\/span><b>+32 497 51 17 51<\/b><\/p>\n<p><span style=\"font-weight: 400;\">Ligne prioritaire r\u00e9serv\u00e9e \u00e0 nos clients install\u00e9s ou en cours de projet.<\/span><\/p>\n<h4><b>Support par email<\/b><\/h4>\n<p><span style=\"font-weight: 400;\">Pour toute demande non urgente ou n\u00e9cessitant une analyse technique, contactez-nous \u00e0 :<\/span><\/p>\n<p><b>sebastien@dotix.be<\/b><\/p>\n<p><span style=\"font-weight: 400;\">Nous nous engageons \u00e0 r\u00e9pondre sous 2 heures ouvrables.<\/span><\/p>\n<p><span style=\"font-weight: 400;\">Merci de pr\u00e9ciser dans votre message :<\/span><\/p>\n<ul>\n<li style=\"font-weight: 400;\" aria-level=\"1\"><span style=\"font-weight: 400;\">Votre nom complet et\/ou le nom du projet<\/span><\/li>\n<li style=\"font-weight: 400;\" aria-level=\"1\"><span style=\"font-weight: 400;\">L\u2019adresse ou le lieu concern\u00e9<\/span><\/li>\n<li style=\"font-weight: 400;\" aria-level=\"1\"><span style=\"font-weight: 400;\">Une description claire du probl\u00e8me<\/span><\/li>\n<li style=\"font-weight: 400;\" aria-level=\"1\"><span style=\"font-weight: 400;\">Si possible, joindre une photo ou une capture d\u2019\u00e9cran<\/span><\/li>\n<\/ul>\n<h2>Premiers r\u00e9flexes avant de nous contacter<\/h2>\n<p><span style=\"font-weight: 400;\">Avant de solliciter notre \u00e9quipe, vous pouvez effectuer ces quelques v\u00e9rifications qui permettent souvent de r\u00e9tablir la situation rapidement :<\/span><\/p>\n<ol>\n<li style=\"font-weight: 400;\" aria-level=\"1\"><span style=\"font-weight: 400;\">Red\u00e9marrez votre routeur Internet (si vous constatez une perte de connexion ou un contr\u00f4le \u00e0 distance inop\u00e9rant).<\/span><\/li>\n<li style=\"font-weight: 400;\" aria-level=\"1\"><span style=\"font-weight: 400;\">\u00c9teignez et rallumez l\u2019\u00e9quipement concern\u00e9 (\u00e9cran de commande, serveur, interface locale).<\/span><\/li>\n<li style=\"font-weight: 400;\" aria-level=\"1\"><span style=\"font-weight: 400;\">V\u00e9rifiez si d\u2019autres appareils du r\u00e9seau fonctionnent normalement, ce qui peut nous aider \u00e0 isoler l\u2019origine du dysfonctionnement.<\/span><\/li>\n<\/ol>\n<h2>Un service \u00e0 la hauteur de vos attentes<\/h2>\n<p><span style=\"font-weight: 400;\">Chez Dotix, chaque installation est con\u00e7ue pour durer, mais aussi pour \u00e9voluer. Notre support est con\u00e7u pour garantir votre s\u00e9r\u00e9nit\u00e9, avec une approche proactive, discr\u00e8te et personnalis\u00e9e. En cas de besoin, nous mobilisons rapidement nos experts pour restaurer votre confort, votre s\u00e9curit\u00e9 et votre ma\u00eetrise technologique.<\/span><\/p>\n","protected":false},"excerpt":{"rendered":"<p>Assistance prioritaire Vous \u00eates d\u00e9j\u00e0 client Dotix et vous faites face \u00e0 un blocage technique ou \u00e0 un besoin d\u2019intervention rapide ? Nos \u00e9quipes vous r\u00e9pondent dans les plus brefs d\u00e9lais via les canaux suivants : Support t\u00e9l\u00e9phonique d\u00e9di\u00e9 Du lundi au vendredi de 8h30 \u00e0 18h00 T\u00e9l. : +32 497 51 17 51 Ligne [&hellip;]<\/p>\n","protected":false},"author":8,"featured_media":0,"parent":0,"menu_order":0,"comment_status":"closed","ping_status":"closed","template":"","meta":{"_acf_changed":false,"_breakdance_hide_in_design_set":false,"_breakdance_tags":"","footnotes":""},"class_list":["post-1508","page","type-page","status-publish","hentry"],"acf":[],"yoast_head":"<!-- This site is optimized with the Yoast SEO plugin v25.1 - https:\/\/yoast.com\/wordpress\/plugins\/seo\/ -->\n<title>Assistance &amp; Support Dotix \u2013 Votre expert domotique \u00e0 l\u2019\u00e9coute<\/title>\n<meta name=\"description\" content=\"Support client Dotix : assistance rapide par t\u00e9l\u00e9phone et email, conseils personnalis\u00e9s et interventions efficaces en domotique.\" \/>\n<meta name=\"robots\" content=\"index, follow, max-snippet:-1, max-image-preview:large, max-video-preview:-1\" \/>\n<link rel=\"canonical\" href=\"https:\/\/dotix.be\/en\/support-and-assistance\/\" \/>\n<meta property=\"og:locale\" content=\"en_US\" \/>\n<meta property=\"og:type\" content=\"article\" \/>\n<meta property=\"og:title\" content=\"Assistance &amp; Support Dotix \u2013 Votre expert domotique \u00e0 l\u2019\u00e9coute\" \/>\n<meta property=\"og:description\" content=\"Support client Dotix : assistance rapide par t\u00e9l\u00e9phone et email, conseils personnalis\u00e9s et interventions efficaces en domotique.\" \/>\n<meta property=\"og:url\" content=\"https:\/\/dotix.be\/en\/support-and-assistance\/\" \/>\n<meta property=\"og:site_name\" content=\"Dotix\" \/>\n<meta property=\"article:modified_time\" content=\"2025-06-09T07:06:47+00:00\" \/>\n<meta name=\"twitter:card\" content=\"summary_large_image\" \/>\n<meta name=\"twitter:label1\" content=\"Est. reading time\" \/>\n\t<meta name=\"twitter:data1\" content=\"2 minutes\" \/>\n<script type=\"application\/ld+json\" class=\"yoast-schema-graph\">{\"@context\":\"https:\/\/schema.org\",\"@graph\":[{\"@type\":\"WebPage\",\"@id\":\"https:\/\/dotix.be\/en\/support-and-assistance\/\",\"url\":\"https:\/\/dotix.be\/en\/support-and-assistance\/\",\"name\":\"Assistance & Support Dotix \u2013 Votre expert domotique \u00e0 l\u2019\u00e9coute\",\"isPartOf\":{\"@id\":\"https:\/\/dotix.be\/en\/#website\"},\"datePublished\":\"2025-06-05T10:06:27+00:00\",\"dateModified\":\"2025-06-09T07:06:47+00:00\",\"description\":\"Support client Dotix : assistance rapide par t\u00e9l\u00e9phone et email, conseils personnalis\u00e9s et interventions efficaces en domotique.\",\"breadcrumb\":{\"@id\":\"https:\/\/dotix.be\/en\/support-and-assistance\/#breadcrumb\"},\"inLanguage\":\"en-US\",\"potentialAction\":[{\"@type\":\"ReadAction\",\"target\":[\"https:\/\/dotix.be\/en\/support-and-assistance\/\"]}]},{\"@type\":\"BreadcrumbList\",\"@id\":\"https:\/\/dotix.be\/en\/support-and-assistance\/#breadcrumb\",\"itemListElement\":[{\"@type\":\"ListItem\",\"position\":1,\"name\":\"Home\",\"item\":\"https:\/\/dotix.be\/en\/\"},{\"@type\":\"ListItem\",\"position\":2,\"name\":\"Support &#038; Assistance \u2013 Dotix\"}]},{\"@type\":\"WebSite\",\"@id\":\"https:\/\/dotix.be\/en\/#website\",\"url\":\"https:\/\/dotix.be\/en\/\",\"name\":\"Dotix\",\"description\":\"\",\"publisher\":{\"@id\":\"https:\/\/dotix.be\/en\/#organization\"},\"potentialAction\":[{\"@type\":\"SearchAction\",\"target\":{\"@type\":\"EntryPoint\",\"urlTemplate\":\"https:\/\/dotix.be\/en\/?s={search_term_string}\"},\"query-input\":{\"@type\":\"PropertyValueSpecification\",\"valueRequired\":true,\"valueName\":\"search_term_string\"}}],\"inLanguage\":\"en-US\"},{\"@type\":\"Organization\",\"@id\":\"https:\/\/dotix.be\/en\/#organization\",\"name\":\"Dotix\",\"url\":\"https:\/\/dotix.be\/en\/\",\"logo\":{\"@type\":\"ImageObject\",\"inLanguage\":\"en-US\",\"@id\":\"https:\/\/dotix.be\/en\/#\/schema\/logo\/image\/\",\"url\":\"https:\/\/dotix.be\/wp-content\/uploads\/2025\/05\/logo.svg\",\"contentUrl\":\"https:\/\/dotix.be\/wp-content\/uploads\/2025\/05\/logo.svg\",\"width\":1,\"height\":1,\"caption\":\"Dotix\"},\"image\":{\"@id\":\"https:\/\/dotix.be\/en\/#\/schema\/logo\/image\/\"}}]}<\/script>\n<!-- \/ Yoast SEO plugin. -->","yoast_head_json":{"title":"Assistance & Support Dotix \u2013 Votre expert domotique \u00e0 l\u2019\u00e9coute","description":"Support client Dotix : assistance rapide par t\u00e9l\u00e9phone et email, conseils personnalis\u00e9s et interventions efficaces en domotique.","robots":{"index":"index","follow":"follow","max-snippet":"max-snippet:-1","max-image-preview":"max-image-preview:large","max-video-preview":"max-video-preview:-1"},"canonical":"https:\/\/dotix.be\/en\/support-and-assistance\/","og_locale":"en_US","og_type":"article","og_title":"Assistance & Support Dotix \u2013 Votre expert domotique \u00e0 l\u2019\u00e9coute","og_description":"Support client Dotix : assistance rapide par t\u00e9l\u00e9phone et email, conseils personnalis\u00e9s et interventions efficaces en domotique.","og_url":"https:\/\/dotix.be\/en\/support-and-assistance\/","og_site_name":"Dotix","article_modified_time":"2025-06-09T07:06:47+00:00","twitter_card":"summary_large_image","twitter_misc":{"Est. reading time":"2 minutes"},"schema":{"@context":"https:\/\/schema.org","@graph":[{"@type":"WebPage","@id":"https:\/\/dotix.be\/en\/support-and-assistance\/","url":"https:\/\/dotix.be\/en\/support-and-assistance\/","name":"Assistance & Support Dotix \u2013 Votre expert domotique \u00e0 l\u2019\u00e9coute","isPartOf":{"@id":"https:\/\/dotix.be\/en\/#website"},"datePublished":"2025-06-05T10:06:27+00:00","dateModified":"2025-06-09T07:06:47+00:00","description":"Support client Dotix : assistance rapide par t\u00e9l\u00e9phone et email, conseils personnalis\u00e9s et interventions efficaces en domotique.","breadcrumb":{"@id":"https:\/\/dotix.be\/en\/support-and-assistance\/#breadcrumb"},"inLanguage":"en-US","potentialAction":[{"@type":"ReadAction","target":["https:\/\/dotix.be\/en\/support-and-assistance\/"]}]},{"@type":"BreadcrumbList","@id":"https:\/\/dotix.be\/en\/support-and-assistance\/#breadcrumb","itemListElement":[{"@type":"ListItem","position":1,"name":"Home","item":"https:\/\/dotix.be\/en\/"},{"@type":"ListItem","position":2,"name":"Support &#038; Assistance \u2013 Dotix"}]},{"@type":"WebSite","@id":"https:\/\/dotix.be\/en\/#website","url":"https:\/\/dotix.be\/en\/","name":"Dotix","description":"","publisher":{"@id":"https:\/\/dotix.be\/en\/#organization"},"potentialAction":[{"@type":"SearchAction","target":{"@type":"EntryPoint","urlTemplate":"https:\/\/dotix.be\/en\/?s={search_term_string}"},"query-input":{"@type":"PropertyValueSpecification","valueRequired":true,"valueName":"search_term_string"}}],"inLanguage":"en-US"},{"@type":"Organization","@id":"https:\/\/dotix.be\/en\/#organization","name":"Dotix","url":"https:\/\/dotix.be\/en\/","logo":{"@type":"ImageObject","inLanguage":"en-US","@id":"https:\/\/dotix.be\/en\/#\/schema\/logo\/image\/","url":"https:\/\/dotix.be\/wp-content\/uploads\/2025\/05\/logo.svg","contentUrl":"https:\/\/dotix.be\/wp-content\/uploads\/2025\/05\/logo.svg","width":1,"height":1,"caption":"Dotix"},"image":{"@id":"https:\/\/dotix.be\/en\/#\/schema\/logo\/image\/"}}]}},"_links":{"self":[{"href":"https:\/\/dotix.be\/en\/wp-json\/wp\/v2\/pages\/1508","targetHints":{"allow":["GET"]}}],"collection":[{"href":"https:\/\/dotix.be\/en\/wp-json\/wp\/v2\/pages"}],"about":[{"href":"https:\/\/dotix.be\/en\/wp-json\/wp\/v2\/types\/page"}],"author":[{"embeddable":true,"href":"https:\/\/dotix.be\/en\/wp-json\/wp\/v2\/users\/8"}],"replies":[{"embeddable":true,"href":"https:\/\/dotix.be\/en\/wp-json\/wp\/v2\/comments?post=1508"}],"version-history":[{"count":1,"href":"https:\/\/dotix.be\/en\/wp-json\/wp\/v2\/pages\/1508\/revisions"}],"predecessor-version":[{"id":1510,"href":"https:\/\/dotix.be\/en\/wp-json\/wp\/v2\/pages\/1508\/revisions\/1510"}],"wp:attachment":[{"href":"https:\/\/dotix.be\/en\/wp-json\/wp\/v2\/media?parent=1508"}],"curies":[{"name":"wp","href":"https:\/\/api.w.org\/{rel}","templated":true}]}}