{"id":1181,"date":"2025-05-12T07:06:54","date_gmt":"2025-05-12T05:06:54","guid":{"rendered":"https:\/\/dotix.be\/domotique-residentielle\/suivi-consommation-energie\/"},"modified":"2025-07-02T09:09:25","modified_gmt":"2025-07-02T07:09:25","slug":"energy-monitoring","status":"publish","type":"page","link":"https:\/\/dotix.be\/en\/residential-home-automation\/energy-monitoring\/","title":{"rendered":"Energy monitoring"},"content":{"rendered":"<div class='breakdance'><section class=\"bde-section-1181-100 bde-section gr\">\n  \n  \n\t\n\n\n\n<div class=\"section-container\"><div class=\"bde-div-1181-101 bde-div\">\n  \n  \n\t\n\n\n\n<div class=\"bde-text-1181-102 bde-text\">\nSolutions\n<\/div><h2 class=\"bde-heading-1181-103 bde-heading\">\nOur range of possibilities\n<\/h2><div class=\"bde-checkmark-list-1181-104 bde-checkmark-list\">\n<ul>\n  \n              \n              \n    <li>\n      <span class='bde-checkmark-list__icon bde-checkmark-list__icon_yes '>\n                  <svg xmlns=\"http:\/\/www.w3.org\/2000\/svg\" width=\"16\" height=\"13\" viewBox=\"0 0 16 13\" fill=\"none\">\r\n<path d=\"M15.7539 1.61133L6.67676 12.0449L0 4.37012L0.753906 3.71387L6.67676 10.5215L15 0.955078L15.7539 1.61133Z\" fill=\"#D7B665\"\/>\r\n<\/svg>\n              <\/span>\n      <div >\n        Comprehensive monitoring of energy consumption (electricity, gas, water)\n      <\/div>\n\n    <\/li>\n\n  \n              \n              \n    <li>\n      <span class='bde-checkmark-list__icon bde-checkmark-list__icon_yes '>\n                  <svg xmlns=\"http:\/\/www.w3.org\/2000\/svg\" width=\"16\" height=\"13\" viewBox=\"0 0 16 13\" fill=\"none\">\r\n<path d=\"M15.7539 1.61133L6.67676 12.0449L0 4.37012L0.753906 3.71387L6.67676 10.5215L15 0.955078L15.7539 1.61133Z\" fill=\"#D7B665\"\/>\r\n<\/svg>\n              <\/span>\n      <div >\n        Detailed reporting by resource type or by area of the house\n      <\/div>\n\n    <\/li>\n\n  \n              \n              \n    <li>\n      <span class='bde-checkmark-list__icon bde-checkmark-list__icon_yes '>\n                  <svg xmlns=\"http:\/\/www.w3.org\/2000\/svg\" width=\"16\" height=\"13\" viewBox=\"0 0 16 13\" fill=\"none\">\r\n<path d=\"M15.7539 1.61133L6.67676 12.0449L0 4.37012L0.753906 3.71387L6.67676 10.5215L15 0.955078L15.7539 1.61133Z\" fill=\"#D7B665\"\/>\r\n<\/svg>\n              <\/span>\n      <div >\n        Sub-metering systems for precise monitoring by room or usage\n      <\/div>\n\n    <\/li>\n\n  \n              \n              \n    <li>\n      <span class='bde-checkmark-list__icon bde-checkmark-list__icon_yes '>\n                  <svg xmlns=\"http:\/\/www.w3.org\/2000\/svg\" width=\"16\" height=\"13\" viewBox=\"0 0 16 13\" fill=\"none\">\r\n<path d=\"M15.7539 1.61133L6.67676 12.0449L0 4.37012L0.753906 3.71387L6.67676 10.5215L15 0.955078L15.7539 1.61133Z\" fill=\"#D7B665\"\/>\r\n<\/svg>\n              <\/span>\n      <div >\n        Water leak detection with floor sensors and automatic valve shutoff\n      <\/div>\n\n    <\/li>\n\n  \n              \n              \n    <li>\n      <span class='bde-checkmark-list__icon bde-checkmark-list__icon_yes '>\n                  <svg xmlns=\"http:\/\/www.w3.org\/2000\/svg\" width=\"16\" height=\"13\" viewBox=\"0 0 16 13\" fill=\"none\">\r\n<path d=\"M15.7539 1.61133L6.67676 12.0449L0 4.37012L0.753906 3.71387L6.67676 10.5215L15 0.955078L15.7539 1.61133Z\" fill=\"#D7B665\"\/>\r\n<\/svg>\n              <\/span>\n      <div >\n        Remote water control and shutoff via app or smart scenario\n      <\/div>\n\n    <\/li>\n\n  <\/ul>\n\n<\/div>\n<\/div><div class=\"bde-div-1181-105 bde-div\">\n  \n  \n\t\n\n\n\n<img type=\"image\/webp\" class=\"bde-image2-1181-106 bde-image2 lws-optimize-lazyload\"  alt=\"Dotix, connect\" loading=\"lazy\" srcset=\"https:\/\/dotix.be\/wp-content\/uploads\/2025\/05\/shutterstock_2152582703.webp 1920w, https:\/\/dotix.be\/wp-content\/uploads\/2025\/05\/shutterstock_2152582703-300x200.webp 300w, https:\/\/dotix.be\/wp-content\/uploads\/2025\/05\/shutterstock_2152582703-1024x684.webp 1024w, https:\/\/dotix.be\/wp-content\/uploads\/2025\/05\/shutterstock_2152582703-768x513.webp 768w, https:\/\/dotix.be\/wp-content\/uploads\/2025\/05\/shutterstock_2152582703-1536x1026.webp 1536w\" sizes=\"(max-width: 1920px) 100vw, 1920px\" data-src=\"https:\/\/dotix.be\/wp-content\/uploads\/2025\/05\/shutterstock_2152582703.webp\"><img type=\"image\/webp\" class=\"bde-image2-1181-107 bde-image2 lws-optimize-lazyload\"  alt=\"Contr\u00f4le et suivi de l&#039;\u00e9nergie en temps r\u00e9el avec la domotique r\u00e9sidentielle\" loading=\"lazy\" srcset=\"https:\/\/dotix.be\/wp-content\/uploads\/2025\/05\/Thermostat-domotique-residentielle-scaled.jpg 2560w, https:\/\/dotix.be\/wp-content\/uploads\/2025\/05\/Thermostat-domotique-residentielle-300x200.jpg 300w, https:\/\/dotix.be\/wp-content\/uploads\/2025\/05\/Thermostat-domotique-residentielle-1024x683.jpg 1024w, https:\/\/dotix.be\/wp-content\/uploads\/2025\/05\/Thermostat-domotique-residentielle-768x512.jpg 768w, https:\/\/dotix.be\/wp-content\/uploads\/2025\/05\/Thermostat-domotique-residentielle-1536x1024.jpg 1536w, https:\/\/dotix.be\/wp-content\/uploads\/2025\/05\/Thermostat-domotique-residentielle-2048x1365.jpg 2048w\" sizes=\"(max-width: 2560px) 100vw, 2560px\" data-src=\"https:\/\/dotix.be\/wp-content\/uploads\/2025\/05\/Thermostat-domotique-residentielle-scaled.jpg\"><img type=\"image\/webp\" class=\"bde-image2-1181-108 bde-image2 lws-optimize-lazyload\"  alt=\"Technologie domotique\" loading=\"lazy\" srcset=\"https:\/\/dotix.be\/wp-content\/uploads\/2025\/05\/DSC07197.JPGbak.jpg 1000w, https:\/\/dotix.be\/wp-content\/uploads\/2025\/05\/DSC07197.JPGbak-300x200.jpg 300w, https:\/\/dotix.be\/wp-content\/uploads\/2025\/05\/DSC07197.JPGbak-768x512.jpg 768w\" sizes=\"(max-width: 1000px) 100vw, 1000px\" data-src=\"https:\/\/dotix.be\/wp-content\/uploads\/2025\/05\/DSC07197.JPGbak.jpg\">\n<\/div><\/div>\n<\/section><section class=\"bde-section-1181-122 bde-section gr\">\n  \n  \n\t\n\n\n\n<div class=\"section-container\"><div class=\"bde-div-1181-123 bde-div\" data-bde-lazy-bg=\"waiting\">\n              \n  \n        \n    \n\t\n\n  <div class=\"section-background-overlay\"><\/div>\n\n\n\n<\/div><div class=\"bde-div-1181-124 bde-div\">\n  \n  \n\t\n\n\n\n<h2 class=\"bde-heading-1181-125 bde-heading\">\nSchedule an appointment to discover how to reduce your energy costs with our tailor-made solutions.\n<\/h2><div class=\"bde-globalblock-1181-126 bde-globalblock\">\n<div class='breakdance'><div class=\"bde-button-1355-100-1355-1 bde-button bde-button-1355-100\">\n    \n                                    \n    \n    \n    \n    \n            \n                    \n            \n            \n\n    \n    \n    \n    \n    \n    <a class=\"breakdance-link button-atom button-atom--primary bde-button__button\" href=\"https:\/\/dotix.be\/en\/schedule-a-call\/\" target=\"_self\" data-type=\"url\"  >\n\n    \n        <span class=\"button-atom__text\">Schedule a call<\/span>\n\n        \n        \n                <\/a>\n\n    \n\n\n<\/div><\/div>\n<\/div>\n<\/div><\/div>\n<\/section><\/div>","protected":false},"excerpt":{"rendered":"<p>Visualize and control your energy consumption in real time, without compromising your comfort.<\/p>\n","protected":false},"author":1,"featured_media":1037,"parent":1164,"menu_order":0,"comment_status":"closed","ping_status":"closed","template":"template-block.php","meta":{"_acf_changed":false,"_breakdance_hide_in_design_set":false,"_breakdance_tags":"","footnotes":""},"class_list":["post-1181","page","type-page","status-publish","has-post-thumbnail","hentry"],"acf":[],"yoast_head":"<!-- This site is optimized with the Yoast SEO plugin v25.1 - https:\/\/yoast.com\/wordpress\/plugins\/seo\/ -->\n<title>Tailor-made energy home automation | Smart monitoring \u2013 Dotix<\/title>\n<meta name=\"description\" content=\"Monitor and control your consumption with intelligent, discreet, and seamlessly integrated energy home automation.\" \/>\n<meta name=\"robots\" content=\"index, follow, max-snippet:-1, max-image-preview:large, max-video-preview:-1\" \/>\n<link rel=\"canonical\" href=\"https:\/\/dotix.be\/en\/residential-home-automation\/energy-monitoring\/\" \/>\n<meta property=\"og:locale\" content=\"en_US\" \/>\n<meta property=\"og:type\" content=\"article\" \/>\n<meta property=\"og:title\" content=\"Tailor-made energy home automation | Smart monitoring \u2013 Dotix\" \/>\n<meta property=\"og:description\" content=\"Monitor and control your consumption with intelligent, discreet, and seamlessly integrated energy home automation.\" \/>\n<meta property=\"og:url\" content=\"https:\/\/dotix.be\/en\/residential-home-automation\/energy-monitoring\/\" \/>\n<meta property=\"og:site_name\" content=\"Dotix\" \/>\n<meta property=\"article:modified_time\" content=\"2025-07-02T07:09:25+00:00\" \/>\n<meta property=\"og:image\" content=\"https:\/\/dotix.be\/wp-content\/uploads\/2025\/05\/suivi-energie-domotique-dotix-scaled.jpg\" \/>\n\t<meta property=\"og:image:width\" content=\"2560\" \/>\n\t<meta property=\"og:image:height\" content=\"1706\" \/>\n\t<meta property=\"og:image:type\" content=\"image\/jpeg\" \/>\n<meta name=\"twitter:card\" content=\"summary_large_image\" \/>\n<meta name=\"twitter:label1\" content=\"Est. reading time\" \/>\n\t<meta name=\"twitter:data1\" content=\"3 minutes\" \/>\n<script type=\"application\/ld+json\" class=\"yoast-schema-graph\">{\"@context\":\"https:\/\/schema.org\",\"@graph\":[{\"@type\":\"WebPage\",\"@id\":\"https:\/\/dotix.be\/en\/residential-home-automation\/energy-monitoring\/\",\"url\":\"https:\/\/dotix.be\/en\/residential-home-automation\/energy-monitoring\/\",\"name\":\"Tailor-made energy home automation | Smart monitoring \u2013 Dotix\",\"isPartOf\":{\"@id\":\"https:\/\/dotix.be\/en\/#website\"},\"primaryImageOfPage\":{\"@id\":\"https:\/\/dotix.be\/en\/residential-home-automation\/energy-monitoring\/#primaryimage\"},\"image\":{\"@id\":\"https:\/\/dotix.be\/en\/residential-home-automation\/energy-monitoring\/#primaryimage\"},\"thumbnailUrl\":\"https:\/\/dotix.be\/wp-content\/uploads\/2025\/05\/suivi-energie-domotique-dotix-scaled_lwsoptimized.webp\",\"datePublished\":\"2025-05-12T05:06:54+00:00\",\"dateModified\":\"2025-07-02T07:09:25+00:00\",\"description\":\"Monitor and control your consumption with intelligent, discreet, and seamlessly integrated energy home automation.\",\"breadcrumb\":{\"@id\":\"https:\/\/dotix.be\/en\/residential-home-automation\/energy-monitoring\/#breadcrumb\"},\"inLanguage\":\"en-US\",\"potentialAction\":[{\"@type\":\"ReadAction\",\"target\":[\"https:\/\/dotix.be\/en\/residential-home-automation\/energy-monitoring\/\"]}]},{\"@type\":\"ImageObject\",\"inLanguage\":\"en-US\",\"@id\":\"https:\/\/dotix.be\/en\/residential-home-automation\/energy-monitoring\/#primaryimage\",\"url\":\"https:\/\/dotix.be\/wp-content\/uploads\/2025\/05\/suivi-energie-domotique-dotix-scaled_lwsoptimized.webp\",\"contentUrl\":\"https:\/\/dotix.be\/wp-content\/uploads\/2025\/05\/suivi-energie-domotique-dotix-scaled_lwsoptimized.webp\",\"width\":2560,\"height\":1706,\"caption\":\"Suiic de votre consommation \u00e9nerg\u00e9tique en temps r\u00e9elle avec la domotique\"},{\"@type\":\"BreadcrumbList\",\"@id\":\"https:\/\/dotix.be\/en\/residential-home-automation\/energy-monitoring\/#breadcrumb\",\"itemListElement\":[{\"@type\":\"ListItem\",\"position\":1,\"name\":\"Home\",\"item\":\"https:\/\/dotix.be\/en\/\"},{\"@type\":\"ListItem\",\"position\":2,\"name\":\"Residential home automation\",\"item\":\"https:\/\/dotix.be\/en\/residential-home-automation\/\"},{\"@type\":\"ListItem\",\"position\":3,\"name\":\"Energy monitoring\"}]},{\"@type\":\"WebSite\",\"@id\":\"https:\/\/dotix.be\/en\/#website\",\"url\":\"https:\/\/dotix.be\/en\/\",\"name\":\"Dotix\",\"description\":\"\",\"publisher\":{\"@id\":\"https:\/\/dotix.be\/en\/#organization\"},\"potentialAction\":[{\"@type\":\"SearchAction\",\"target\":{\"@type\":\"EntryPoint\",\"urlTemplate\":\"https:\/\/dotix.be\/en\/?s={search_term_string}\"},\"query-input\":{\"@type\":\"PropertyValueSpecification\",\"valueRequired\":true,\"valueName\":\"search_term_string\"}}],\"inLanguage\":\"en-US\"},{\"@type\":\"Organization\",\"@id\":\"https:\/\/dotix.be\/en\/#organization\",\"name\":\"Dotix\",\"url\":\"https:\/\/dotix.be\/en\/\",\"logo\":{\"@type\":\"ImageObject\",\"inLanguage\":\"en-US\",\"@id\":\"https:\/\/dotix.be\/en\/#\/schema\/logo\/image\/\",\"url\":\"https:\/\/dotix.be\/wp-content\/uploads\/2025\/05\/logo.svg\",\"contentUrl\":\"https:\/\/dotix.be\/wp-content\/uploads\/2025\/05\/logo.svg\",\"width\":1,\"height\":1,\"caption\":\"Dotix\"},\"image\":{\"@id\":\"https:\/\/dotix.be\/en\/#\/schema\/logo\/image\/\"}}]}<\/script>\n<!-- \/ Yoast SEO plugin. -->","yoast_head_json":{"title":"Tailor-made energy home automation | Smart monitoring \u2013 Dotix","description":"Monitor and control your consumption with intelligent, discreet, and seamlessly integrated energy home automation.","robots":{"index":"index","follow":"follow","max-snippet":"max-snippet:-1","max-image-preview":"max-image-preview:large","max-video-preview":"max-video-preview:-1"},"canonical":"https:\/\/dotix.be\/en\/residential-home-automation\/energy-monitoring\/","og_locale":"en_US","og_type":"article","og_title":"Tailor-made energy home automation | Smart monitoring \u2013 Dotix","og_description":"Monitor and control your consumption with intelligent, discreet, and seamlessly integrated energy home automation.","og_url":"https:\/\/dotix.be\/en\/residential-home-automation\/energy-monitoring\/","og_site_name":"Dotix","article_modified_time":"2025-07-02T07:09:25+00:00","og_image":[{"width":2560,"height":1706,"url":"https:\/\/dotix.be\/wp-content\/uploads\/2025\/05\/suivi-energie-domotique-dotix-scaled.jpg","type":"image\/jpeg"}],"twitter_card":"summary_large_image","twitter_misc":{"Est. reading time":"3 minutes"},"schema":{"@context":"https:\/\/schema.org","@graph":[{"@type":"WebPage","@id":"https:\/\/dotix.be\/en\/residential-home-automation\/energy-monitoring\/","url":"https:\/\/dotix.be\/en\/residential-home-automation\/energy-monitoring\/","name":"Tailor-made energy home automation | Smart monitoring \u2013 Dotix","isPartOf":{"@id":"https:\/\/dotix.be\/en\/#website"},"primaryImageOfPage":{"@id":"https:\/\/dotix.be\/en\/residential-home-automation\/energy-monitoring\/#primaryimage"},"image":{"@id":"https:\/\/dotix.be\/en\/residential-home-automation\/energy-monitoring\/#primaryimage"},"thumbnailUrl":"https:\/\/dotix.be\/wp-content\/uploads\/2025\/05\/suivi-energie-domotique-dotix-scaled_lwsoptimized.webp","datePublished":"2025-05-12T05:06:54+00:00","dateModified":"2025-07-02T07:09:25+00:00","description":"Monitor and control your consumption with intelligent, discreet, and seamlessly integrated energy home automation.","breadcrumb":{"@id":"https:\/\/dotix.be\/en\/residential-home-automation\/energy-monitoring\/#breadcrumb"},"inLanguage":"en-US","potentialAction":[{"@type":"ReadAction","target":["https:\/\/dotix.be\/en\/residential-home-automation\/energy-monitoring\/"]}]},{"@type":"ImageObject","inLanguage":"en-US","@id":"https:\/\/dotix.be\/en\/residential-home-automation\/energy-monitoring\/#primaryimage","url":"https:\/\/dotix.be\/wp-content\/uploads\/2025\/05\/suivi-energie-domotique-dotix-scaled_lwsoptimized.webp","contentUrl":"https:\/\/dotix.be\/wp-content\/uploads\/2025\/05\/suivi-energie-domotique-dotix-scaled_lwsoptimized.webp","width":2560,"height":1706,"caption":"Suiic de votre consommation \u00e9nerg\u00e9tique en temps r\u00e9elle avec la domotique"},{"@type":"BreadcrumbList","@id":"https:\/\/dotix.be\/en\/residential-home-automation\/energy-monitoring\/#breadcrumb","itemListElement":[{"@type":"ListItem","position":1,"name":"Home","item":"https:\/\/dotix.be\/en\/"},{"@type":"ListItem","position":2,"name":"Residential home automation","item":"https:\/\/dotix.be\/en\/residential-home-automation\/"},{"@type":"ListItem","position":3,"name":"Energy monitoring"}]},{"@type":"WebSite","@id":"https:\/\/dotix.be\/en\/#website","url":"https:\/\/dotix.be\/en\/","name":"Dotix","description":"","publisher":{"@id":"https:\/\/dotix.be\/en\/#organization"},"potentialAction":[{"@type":"SearchAction","target":{"@type":"EntryPoint","urlTemplate":"https:\/\/dotix.be\/en\/?s={search_term_string}"},"query-input":{"@type":"PropertyValueSpecification","valueRequired":true,"valueName":"search_term_string"}}],"inLanguage":"en-US"},{"@type":"Organization","@id":"https:\/\/dotix.be\/en\/#organization","name":"Dotix","url":"https:\/\/dotix.be\/en\/","logo":{"@type":"ImageObject","inLanguage":"en-US","@id":"https:\/\/dotix.be\/en\/#\/schema\/logo\/image\/","url":"https:\/\/dotix.be\/wp-content\/uploads\/2025\/05\/logo.svg","contentUrl":"https:\/\/dotix.be\/wp-content\/uploads\/2025\/05\/logo.svg","width":1,"height":1,"caption":"Dotix"},"image":{"@id":"https:\/\/dotix.be\/en\/#\/schema\/logo\/image\/"}}]}},"_links":{"self":[{"href":"https:\/\/dotix.be\/en\/wp-json\/wp\/v2\/pages\/1181","targetHints":{"allow":["GET"]}}],"collection":[{"href":"https:\/\/dotix.be\/en\/wp-json\/wp\/v2\/pages"}],"about":[{"href":"https:\/\/dotix.be\/en\/wp-json\/wp\/v2\/types\/page"}],"author":[{"embeddable":true,"href":"https:\/\/dotix.be\/en\/wp-json\/wp\/v2\/users\/1"}],"replies":[{"embeddable":true,"href":"https:\/\/dotix.be\/en\/wp-json\/wp\/v2\/comments?post=1181"}],"version-history":[{"count":7,"href":"https:\/\/dotix.be\/en\/wp-json\/wp\/v2\/pages\/1181\/revisions"}],"predecessor-version":[{"id":1590,"href":"https:\/\/dotix.be\/en\/wp-json\/wp\/v2\/pages\/1181\/revisions\/1590"}],"up":[{"embeddable":true,"href":"https:\/\/dotix.be\/en\/wp-json\/wp\/v2\/pages\/1164"}],"wp:featuredmedia":[{"embeddable":true,"href":"https:\/\/dotix.be\/en\/wp-json\/wp\/v2\/media\/1037"}],"wp:attachment":[{"href":"https:\/\/dotix.be\/en\/wp-json\/wp\/v2\/media?parent=1181"}],"curies":[{"name":"wp","href":"https:\/\/api.w.org\/{rel}","templated":true}]}}