{"id":1180,"date":"2025-05-12T07:06:20","date_gmt":"2025-05-12T05:06:20","guid":{"rendered":"https:\/\/dotix.be\/domotique-residentielle\/securite\/"},"modified":"2025-07-02T09:09:21","modified_gmt":"2025-07-02T07:09:21","slug":"security","status":"publish","type":"page","link":"https:\/\/dotix.be\/en\/residential-home-automation\/security\/","title":{"rendered":"Security"},"content":{"rendered":"<div class='breakdance'><section class=\"bde-section-1180-100 bde-section gr\">\n  \n  \n\t\n\n\n\n<div class=\"section-container\"><div class=\"bde-div-1180-101 bde-div\">\n  \n  \n\t\n\n\n\n<div class=\"bde-text-1180-102 bde-text\">\nSolutions\n<\/div><h2 class=\"bde-heading-1180-103 bde-heading\">\nOur range of possibilities\n<\/h2><div class=\"bde-checkmark-list-1180-104 bde-checkmark-list\">\n<ul>\n  \n              \n              \n    <li>\n      <span class='bde-checkmark-list__icon bde-checkmark-list__icon_yes '>\n                  <svg xmlns=\"http:\/\/www.w3.org\/2000\/svg\" width=\"16\" height=\"13\" viewBox=\"0 0 16 13\" fill=\"none\">\r\n<path d=\"M15.7539 1.61133L6.67676 12.0449L0 4.37012L0.753906 3.71387L6.67676 10.5215L15 0.955078L15.7539 1.61133Z\" fill=\"#D7B665\"\/>\r\n<\/svg>\n              <\/span>\n      <div >\n        Personalized access control via badge, code, or biometrics\n      <\/div>\n\n    <\/li>\n\n  \n              \n              \n    <li>\n      <span class='bde-checkmark-list__icon bde-checkmark-list__icon_yes '>\n                  <svg xmlns=\"http:\/\/www.w3.org\/2000\/svg\" width=\"16\" height=\"13\" viewBox=\"0 0 16 13\" fill=\"none\">\r\n<path d=\"M15.7539 1.61133L6.67676 12.0449L0 4.37012L0.753906 3.71387L6.67676 10.5215L15 0.955078L15.7539 1.61133Z\" fill=\"#D7B665\"\/>\r\n<\/svg>\n              <\/span>\n      <div >\n        Access schedule programming, individual restrictions, permission management\n      <\/div>\n\n    <\/li>\n\n  \n              \n              \n    <li>\n      <span class='bde-checkmark-list__icon bde-checkmark-list__icon_yes '>\n                  <svg xmlns=\"http:\/\/www.w3.org\/2000\/svg\" width=\"16\" height=\"13\" viewBox=\"0 0 16 13\" fill=\"none\">\r\n<path d=\"M15.7539 1.61133L6.67676 12.0449L0 4.37012L0.753906 3.71387L6.67676 10.5215L15 0.955078L15.7539 1.61133Z\" fill=\"#D7B665\"\/>\r\n<\/svg>\n              <\/span>\n      <div >\n        Historique des entr\u00e9es\/sorties consultable \u00e0 tout moment\n      <\/div>\n\n    <\/li>\n\n  \n              \n              \n    <li>\n      <span class='bde-checkmark-list__icon bde-checkmark-list__icon_yes '>\n                  <svg xmlns=\"http:\/\/www.w3.org\/2000\/svg\" width=\"16\" height=\"13\" viewBox=\"0 0 16 13\" fill=\"none\">\r\n<path d=\"M15.7539 1.61133L6.67676 12.0449L0 4.37012L0.753906 3.71387L6.67676 10.5215L15 0.955078L15.7539 1.61133Z\" fill=\"#D7B665\"\/>\r\n<\/svg>\n              <\/span>\n      <div >\n        Remote control of gates, electric shutters, and outdoor lighting\n      <\/div>\n\n    <\/li>\n\n  \n              \n              \n    <li>\n      <span class='bde-checkmark-list__icon bde-checkmark-list__icon_yes '>\n                  <svg xmlns=\"http:\/\/www.w3.org\/2000\/svg\" width=\"16\" height=\"13\" viewBox=\"0 0 16 13\" fill=\"none\">\r\n<path d=\"M15.7539 1.61133L6.67676 12.0449L0 4.37012L0.753906 3.71387L6.67676 10.5215L15 0.955078L15.7539 1.61133Z\" fill=\"#D7B665\"\/>\r\n<\/svg>\n              <\/span>\n      <div >\n        Surveillance cameras accessible remotely from anywhere in the world\n      <\/div>\n\n    <\/li>\n\n  \n              \n              \n    <li>\n      <span class='bde-checkmark-list__icon bde-checkmark-list__icon_yes '>\n                  <svg xmlns=\"http:\/\/www.w3.org\/2000\/svg\" width=\"16\" height=\"13\" viewBox=\"0 0 16 13\" fill=\"none\">\r\n<path d=\"M15.7539 1.61133L6.67676 12.0449L0 4.37012L0.753906 3.71387L6.67676 10.5215L15 0.955078L15.7539 1.61133Z\" fill=\"#D7B665\"\/>\r\n<\/svg>\n              <\/span>\n      <div >\n        Facial recognition and automatic license plate reading\n      <\/div>\n\n    <\/li>\n\n  \n              \n              \n    <li>\n      <span class='bde-checkmark-list__icon bde-checkmark-list__icon_yes '>\n                  <svg xmlns=\"http:\/\/www.w3.org\/2000\/svg\" width=\"16\" height=\"13\" viewBox=\"0 0 16 13\" fill=\"none\">\r\n<path d=\"M15.7539 1.61133L6.67676 12.0449L0 4.37012L0.753906 3.71387L6.67676 10.5215L15 0.955078L15.7539 1.61133Z\" fill=\"#D7B665\"\/>\r\n<\/svg>\n              <\/span>\n      <div >\n        Connected alarm system (remote activation\/deactivation, custom scenarios)\n      <\/div>\n\n    <\/li>\n\n  <\/ul>\n\n<\/div>\n<\/div><div class=\"bde-div-1180-105 bde-div\">\n  \n  \n\t\n\n\n\n<img type=\"image\/webp\" class=\"bde-image2-1180-106 bde-image2 lws-optimize-lazyload\"  alt=\"Domotique r\u00e9sidentielle haut de gamme sur mesure\" loading=\"lazy\" srcset=\"https:\/\/dotix.be\/wp-content\/uploads\/2025\/05\/DSC07813.webp 1600w, https:\/\/dotix.be\/wp-content\/uploads\/2025\/05\/DSC07813-300x200.webp 300w, https:\/\/dotix.be\/wp-content\/uploads\/2025\/05\/DSC07813-1024x683.webp 1024w, https:\/\/dotix.be\/wp-content\/uploads\/2025\/05\/DSC07813-768x512.webp 768w, https:\/\/dotix.be\/wp-content\/uploads\/2025\/05\/DSC07813-1536x1024.webp 1536w\" sizes=\"(max-width: 1600px) 100vw, 1600px\" data-src=\"https:\/\/dotix.be\/wp-content\/uploads\/2025\/05\/DSC07813.webp\"><img type=\"image\/webp\" class=\"bde-image2-1180-107 bde-image2 lws-optimize-lazyload\"  alt=\"Dotix syste\u0300me de se\u0301curite\u0301 domotique\" loading=\"lazy\" srcset=\"https:\/\/dotix.be\/wp-content\/uploads\/2025\/05\/Dotix-systeme-securite-domotique-scaled.jpg 2560w, https:\/\/dotix.be\/wp-content\/uploads\/2025\/05\/Dotix-systeme-securite-domotique-300x187.jpg 300w, https:\/\/dotix.be\/wp-content\/uploads\/2025\/05\/Dotix-systeme-securite-domotique-1024x637.jpg 1024w, https:\/\/dotix.be\/wp-content\/uploads\/2025\/05\/Dotix-systeme-securite-domotique-768x478.jpg 768w, https:\/\/dotix.be\/wp-content\/uploads\/2025\/05\/Dotix-systeme-securite-domotique-1536x955.jpg 1536w, https:\/\/dotix.be\/wp-content\/uploads\/2025\/05\/Dotix-systeme-securite-domotique-2048x1274.jpg 2048w\" sizes=\"(max-width: 2560px) 100vw, 2560px\" data-src=\"https:\/\/dotix.be\/wp-content\/uploads\/2025\/05\/Dotix-systeme-securite-domotique-scaled.jpg\"><img type=\"image\/webp\" class=\"bde-image2-1180-108 bde-image2 lws-optimize-lazyload\"  alt=\"S\u00e9curit\u00e9 discr\u00e8te\" loading=\"lazy\" srcset=\"https:\/\/dotix.be\/wp-content\/uploads\/2025\/05\/DSC06686.webp 1600w, https:\/\/dotix.be\/wp-content\/uploads\/2025\/05\/DSC06686-200x300.webp 200w, https:\/\/dotix.be\/wp-content\/uploads\/2025\/05\/DSC06686-683x1024.webp 683w, https:\/\/dotix.be\/wp-content\/uploads\/2025\/05\/DSC06686-768x1152.webp 768w, https:\/\/dotix.be\/wp-content\/uploads\/2025\/05\/DSC06686-1024x1536.webp 1024w, https:\/\/dotix.be\/wp-content\/uploads\/2025\/05\/DSC06686-1365x2048.webp 1365w\" sizes=\"(max-width: 1600px) 100vw, 1600px\" data-src=\"https:\/\/dotix.be\/wp-content\/uploads\/2025\/05\/DSC06686.webp\">\n<\/div><\/div>\n<\/section><section class=\"bde-section-1180-109 bde-section gr\">\n  \n  \n\t\n\n\n\n<div class=\"section-container\"><div class=\"bde-div-1180-110 bde-div\" data-bde-lazy-bg=\"waiting\">\n              \n  \n        \n    \n\t\n\n  <div class=\"section-background-overlay\"><\/div>\n\n\n\n<\/div><div class=\"bde-div-1180-111 bde-div\">\n  \n  \n\t\n\n\n\n<h2 class=\"bde-heading-1180-112 bde-heading\">\nSchedule an appointment to discover how we can discreetly secure your home.\n<\/h2><div class=\"bde-globalblock-1180-113 bde-globalblock\">\n<div class='breakdance'><div class=\"bde-button-1355-100-1355-1 bde-button bde-button-1355-100\">\n    \n                                    \n    \n    \n    \n    \n            \n                    \n            \n            \n\n    \n    \n    \n    \n    \n    <a class=\"breakdance-link button-atom button-atom--primary bde-button__button\" href=\"https:\/\/dotix.be\/en\/schedule-a-call\/\" target=\"_self\" data-type=\"url\"  >\n\n    \n        <span class=\"button-atom__text\">Schedule a call<\/span>\n\n        \n        \n                <\/a>\n\n    \n\n\n<\/div><\/div>\n<\/div>\n<\/div><\/div>\n<\/section><\/div>","protected":false},"excerpt":{"rendered":"<p>Ensure your peace of mind with intelligent and integrated security systems designed to protect your home and family.<\/p>\n","protected":false},"author":1,"featured_media":894,"parent":1164,"menu_order":0,"comment_status":"closed","ping_status":"closed","template":"template-block.php","meta":{"_acf_changed":false,"_breakdance_hide_in_design_set":false,"_breakdance_tags":"","footnotes":""},"class_list":["post-1180","page","type-page","status-publish","has-post-thumbnail","hentry"],"acf":[],"yoast_head":"<!-- This site is optimized with the Yoast SEO plugin v25.1 - https:\/\/yoast.com\/wordpress\/plugins\/seo\/ -->\n<title>High-end and invisible security home automation \u2013 Dotix<\/title>\n<meta name=\"description\" content=\"Protect your home with discreet, invisible, and remote-controlled security. Dotix watches over you without ever intruding.\" \/>\n<meta name=\"robots\" content=\"index, follow, max-snippet:-1, max-image-preview:large, max-video-preview:-1\" \/>\n<link rel=\"canonical\" href=\"https:\/\/dotix.be\/en\/residential-home-automation\/security\/\" \/>\n<meta property=\"og:locale\" content=\"en_US\" \/>\n<meta property=\"og:type\" content=\"article\" \/>\n<meta property=\"og:title\" content=\"High-end and invisible security home automation \u2013 Dotix\" \/>\n<meta property=\"og:description\" content=\"Protect your home with discreet, invisible, and remote-controlled security. Dotix watches over you without ever intruding.\" \/>\n<meta property=\"og:url\" content=\"https:\/\/dotix.be\/en\/residential-home-automation\/security\/\" \/>\n<meta property=\"og:site_name\" content=\"Dotix\" \/>\n<meta property=\"article:modified_time\" content=\"2025-07-02T07:09:21+00:00\" \/>\n<meta property=\"og:image\" content=\"https:\/\/dotix.be\/wp-content\/uploads\/2025\/05\/C4_Images_Security_2-scaled-e1747251576560.jpg\" \/>\n\t<meta property=\"og:image:width\" content=\"2560\" \/>\n\t<meta property=\"og:image:height\" content=\"1681\" \/>\n\t<meta property=\"og:image:type\" content=\"image\/jpeg\" \/>\n<meta name=\"twitter:card\" content=\"summary_large_image\" \/>\n<meta name=\"twitter:label1\" content=\"Est. reading time\" \/>\n\t<meta name=\"twitter:data1\" content=\"2 minutes\" \/>\n<script type=\"application\/ld+json\" class=\"yoast-schema-graph\">{\"@context\":\"https:\/\/schema.org\",\"@graph\":[{\"@type\":\"WebPage\",\"@id\":\"https:\/\/dotix.be\/en\/residential-home-automation\/security\/\",\"url\":\"https:\/\/dotix.be\/en\/residential-home-automation\/security\/\",\"name\":\"High-end and invisible security home automation \u2013 Dotix\",\"isPartOf\":{\"@id\":\"https:\/\/dotix.be\/en\/#website\"},\"primaryImageOfPage\":{\"@id\":\"https:\/\/dotix.be\/en\/residential-home-automation\/security\/#primaryimage\"},\"image\":{\"@id\":\"https:\/\/dotix.be\/en\/residential-home-automation\/security\/#primaryimage\"},\"thumbnailUrl\":\"https:\/\/dotix.be\/wp-content\/uploads\/2025\/05\/C4_Images_Security_2-scaled-e1747251576560_lwsoptimized.webp\",\"datePublished\":\"2025-05-12T05:06:20+00:00\",\"dateModified\":\"2025-07-02T07:09:21+00:00\",\"description\":\"Protect your home with discreet, invisible, and remote-controlled security. Dotix watches over you without ever intruding.\",\"breadcrumb\":{\"@id\":\"https:\/\/dotix.be\/en\/residential-home-automation\/security\/#breadcrumb\"},\"inLanguage\":\"en-US\",\"potentialAction\":[{\"@type\":\"ReadAction\",\"target\":[\"https:\/\/dotix.be\/en\/residential-home-automation\/security\/\"]}]},{\"@type\":\"ImageObject\",\"inLanguage\":\"en-US\",\"@id\":\"https:\/\/dotix.be\/en\/residential-home-automation\/security\/#primaryimage\",\"url\":\"https:\/\/dotix.be\/wp-content\/uploads\/2025\/05\/C4_Images_Security_2-scaled-e1747251576560_lwsoptimized.webp\",\"contentUrl\":\"https:\/\/dotix.be\/wp-content\/uploads\/2025\/05\/C4_Images_Security_2-scaled-e1747251576560_lwsoptimized.webp\",\"width\":2560,\"height\":1681,\"caption\":\"Technologie invisible et intuitive\"},{\"@type\":\"BreadcrumbList\",\"@id\":\"https:\/\/dotix.be\/en\/residential-home-automation\/security\/#breadcrumb\",\"itemListElement\":[{\"@type\":\"ListItem\",\"position\":1,\"name\":\"Home\",\"item\":\"https:\/\/dotix.be\/en\/\"},{\"@type\":\"ListItem\",\"position\":2,\"name\":\"Residential home automation\",\"item\":\"https:\/\/dotix.be\/en\/residential-home-automation\/\"},{\"@type\":\"ListItem\",\"position\":3,\"name\":\"Security\"}]},{\"@type\":\"WebSite\",\"@id\":\"https:\/\/dotix.be\/en\/#website\",\"url\":\"https:\/\/dotix.be\/en\/\",\"name\":\"Dotix\",\"description\":\"\",\"publisher\":{\"@id\":\"https:\/\/dotix.be\/en\/#organization\"},\"potentialAction\":[{\"@type\":\"SearchAction\",\"target\":{\"@type\":\"EntryPoint\",\"urlTemplate\":\"https:\/\/dotix.be\/en\/?s={search_term_string}\"},\"query-input\":{\"@type\":\"PropertyValueSpecification\",\"valueRequired\":true,\"valueName\":\"search_term_string\"}}],\"inLanguage\":\"en-US\"},{\"@type\":\"Organization\",\"@id\":\"https:\/\/dotix.be\/en\/#organization\",\"name\":\"Dotix\",\"url\":\"https:\/\/dotix.be\/en\/\",\"logo\":{\"@type\":\"ImageObject\",\"inLanguage\":\"en-US\",\"@id\":\"https:\/\/dotix.be\/en\/#\/schema\/logo\/image\/\",\"url\":\"https:\/\/dotix.be\/wp-content\/uploads\/2025\/05\/logo.svg\",\"contentUrl\":\"https:\/\/dotix.be\/wp-content\/uploads\/2025\/05\/logo.svg\",\"width\":1,\"height\":1,\"caption\":\"Dotix\"},\"image\":{\"@id\":\"https:\/\/dotix.be\/en\/#\/schema\/logo\/image\/\"}}]}<\/script>\n<!-- \/ Yoast SEO plugin. -->","yoast_head_json":{"title":"High-end and invisible security home automation \u2013 Dotix","description":"Protect your home with discreet, invisible, and remote-controlled security. Dotix watches over you without ever intruding.","robots":{"index":"index","follow":"follow","max-snippet":"max-snippet:-1","max-image-preview":"max-image-preview:large","max-video-preview":"max-video-preview:-1"},"canonical":"https:\/\/dotix.be\/en\/residential-home-automation\/security\/","og_locale":"en_US","og_type":"article","og_title":"High-end and invisible security home automation \u2013 Dotix","og_description":"Protect your home with discreet, invisible, and remote-controlled security. Dotix watches over you without ever intruding.","og_url":"https:\/\/dotix.be\/en\/residential-home-automation\/security\/","og_site_name":"Dotix","article_modified_time":"2025-07-02T07:09:21+00:00","og_image":[{"width":2560,"height":1681,"url":"https:\/\/dotix.be\/wp-content\/uploads\/2025\/05\/C4_Images_Security_2-scaled-e1747251576560.jpg","type":"image\/jpeg"}],"twitter_card":"summary_large_image","twitter_misc":{"Est. reading time":"2 minutes"},"schema":{"@context":"https:\/\/schema.org","@graph":[{"@type":"WebPage","@id":"https:\/\/dotix.be\/en\/residential-home-automation\/security\/","url":"https:\/\/dotix.be\/en\/residential-home-automation\/security\/","name":"High-end and invisible security home automation \u2013 Dotix","isPartOf":{"@id":"https:\/\/dotix.be\/en\/#website"},"primaryImageOfPage":{"@id":"https:\/\/dotix.be\/en\/residential-home-automation\/security\/#primaryimage"},"image":{"@id":"https:\/\/dotix.be\/en\/residential-home-automation\/security\/#primaryimage"},"thumbnailUrl":"https:\/\/dotix.be\/wp-content\/uploads\/2025\/05\/C4_Images_Security_2-scaled-e1747251576560_lwsoptimized.webp","datePublished":"2025-05-12T05:06:20+00:00","dateModified":"2025-07-02T07:09:21+00:00","description":"Protect your home with discreet, invisible, and remote-controlled security. Dotix watches over you without ever intruding.","breadcrumb":{"@id":"https:\/\/dotix.be\/en\/residential-home-automation\/security\/#breadcrumb"},"inLanguage":"en-US","potentialAction":[{"@type":"ReadAction","target":["https:\/\/dotix.be\/en\/residential-home-automation\/security\/"]}]},{"@type":"ImageObject","inLanguage":"en-US","@id":"https:\/\/dotix.be\/en\/residential-home-automation\/security\/#primaryimage","url":"https:\/\/dotix.be\/wp-content\/uploads\/2025\/05\/C4_Images_Security_2-scaled-e1747251576560_lwsoptimized.webp","contentUrl":"https:\/\/dotix.be\/wp-content\/uploads\/2025\/05\/C4_Images_Security_2-scaled-e1747251576560_lwsoptimized.webp","width":2560,"height":1681,"caption":"Technologie invisible et intuitive"},{"@type":"BreadcrumbList","@id":"https:\/\/dotix.be\/en\/residential-home-automation\/security\/#breadcrumb","itemListElement":[{"@type":"ListItem","position":1,"name":"Home","item":"https:\/\/dotix.be\/en\/"},{"@type":"ListItem","position":2,"name":"Residential home automation","item":"https:\/\/dotix.be\/en\/residential-home-automation\/"},{"@type":"ListItem","position":3,"name":"Security"}]},{"@type":"WebSite","@id":"https:\/\/dotix.be\/en\/#website","url":"https:\/\/dotix.be\/en\/","name":"Dotix","description":"","publisher":{"@id":"https:\/\/dotix.be\/en\/#organization"},"potentialAction":[{"@type":"SearchAction","target":{"@type":"EntryPoint","urlTemplate":"https:\/\/dotix.be\/en\/?s={search_term_string}"},"query-input":{"@type":"PropertyValueSpecification","valueRequired":true,"valueName":"search_term_string"}}],"inLanguage":"en-US"},{"@type":"Organization","@id":"https:\/\/dotix.be\/en\/#organization","name":"Dotix","url":"https:\/\/dotix.be\/en\/","logo":{"@type":"ImageObject","inLanguage":"en-US","@id":"https:\/\/dotix.be\/en\/#\/schema\/logo\/image\/","url":"https:\/\/dotix.be\/wp-content\/uploads\/2025\/05\/logo.svg","contentUrl":"https:\/\/dotix.be\/wp-content\/uploads\/2025\/05\/logo.svg","width":1,"height":1,"caption":"Dotix"},"image":{"@id":"https:\/\/dotix.be\/en\/#\/schema\/logo\/image\/"}}]}},"_links":{"self":[{"href":"https:\/\/dotix.be\/en\/wp-json\/wp\/v2\/pages\/1180","targetHints":{"allow":["GET"]}}],"collection":[{"href":"https:\/\/dotix.be\/en\/wp-json\/wp\/v2\/pages"}],"about":[{"href":"https:\/\/dotix.be\/en\/wp-json\/wp\/v2\/types\/page"}],"author":[{"embeddable":true,"href":"https:\/\/dotix.be\/en\/wp-json\/wp\/v2\/users\/1"}],"replies":[{"embeddable":true,"href":"https:\/\/dotix.be\/en\/wp-json\/wp\/v2\/comments?post=1180"}],"version-history":[{"count":6,"href":"https:\/\/dotix.be\/en\/wp-json\/wp\/v2\/pages\/1180\/revisions"}],"predecessor-version":[{"id":1589,"href":"https:\/\/dotix.be\/en\/wp-json\/wp\/v2\/pages\/1180\/revisions\/1589"}],"up":[{"embeddable":true,"href":"https:\/\/dotix.be\/en\/wp-json\/wp\/v2\/pages\/1164"}],"wp:featuredmedia":[{"embeddable":true,"href":"https:\/\/dotix.be\/en\/wp-json\/wp\/v2\/media\/894"}],"wp:attachment":[{"href":"https:\/\/dotix.be\/en\/wp-json\/wp\/v2\/media?parent=1180"}],"curies":[{"name":"wp","href":"https:\/\/api.w.org\/{rel}","templated":true}]}}