{"id":1169,"date":"2025-05-12T07:08:02","date_gmt":"2025-05-12T05:08:02","guid":{"rendered":"https:\/\/dotix.be\/contact\/"},"modified":"2025-06-10T14:05:24","modified_gmt":"2025-06-10T12:05:24","slug":"contact","status":"publish","type":"page","link":"https:\/\/dotix.be\/en\/contact\/","title":{"rendered":"Contact"},"content":{"rendered":"<div class='breakdance'><section class=\"bde-section-1169-107 bde-section gr\">\n  \n  \n\t\n\n\n\n<div class=\"section-container\"><div class=\"bde-div-1169-108 bde-div\">\n  \n  \n\t\n\n\n\n<div class=\"bde-rich-text-1169-111 bde-rich-text breakdance-rich-text-styles\">\n<p data-start=\"0\" data-end=\"96\"><strong>Let's talk about your ideal home.<\/strong><\/p><p data-start=\"0\" data-end=\"96\">Schedule a call with one of our experts at your convenience.<\/p>\n<\/div><div class=\"bde-button-1169-112 bde-button\">\n    \n                                    \n    \n    \n    \n    \n            \n                    \n            \n            \n\n    \n    \n    \n    \n    \n    <a class=\"breakdance-link button-atom button-atom--secondary bde-button__button\" href=\"https:\/\/dotix.be\/en\/schedule-a-call\/\" target=\"_self\" data-type=\"url\"  >\n\n    \n        <span class=\"button-atom__text\">Schedule a call<\/span>\n\n        \n        \n                <\/a>\n\n    \n\n\n<\/div>\n<\/div><div class=\"bde-div-1169-113 bde-div\">\n  \n  \n\t\n\n\n\n<h2 class=\"bde-heading-1169-117 bde-heading\">\nA question, a request?\n<\/h2><div class=\"bde-form-builder-1169-115 bde-form-builder\">\n\n\n<form id=\"contact-form115\" class=\"breakdance-form breakdance-form--vertical\" data-options=\"{&quot;slug&quot;:&quot;custom&quot;,&quot;name&quot;:&quot;Contact Form&quot;,&quot;ajaxUrl&quot;:&quot;https:\\\/\\\/dotix.be\\\/wp-admin\\\/admin-ajax.php&quot;,&quot;clearOnSuccess&quot;:true,&quot;hideOnSuccess&quot;:true,&quot;successMessage&quot;:&quot;Your message has been sent successfully&quot;,&quot;errorMessage&quot;:&quot;An error has occurred&quot;,&quot;redirect&quot;:false,&quot;redirectUrl&quot;:&quot;&quot;,&quot;customJavaScript&quot;:&quot;&quot;,&quot;recaptcha&quot;:{&quot;key&quot;:&quot;&quot;,&quot;enabled&quot;:false},&quot;honeypot_enabled&quot;:false,&quot;popupsOnSuccess&quot;:[],&quot;popupsOnError&quot;:[]}\" data-steps=\"0\" >\n  \n  \n  \n<div class=\"breakdance-form-field breakdance-form-field--text\" >\n    \n    \n            <label class=\"breakdance-form-field__label\" for=\"name\">\n            Name<span class=\"breakdance-form-field__required\">*<\/span>\n        <\/label>\n    \n    <input\n    class=\"breakdance-form-field__input\"\n    id=\"name\"\n    aria-describedby=\"name\"\n    type=\"text\"\n    name=\"fields[name]\"\n    placeholder=\"\"\n    value=\"\"\n                \n        \n        \n    required\n    \n    \n>\n\n\n    \n    \n<\/div>\n\n\n<div class=\"breakdance-form-field breakdance-form-field--email\" >\n    \n    \n            <label class=\"breakdance-form-field__label\" for=\"email\">\n            Email<span class=\"breakdance-form-field__required\">*<\/span>\n        <\/label>\n    \n    <input\n    class=\"breakdance-form-field__input\"\n    id=\"email\"\n    aria-describedby=\"email\"\n    type=\"email\"\n    name=\"fields[email]\"\n    placeholder=\"\"\n    value=\"\"\n                \n        \n        \n    required\n    \n    \n>\n\n\n    \n    \n<\/div>\n\n\n<div class=\"breakdance-form-field breakdance-form-field--textarea\" >\n    \n    \n            <label class=\"breakdance-form-field__label\" for=\"message\">\n            Message<span class=\"breakdance-form-field__required\">*<\/span>\n        <\/label>\n    \n    <textarea\n    class=\"breakdance-form-field__input\"\n    id=\"message\"\n    aria-describedby=\"message\"\n    type=\"textarea\"\n    name=\"fields[message]\"\n        placeholder=\"\"\n    required\n    >\n<\/textarea>\n\n\n    \n    \n<\/div>\n\n\n  \n\n<div class=\"breakdance-form-field breakdance-form-footer\">\n    \n    \n                                    \n    \n    \n    \n    \n            \n            <button type=\"submit\" class=\"button-atom button-atom--primary breakdance-form-button breakdance-form-button__submit\"  >\n    \n        <span class=\"button-atom__text\">Send the request<\/span>\n\n        \n        \n            <\/button>\n    \n    <input type=\"hidden\" name=\"form_id\" value=\"115\">\n    <input type=\"hidden\" name=\"post_id\" value=\"1169\">\n<\/div>\n\n  \n<\/form>\n\n\n\n<\/div>\n<\/div><\/div>\n<\/section><\/div>","protected":false},"excerpt":{"rendered":"<p>Let&#8217;s talk about your ideal home.Schedule a call with one of our experts at your convenience. Schedule a call A question, a request? Name* Email* Message* Send the request<\/p>\n","protected":false},"author":1,"featured_media":642,"parent":0,"menu_order":0,"comment_status":"closed","ping_status":"closed","template":"template-header.php","meta":{"_acf_changed":false,"_breakdance_hide_in_design_set":false,"_breakdance_tags":"","footnotes":""},"class_list":["post-1169","page","type-page","status-publish","has-post-thumbnail","hentry"],"acf":[],"yoast_head":"<!-- This site is optimized with the Yoast SEO plugin v25.1 - https:\/\/yoast.com\/wordpress\/plugins\/seo\/ -->\n<title>Contact Dotix | High-end tailor-made home automation solutions<\/title>\n<meta name=\"description\" content=\"Contact Dotix for any question or request \u2014 we&#039;re here to support you in designing your high-end, tailor-made smart home.\" \/>\n<meta name=\"robots\" content=\"index, follow, max-snippet:-1, max-image-preview:large, max-video-preview:-1\" \/>\n<link rel=\"canonical\" href=\"https:\/\/dotix.be\/en\/contact\/\" \/>\n<meta property=\"og:locale\" content=\"en_US\" \/>\n<meta property=\"og:type\" content=\"article\" \/>\n<meta property=\"og:title\" content=\"Contact Dotix | High-end tailor-made home automation solutions\" \/>\n<meta property=\"og:description\" content=\"Contact Dotix for any question or request \u2014 we&#039;re here to support you in designing your high-end, tailor-made smart home.\" \/>\n<meta property=\"og:url\" content=\"https:\/\/dotix.be\/en\/contact\/\" \/>\n<meta property=\"og:site_name\" content=\"Dotix\" \/>\n<meta property=\"article:modified_time\" content=\"2025-06-10T12:05:24+00:00\" \/>\n<meta property=\"og:image\" content=\"https:\/\/dotix.be\/wp-content\/uploads\/2025\/05\/shutterstock_1747420040-e1747243660653.webp\" \/>\n\t<meta property=\"og:image:width\" content=\"1920\" \/>\n\t<meta property=\"og:image:height\" content=\"1281\" \/>\n\t<meta property=\"og:image:type\" content=\"image\/webp\" \/>\n<meta name=\"twitter:card\" content=\"summary_large_image\" \/>\n<meta name=\"twitter:label1\" content=\"Est. reading time\" \/>\n\t<meta name=\"twitter:data1\" content=\"1 minute\" \/>\n<script type=\"application\/ld+json\" class=\"yoast-schema-graph\">{\"@context\":\"https:\/\/schema.org\",\"@graph\":[{\"@type\":\"WebPage\",\"@id\":\"https:\/\/dotix.be\/en\/contact\/\",\"url\":\"https:\/\/dotix.be\/en\/contact\/\",\"name\":\"Contact Dotix | High-end tailor-made home automation solutions\",\"isPartOf\":{\"@id\":\"https:\/\/dotix.be\/en\/#website\"},\"primaryImageOfPage\":{\"@id\":\"https:\/\/dotix.be\/en\/contact\/#primaryimage\"},\"image\":{\"@id\":\"https:\/\/dotix.be\/en\/contact\/#primaryimage\"},\"thumbnailUrl\":\"https:\/\/dotix.be\/wp-content\/uploads\/2025\/05\/shutterstock_1747420040-e1747243660653_lwsoptimized.webp\",\"datePublished\":\"2025-05-12T05:08:02+00:00\",\"dateModified\":\"2025-06-10T12:05:24+00:00\",\"description\":\"Contact Dotix for any question or request \u2014 we're here to support you in designing your high-end, tailor-made smart home.\",\"breadcrumb\":{\"@id\":\"https:\/\/dotix.be\/en\/contact\/#breadcrumb\"},\"inLanguage\":\"en-US\",\"potentialAction\":[{\"@type\":\"ReadAction\",\"target\":[\"https:\/\/dotix.be\/en\/contact\/\"]}]},{\"@type\":\"ImageObject\",\"inLanguage\":\"en-US\",\"@id\":\"https:\/\/dotix.be\/en\/contact\/#primaryimage\",\"url\":\"https:\/\/dotix.be\/wp-content\/uploads\/2025\/05\/shutterstock_1747420040-e1747243660653_lwsoptimized.webp\",\"contentUrl\":\"https:\/\/dotix.be\/wp-content\/uploads\/2025\/05\/shutterstock_1747420040-e1747243660653_lwsoptimized.webp\",\"width\":1920,\"height\":1281,\"caption\":\"Confort et efficacit\u00e9 \u00e9nerg\u00e9tique\"},{\"@type\":\"BreadcrumbList\",\"@id\":\"https:\/\/dotix.be\/en\/contact\/#breadcrumb\",\"itemListElement\":[{\"@type\":\"ListItem\",\"position\":1,\"name\":\"Home\",\"item\":\"https:\/\/dotix.be\/en\/\"},{\"@type\":\"ListItem\",\"position\":2,\"name\":\"Contact\"}]},{\"@type\":\"WebSite\",\"@id\":\"https:\/\/dotix.be\/en\/#website\",\"url\":\"https:\/\/dotix.be\/en\/\",\"name\":\"Dotix\",\"description\":\"\",\"publisher\":{\"@id\":\"https:\/\/dotix.be\/en\/#organization\"},\"potentialAction\":[{\"@type\":\"SearchAction\",\"target\":{\"@type\":\"EntryPoint\",\"urlTemplate\":\"https:\/\/dotix.be\/en\/?s={search_term_string}\"},\"query-input\":{\"@type\":\"PropertyValueSpecification\",\"valueRequired\":true,\"valueName\":\"search_term_string\"}}],\"inLanguage\":\"en-US\"},{\"@type\":\"Organization\",\"@id\":\"https:\/\/dotix.be\/en\/#organization\",\"name\":\"Dotix\",\"url\":\"https:\/\/dotix.be\/en\/\",\"logo\":{\"@type\":\"ImageObject\",\"inLanguage\":\"en-US\",\"@id\":\"https:\/\/dotix.be\/en\/#\/schema\/logo\/image\/\",\"url\":\"https:\/\/dotix.be\/wp-content\/uploads\/2025\/05\/logo.svg\",\"contentUrl\":\"https:\/\/dotix.be\/wp-content\/uploads\/2025\/05\/logo.svg\",\"width\":1,\"height\":1,\"caption\":\"Dotix\"},\"image\":{\"@id\":\"https:\/\/dotix.be\/en\/#\/schema\/logo\/image\/\"}}]}<\/script>\n<!-- \/ Yoast SEO plugin. -->","yoast_head_json":{"title":"Contact Dotix | High-end tailor-made home automation solutions","description":"Contact Dotix for any question or request \u2014 we're here to support you in designing your high-end, tailor-made smart home.","robots":{"index":"index","follow":"follow","max-snippet":"max-snippet:-1","max-image-preview":"max-image-preview:large","max-video-preview":"max-video-preview:-1"},"canonical":"https:\/\/dotix.be\/en\/contact\/","og_locale":"en_US","og_type":"article","og_title":"Contact Dotix | High-end tailor-made home automation solutions","og_description":"Contact Dotix for any question or request \u2014 we're here to support you in designing your high-end, tailor-made smart home.","og_url":"https:\/\/dotix.be\/en\/contact\/","og_site_name":"Dotix","article_modified_time":"2025-06-10T12:05:24+00:00","og_image":[{"width":1920,"height":1281,"url":"https:\/\/dotix.be\/wp-content\/uploads\/2025\/05\/shutterstock_1747420040-e1747243660653.webp","type":"image\/webp"}],"twitter_card":"summary_large_image","twitter_misc":{"Est. reading time":"1 minute"},"schema":{"@context":"https:\/\/schema.org","@graph":[{"@type":"WebPage","@id":"https:\/\/dotix.be\/en\/contact\/","url":"https:\/\/dotix.be\/en\/contact\/","name":"Contact Dotix | High-end tailor-made home automation solutions","isPartOf":{"@id":"https:\/\/dotix.be\/en\/#website"},"primaryImageOfPage":{"@id":"https:\/\/dotix.be\/en\/contact\/#primaryimage"},"image":{"@id":"https:\/\/dotix.be\/en\/contact\/#primaryimage"},"thumbnailUrl":"https:\/\/dotix.be\/wp-content\/uploads\/2025\/05\/shutterstock_1747420040-e1747243660653_lwsoptimized.webp","datePublished":"2025-05-12T05:08:02+00:00","dateModified":"2025-06-10T12:05:24+00:00","description":"Contact Dotix for any question or request \u2014 we're here to support you in designing your high-end, tailor-made smart home.","breadcrumb":{"@id":"https:\/\/dotix.be\/en\/contact\/#breadcrumb"},"inLanguage":"en-US","potentialAction":[{"@type":"ReadAction","target":["https:\/\/dotix.be\/en\/contact\/"]}]},{"@type":"ImageObject","inLanguage":"en-US","@id":"https:\/\/dotix.be\/en\/contact\/#primaryimage","url":"https:\/\/dotix.be\/wp-content\/uploads\/2025\/05\/shutterstock_1747420040-e1747243660653_lwsoptimized.webp","contentUrl":"https:\/\/dotix.be\/wp-content\/uploads\/2025\/05\/shutterstock_1747420040-e1747243660653_lwsoptimized.webp","width":1920,"height":1281,"caption":"Confort et efficacit\u00e9 \u00e9nerg\u00e9tique"},{"@type":"BreadcrumbList","@id":"https:\/\/dotix.be\/en\/contact\/#breadcrumb","itemListElement":[{"@type":"ListItem","position":1,"name":"Home","item":"https:\/\/dotix.be\/en\/"},{"@type":"ListItem","position":2,"name":"Contact"}]},{"@type":"WebSite","@id":"https:\/\/dotix.be\/en\/#website","url":"https:\/\/dotix.be\/en\/","name":"Dotix","description":"","publisher":{"@id":"https:\/\/dotix.be\/en\/#organization"},"potentialAction":[{"@type":"SearchAction","target":{"@type":"EntryPoint","urlTemplate":"https:\/\/dotix.be\/en\/?s={search_term_string}"},"query-input":{"@type":"PropertyValueSpecification","valueRequired":true,"valueName":"search_term_string"}}],"inLanguage":"en-US"},{"@type":"Organization","@id":"https:\/\/dotix.be\/en\/#organization","name":"Dotix","url":"https:\/\/dotix.be\/en\/","logo":{"@type":"ImageObject","inLanguage":"en-US","@id":"https:\/\/dotix.be\/en\/#\/schema\/logo\/image\/","url":"https:\/\/dotix.be\/wp-content\/uploads\/2025\/05\/logo.svg","contentUrl":"https:\/\/dotix.be\/wp-content\/uploads\/2025\/05\/logo.svg","width":1,"height":1,"caption":"Dotix"},"image":{"@id":"https:\/\/dotix.be\/en\/#\/schema\/logo\/image\/"}}]}},"_links":{"self":[{"href":"https:\/\/dotix.be\/en\/wp-json\/wp\/v2\/pages\/1169","targetHints":{"allow":["GET"]}}],"collection":[{"href":"https:\/\/dotix.be\/en\/wp-json\/wp\/v2\/pages"}],"about":[{"href":"https:\/\/dotix.be\/en\/wp-json\/wp\/v2\/types\/page"}],"author":[{"embeddable":true,"href":"https:\/\/dotix.be\/en\/wp-json\/wp\/v2\/users\/1"}],"replies":[{"embeddable":true,"href":"https:\/\/dotix.be\/en\/wp-json\/wp\/v2\/comments?post=1169"}],"version-history":[{"count":5,"href":"https:\/\/dotix.be\/en\/wp-json\/wp\/v2\/pages\/1169\/revisions"}],"predecessor-version":[{"id":1536,"href":"https:\/\/dotix.be\/en\/wp-json\/wp\/v2\/pages\/1169\/revisions\/1536"}],"wp:featuredmedia":[{"embeddable":true,"href":"https:\/\/dotix.be\/en\/wp-json\/wp\/v2\/media\/642"}],"wp:attachment":[{"href":"https:\/\/dotix.be\/en\/wp-json\/wp\/v2\/media?parent=1169"}],"curies":[{"name":"wp","href":"https:\/\/api.w.org\/{rel}","templated":true}]}}