{"id":1168,"date":"2025-05-12T07:07:03","date_gmt":"2025-05-12T05:07:03","guid":{"rendered":"https:\/\/dotix.be\/bioelectricite\/"},"modified":"2025-07-02T09:09:29","modified_gmt":"2025-07-02T07:09:29","slug":"bioelectricity","status":"publish","type":"page","link":"https:\/\/dotix.be\/en\/bioelectricity\/","title":{"rendered":"Bioelectricity"},"content":{"rendered":"<div class='breakdance'><section class=\"bde-section-1168-100 bde-section gr\">\n  \n  \n\t\n\n\n\n<div class=\"section-container\"><div class=\"bde-div-1168-101 bde-div\">\n  \n  \n\t\n\n\n\n<div class=\"bde-text-1168-102 bde-text\">\nBenefits\n<\/div><h2 class=\"bde-heading-1168-103 bde-heading\">\nOur range of possibilities\n<\/h2><div class=\"bde-checkmark-list-1168-111 bde-checkmark-list\">\n<ul>\n  \n              \n              \n    <li>\n      <span class='bde-checkmark-list__icon bde-checkmark-list__icon_yes '>\n                  <svg xmlns=\"http:\/\/www.w3.org\/2000\/svg\" width=\"16\" height=\"13\" viewBox=\"0 0 16 13\" fill=\"none\">\r\n<path d=\"M15.7539 1.61133L6.67676 12.0449L0 4.37012L0.753906 3.71387L6.67676 10.5215L15 0.955078L15.7539 1.61133Z\" fill=\"#D7B665\"\/>\r\n<\/svg>\n              <\/span>\n      <div >\n        Installation of low-electromagnetic-emission electrical circuits<br>(to limit exposure to electric and magnetic fields in living spaces)\n      <\/div>\n\n    <\/li>\n\n  \n              \n              \n    <li>\n      <span class='bde-checkmark-list__icon bde-checkmark-list__icon_yes '>\n                  <svg xmlns=\"http:\/\/www.w3.org\/2000\/svg\" width=\"16\" height=\"13\" viewBox=\"0 0 16 13\" fill=\"none\">\r\n<path d=\"M15.7539 1.61133L6.67676 12.0449L0 4.37012L0.753906 3.71387L6.67676 10.5215L15 0.955078L15.7539 1.61133Z\" fill=\"#D7B665\"\/>\r\n<\/svg>\n              <\/span>\n      <div >\n        Use of shielded cables<br>(reducing electromagnetic waves around sensitive areas such as bedrooms)\n      <\/div>\n\n    <\/li>\n\n  \n              \n              \n    <li>\n      <span class='bde-checkmark-list__icon bde-checkmark-list__icon_yes '>\n                  <svg xmlns=\"http:\/\/www.w3.org\/2000\/svg\" width=\"16\" height=\"13\" viewBox=\"0 0 16 13\" fill=\"none\">\r\n<path d=\"M15.7539 1.61133L6.67676 12.0449L0 4.37012L0.753906 3.71387L6.67676 10.5215L15 0.955078L15.7539 1.61133Z\" fill=\"#D7B665\"\/>\r\n<\/svg>\n              <\/span>\n      <div >\n        Installation of automatic field circuit breakers<br>(cutting power in certain rooms at night to improve sleep quality)\n      <\/div>\n\n    <\/li>\n\n  \n              \n              \n    <li>\n      <span class='bde-checkmark-list__icon bde-checkmark-list__icon_yes '>\n                  <svg xmlns=\"http:\/\/www.w3.org\/2000\/svg\" width=\"16\" height=\"13\" viewBox=\"0 0 16 13\" fill=\"none\">\r\n<path d=\"M15.7539 1.61133L6.67676 12.0449L0 4.37012L0.753906 3.71387L6.67676 10.5215L15 0.955078L15.7539 1.61133Z\" fill=\"#D7B665\"\/>\r\n<\/svg>\n              <\/span>\n      <div >\n        Electromagnetic field analysis and measurement<br>(on-site audit with professional equipment to identify exposure sources)\n      <\/div>\n\n    <\/li>\n\n  \n              \n              \n    <li>\n      <span class='bde-checkmark-list__icon bde-checkmark-list__icon_yes '>\n                  <svg xmlns=\"http:\/\/www.w3.org\/2000\/svg\" width=\"16\" height=\"13\" viewBox=\"0 0 16 13\" fill=\"none\">\r\n<path d=\"M15.7539 1.61133L6.67676 12.0449L0 4.37012L0.753906 3.71387L6.67676 10.5215L15 0.955078L15.7539 1.61133Z\" fill=\"#D7B665\"\/>\r\n<\/svg>\n              <\/span>\n      <div >\n        Optimized grounding solutions<br>(to secure installations while reducing electromagnetic impact)\n      <\/div>\n\n    <\/li>\n\n  \n              \n              \n    <li>\n      <span class='bde-checkmark-list__icon bde-checkmark-list__icon_yes '>\n                  <svg xmlns=\"http:\/\/www.w3.org\/2000\/svg\" width=\"16\" height=\"13\" viewBox=\"0 0 16 13\" fill=\"none\">\r\n<path d=\"M15.7539 1.61133L6.67676 12.0449L0 4.37012L0.753906 3.71387L6.67676 10.5215L15 0.955078L15.7539 1.61133Z\" fill=\"#D7B665\"\/>\r\n<\/svg>\n              <\/span>\n      <div >\n        Electrical layout adapted for electro-sensitive individuals<br>(custom design and support in managing their environment)\n      <\/div>\n\n    <\/li>\n\n  \n              \n              \n    <li>\n      <span class='bde-checkmark-list__icon bde-checkmark-list__icon_yes '>\n                  <svg xmlns=\"http:\/\/www.w3.org\/2000\/svg\" width=\"16\" height=\"13\" viewBox=\"0 0 16 13\" fill=\"none\">\r\n<path d=\"M15.7539 1.61133L6.67676 12.0449L0 4.37012L0.753906 3.71387L6.67676 10.5215L15 0.955078L15.7539 1.61133Z\" fill=\"#D7B665\"\/>\r\n<\/svg>\n              <\/span>\n      <div >\n        Consulting on home automation and WiFi setup with a low-emission approach<br>(strategic choice of locations and protocols to limit exposure)\n      <\/div>\n\n    <\/li>\n\n  \n              \n              \n    <li>\n      <span class='bde-checkmark-list__icon bde-checkmark-list__icon_yes '>\n                  <svg xmlns=\"http:\/\/www.w3.org\/2000\/svg\" width=\"16\" height=\"13\" viewBox=\"0 0 16 13\" fill=\"none\">\r\n<path d=\"M15.7539 1.61133L6.67676 12.0449L0 4.37012L0.753906 3.71387L6.67676 10.5215L15 0.955078L15.7539 1.61133Z\" fill=\"#D7B665\"\/>\r\n<\/svg>\n              <\/span>\n      <div >\n        Integration of automatic energy and wave management systems<br>(routines that shut off emission sources outside of usage hours)\n      <\/div>\n\n    <\/li>\n\n  <\/ul>\n\n<\/div>\n<\/div><div class=\"bde-div-1168-106 bde-div\">\n  \n  \n\t\n\n\n\n<img type=\"image\/webp\" class=\"bde-image2-1168-108 bde-image2 lws-optimize-lazyload\"  alt=\"Dotix, connect\" loading=\"lazy\" srcset=\"https:\/\/dotix.be\/wp-content\/uploads\/2025\/05\/shutterstock_2152582703.webp 1920w, https:\/\/dotix.be\/wp-content\/uploads\/2025\/05\/shutterstock_2152582703-300x200.webp 300w, https:\/\/dotix.be\/wp-content\/uploads\/2025\/05\/shutterstock_2152582703-1024x684.webp 1024w, https:\/\/dotix.be\/wp-content\/uploads\/2025\/05\/shutterstock_2152582703-768x513.webp 768w, https:\/\/dotix.be\/wp-content\/uploads\/2025\/05\/shutterstock_2152582703-1536x1026.webp 1536w\" sizes=\"(max-width: 1920px) 100vw, 1920px\" data-src=\"https:\/\/dotix.be\/wp-content\/uploads\/2025\/05\/shutterstock_2152582703.webp\"><img type=\"image\/webp\" class=\"bde-image2-1168-109 bde-image2 lws-optimize-lazyload\"  alt=\"Bio\u00e9l\u00e9ctricit\u00e9 et domotique r\u00e9sidentielle\" loading=\"lazy\" srcset=\"https:\/\/dotix.be\/wp-content\/uploads\/2025\/05\/bioelectricite-dotix-scaled.jpeg 2560w, https:\/\/dotix.be\/wp-content\/uploads\/2025\/05\/bioelectricite-dotix-300x200.jpeg 300w, https:\/\/dotix.be\/wp-content\/uploads\/2025\/05\/bioelectricite-dotix-1024x683.jpeg 1024w, https:\/\/dotix.be\/wp-content\/uploads\/2025\/05\/bioelectricite-dotix-768x512.jpeg 768w, https:\/\/dotix.be\/wp-content\/uploads\/2025\/05\/bioelectricite-dotix-1536x1024.jpeg 1536w, https:\/\/dotix.be\/wp-content\/uploads\/2025\/05\/bioelectricite-dotix-2048x1365.jpeg 2048w\" sizes=\"(max-width: 2560px) 100vw, 2560px\" data-src=\"https:\/\/dotix.be\/wp-content\/uploads\/2025\/05\/bioelectricite-dotix-scaled.jpeg\"><img type=\"image\/webp\" class=\"bde-image2-1168-110 bde-image2 lws-optimize-lazyload\"  alt=\"Biol\u00e9l\u00e9ectricit\u00e9 et environnement sain, avec la domotique r\u00e9sidentielle\" loading=\"lazy\" srcset=\"https:\/\/dotix.be\/wp-content\/uploads\/2025\/05\/bio-electricite-domotique-scaled.jpg 2560w, https:\/\/dotix.be\/wp-content\/uploads\/2025\/05\/bio-electricite-domotique-300x200.jpg 300w, https:\/\/dotix.be\/wp-content\/uploads\/2025\/05\/bio-electricite-domotique-1024x683.jpg 1024w, https:\/\/dotix.be\/wp-content\/uploads\/2025\/05\/bio-electricite-domotique-768x512.jpg 768w, https:\/\/dotix.be\/wp-content\/uploads\/2025\/05\/bio-electricite-domotique-1536x1024.jpg 1536w, https:\/\/dotix.be\/wp-content\/uploads\/2025\/05\/bio-electricite-domotique-2048x1365.jpg 2048w\" sizes=\"(max-width: 2560px) 100vw, 2560px\" data-src=\"https:\/\/dotix.be\/wp-content\/uploads\/2025\/05\/bio-electricite-domotique-scaled.jpg\">\n<\/div><\/div>\n<\/section><section class=\"bde-section-1168-118 bde-section gr\">\n  \n  \n\t\n\n\n\n<div class=\"section-container\"><div class=\"bde-div-1168-119 bde-div\" data-bde-lazy-bg=\"waiting\">\n              \n  \n        \n    \n\t\n\n  <div class=\"section-background-overlay\"><\/div>\n\n\n\n<\/div><div class=\"bde-div-1168-120 bde-div\">\n  \n  \n\t\n\n\n\n<h2 class=\"bde-heading-1168-121 bde-heading\">\nTalk to our experts to learn more about our bioelectricity solutions.\n<\/h2><div class=\"bde-globalblock-1168-122 bde-globalblock\">\n<div class='breakdance'><div class=\"bde-button-1355-100-1355-1 bde-button bde-button-1355-100\">\n    \n                                    \n    \n    \n    \n    \n            \n                    \n            \n            \n\n    \n    \n    \n    \n    \n    <a class=\"breakdance-link button-atom button-atom--primary bde-button__button\" href=\"https:\/\/dotix.be\/en\/schedule-a-call\/\" target=\"_self\" data-type=\"url\"  >\n\n    \n        <span class=\"button-atom__text\">Schedule a call<\/span>\n\n        \n        \n                <\/a>\n\n    \n\n\n<\/div><\/div>\n<\/div>\n<\/div><\/div>\n<\/section><\/div>","protected":false},"excerpt":{"rendered":"<p>Benefits Our range of possibilities Installation of low-electromagnetic-emission electrical circuits(to limit exposure to electric and magnetic fields in living spaces) Use of shielded cables(reducing electromagnetic waves around sensitive areas such as bedrooms) Installation of automatic field circuit breakers(cutting power in certain rooms at night to improve sleep quality) Electromagnetic field analysis and measurement(on-site audit with [&hellip;]<\/p>\n","protected":false},"author":1,"featured_media":636,"parent":0,"menu_order":0,"comment_status":"closed","ping_status":"closed","template":"template-block.php","meta":{"_acf_changed":false,"_breakdance_hide_in_design_set":false,"_breakdance_tags":"","footnotes":""},"class_list":["post-1168","page","type-page","status-publish","has-post-thumbnail","hentry"],"acf":[],"yoast_head":"<!-- This site is optimized with the Yoast SEO plugin v25.1 - https:\/\/yoast.com\/wordpress\/plugins\/seo\/ -->\n<title>Wave Control &amp; Bioelectricity | Healthy Home \u2013 Dotix<\/title>\n<meta name=\"description\" content=\"Dotix reduces wave exposure in your smart home through healthy, controlled, and invisible home automation solutions.\" \/>\n<meta name=\"robots\" content=\"index, follow, max-snippet:-1, max-image-preview:large, max-video-preview:-1\" \/>\n<link rel=\"canonical\" href=\"https:\/\/dotix.be\/en\/bioelectricity\/\" \/>\n<meta property=\"og:locale\" content=\"en_US\" \/>\n<meta property=\"og:type\" content=\"article\" \/>\n<meta property=\"og:title\" content=\"Wave Control &amp; Bioelectricity | Healthy Home \u2013 Dotix\" \/>\n<meta property=\"og:description\" content=\"Dotix reduces wave exposure in your smart home through healthy, controlled, and invisible home automation solutions.\" \/>\n<meta property=\"og:url\" content=\"https:\/\/dotix.be\/en\/bioelectricity\/\" \/>\n<meta property=\"og:site_name\" content=\"Dotix\" \/>\n<meta property=\"article:modified_time\" content=\"2025-07-02T07:09:29+00:00\" \/>\n<meta property=\"og:image\" content=\"https:\/\/dotix.be\/wp-content\/uploads\/2025\/05\/e5eef8d7bb76d8475c95c58639e37b5f08fb072a.webp\" \/>\n\t<meta property=\"og:image:width\" content=\"1920\" \/>\n\t<meta property=\"og:image:height\" content=\"1280\" \/>\n\t<meta property=\"og:image:type\" content=\"image\/webp\" \/>\n<meta name=\"twitter:card\" content=\"summary_large_image\" \/>\n<meta name=\"twitter:label1\" content=\"Est. reading time\" \/>\n\t<meta name=\"twitter:data1\" content=\"1 minute\" \/>\n<script type=\"application\/ld+json\" class=\"yoast-schema-graph\">{\"@context\":\"https:\/\/schema.org\",\"@graph\":[{\"@type\":\"WebPage\",\"@id\":\"https:\/\/dotix.be\/en\/bioelectricity\/\",\"url\":\"https:\/\/dotix.be\/en\/bioelectricity\/\",\"name\":\"Wave Control & Bioelectricity | Healthy Home \u2013 Dotix\",\"isPartOf\":{\"@id\":\"https:\/\/dotix.be\/en\/#website\"},\"primaryImageOfPage\":{\"@id\":\"https:\/\/dotix.be\/en\/bioelectricity\/#primaryimage\"},\"image\":{\"@id\":\"https:\/\/dotix.be\/en\/bioelectricity\/#primaryimage\"},\"thumbnailUrl\":\"https:\/\/dotix.be\/wp-content\/uploads\/2025\/05\/e5eef8d7bb76d8475c95c58639e37b5f08fb072a_lwsoptimized.webp\",\"datePublished\":\"2025-05-12T05:07:03+00:00\",\"dateModified\":\"2025-07-02T07:09:29+00:00\",\"description\":\"Dotix reduces wave exposure in your smart home through healthy, controlled, and invisible home automation solutions.\",\"breadcrumb\":{\"@id\":\"https:\/\/dotix.be\/en\/bioelectricity\/#breadcrumb\"},\"inLanguage\":\"en-US\",\"potentialAction\":[{\"@type\":\"ReadAction\",\"target\":[\"https:\/\/dotix.be\/en\/bioelectricity\/\"]}]},{\"@type\":\"ImageObject\",\"inLanguage\":\"en-US\",\"@id\":\"https:\/\/dotix.be\/en\/bioelectricity\/#primaryimage\",\"url\":\"https:\/\/dotix.be\/wp-content\/uploads\/2025\/05\/e5eef8d7bb76d8475c95c58639e37b5f08fb072a_lwsoptimized.webp\",\"contentUrl\":\"https:\/\/dotix.be\/wp-content\/uploads\/2025\/05\/e5eef8d7bb76d8475c95c58639e37b5f08fb072a_lwsoptimized.webp\",\"width\":1920,\"height\":1280,\"caption\":\"Domotique r\u00e9sidentielle haut de gamme\"},{\"@type\":\"BreadcrumbList\",\"@id\":\"https:\/\/dotix.be\/en\/bioelectricity\/#breadcrumb\",\"itemListElement\":[{\"@type\":\"ListItem\",\"position\":1,\"name\":\"Home\",\"item\":\"https:\/\/dotix.be\/en\/\"},{\"@type\":\"ListItem\",\"position\":2,\"name\":\"Bioelectricity\"}]},{\"@type\":\"WebSite\",\"@id\":\"https:\/\/dotix.be\/en\/#website\",\"url\":\"https:\/\/dotix.be\/en\/\",\"name\":\"Dotix\",\"description\":\"\",\"publisher\":{\"@id\":\"https:\/\/dotix.be\/en\/#organization\"},\"potentialAction\":[{\"@type\":\"SearchAction\",\"target\":{\"@type\":\"EntryPoint\",\"urlTemplate\":\"https:\/\/dotix.be\/en\/?s={search_term_string}\"},\"query-input\":{\"@type\":\"PropertyValueSpecification\",\"valueRequired\":true,\"valueName\":\"search_term_string\"}}],\"inLanguage\":\"en-US\"},{\"@type\":\"Organization\",\"@id\":\"https:\/\/dotix.be\/en\/#organization\",\"name\":\"Dotix\",\"url\":\"https:\/\/dotix.be\/en\/\",\"logo\":{\"@type\":\"ImageObject\",\"inLanguage\":\"en-US\",\"@id\":\"https:\/\/dotix.be\/en\/#\/schema\/logo\/image\/\",\"url\":\"https:\/\/dotix.be\/wp-content\/uploads\/2025\/05\/logo.svg\",\"contentUrl\":\"https:\/\/dotix.be\/wp-content\/uploads\/2025\/05\/logo.svg\",\"width\":1,\"height\":1,\"caption\":\"Dotix\"},\"image\":{\"@id\":\"https:\/\/dotix.be\/en\/#\/schema\/logo\/image\/\"}}]}<\/script>\n<!-- \/ Yoast SEO plugin. -->","yoast_head_json":{"title":"Wave Control & Bioelectricity | Healthy Home \u2013 Dotix","description":"Dotix reduces wave exposure in your smart home through healthy, controlled, and invisible home automation solutions.","robots":{"index":"index","follow":"follow","max-snippet":"max-snippet:-1","max-image-preview":"max-image-preview:large","max-video-preview":"max-video-preview:-1"},"canonical":"https:\/\/dotix.be\/en\/bioelectricity\/","og_locale":"en_US","og_type":"article","og_title":"Wave Control & Bioelectricity | Healthy Home \u2013 Dotix","og_description":"Dotix reduces wave exposure in your smart home through healthy, controlled, and invisible home automation solutions.","og_url":"https:\/\/dotix.be\/en\/bioelectricity\/","og_site_name":"Dotix","article_modified_time":"2025-07-02T07:09:29+00:00","og_image":[{"width":1920,"height":1280,"url":"https:\/\/dotix.be\/wp-content\/uploads\/2025\/05\/e5eef8d7bb76d8475c95c58639e37b5f08fb072a.webp","type":"image\/webp"}],"twitter_card":"summary_large_image","twitter_misc":{"Est. reading time":"1 minute"},"schema":{"@context":"https:\/\/schema.org","@graph":[{"@type":"WebPage","@id":"https:\/\/dotix.be\/en\/bioelectricity\/","url":"https:\/\/dotix.be\/en\/bioelectricity\/","name":"Wave Control & Bioelectricity | Healthy Home \u2013 Dotix","isPartOf":{"@id":"https:\/\/dotix.be\/en\/#website"},"primaryImageOfPage":{"@id":"https:\/\/dotix.be\/en\/bioelectricity\/#primaryimage"},"image":{"@id":"https:\/\/dotix.be\/en\/bioelectricity\/#primaryimage"},"thumbnailUrl":"https:\/\/dotix.be\/wp-content\/uploads\/2025\/05\/e5eef8d7bb76d8475c95c58639e37b5f08fb072a_lwsoptimized.webp","datePublished":"2025-05-12T05:07:03+00:00","dateModified":"2025-07-02T07:09:29+00:00","description":"Dotix reduces wave exposure in your smart home through healthy, controlled, and invisible home automation solutions.","breadcrumb":{"@id":"https:\/\/dotix.be\/en\/bioelectricity\/#breadcrumb"},"inLanguage":"en-US","potentialAction":[{"@type":"ReadAction","target":["https:\/\/dotix.be\/en\/bioelectricity\/"]}]},{"@type":"ImageObject","inLanguage":"en-US","@id":"https:\/\/dotix.be\/en\/bioelectricity\/#primaryimage","url":"https:\/\/dotix.be\/wp-content\/uploads\/2025\/05\/e5eef8d7bb76d8475c95c58639e37b5f08fb072a_lwsoptimized.webp","contentUrl":"https:\/\/dotix.be\/wp-content\/uploads\/2025\/05\/e5eef8d7bb76d8475c95c58639e37b5f08fb072a_lwsoptimized.webp","width":1920,"height":1280,"caption":"Domotique r\u00e9sidentielle haut de gamme"},{"@type":"BreadcrumbList","@id":"https:\/\/dotix.be\/en\/bioelectricity\/#breadcrumb","itemListElement":[{"@type":"ListItem","position":1,"name":"Home","item":"https:\/\/dotix.be\/en\/"},{"@type":"ListItem","position":2,"name":"Bioelectricity"}]},{"@type":"WebSite","@id":"https:\/\/dotix.be\/en\/#website","url":"https:\/\/dotix.be\/en\/","name":"Dotix","description":"","publisher":{"@id":"https:\/\/dotix.be\/en\/#organization"},"potentialAction":[{"@type":"SearchAction","target":{"@type":"EntryPoint","urlTemplate":"https:\/\/dotix.be\/en\/?s={search_term_string}"},"query-input":{"@type":"PropertyValueSpecification","valueRequired":true,"valueName":"search_term_string"}}],"inLanguage":"en-US"},{"@type":"Organization","@id":"https:\/\/dotix.be\/en\/#organization","name":"Dotix","url":"https:\/\/dotix.be\/en\/","logo":{"@type":"ImageObject","inLanguage":"en-US","@id":"https:\/\/dotix.be\/en\/#\/schema\/logo\/image\/","url":"https:\/\/dotix.be\/wp-content\/uploads\/2025\/05\/logo.svg","contentUrl":"https:\/\/dotix.be\/wp-content\/uploads\/2025\/05\/logo.svg","width":1,"height":1,"caption":"Dotix"},"image":{"@id":"https:\/\/dotix.be\/en\/#\/schema\/logo\/image\/"}}]}},"_links":{"self":[{"href":"https:\/\/dotix.be\/en\/wp-json\/wp\/v2\/pages\/1168","targetHints":{"allow":["GET"]}}],"collection":[{"href":"https:\/\/dotix.be\/en\/wp-json\/wp\/v2\/pages"}],"about":[{"href":"https:\/\/dotix.be\/en\/wp-json\/wp\/v2\/types\/page"}],"author":[{"embeddable":true,"href":"https:\/\/dotix.be\/en\/wp-json\/wp\/v2\/users\/1"}],"replies":[{"embeddable":true,"href":"https:\/\/dotix.be\/en\/wp-json\/wp\/v2\/comments?post=1168"}],"version-history":[{"count":7,"href":"https:\/\/dotix.be\/en\/wp-json\/wp\/v2\/pages\/1168\/revisions"}],"predecessor-version":[{"id":1591,"href":"https:\/\/dotix.be\/en\/wp-json\/wp\/v2\/pages\/1168\/revisions\/1591"}],"wp:featuredmedia":[{"embeddable":true,"href":"https:\/\/dotix.be\/en\/wp-json\/wp\/v2\/media\/636"}],"wp:attachment":[{"href":"https:\/\/dotix.be\/en\/wp-json\/wp\/v2\/media?parent=1168"}],"curies":[{"name":"wp","href":"https:\/\/api.w.org\/{rel}","templated":true}]}}