{"id":1166,"date":"2025-05-12T07:07:41","date_gmt":"2025-05-12T05:07:41","guid":{"rendered":"https:\/\/dotix.be\/a-propos\/"},"modified":"2025-07-02T09:10:09","modified_gmt":"2025-07-02T07:10:09","slug":"about","status":"publish","type":"page","link":"https:\/\/dotix.be\/en\/about\/","title":{"rendered":"About"},"content":{"rendered":"<div class='breakdance'><section class=\"bde-section-1166-107 bde-section gr\">\n  \n  \n\t\n\n\n\n<div class=\"section-container\"><div class=\"bde-div-1166-108 bde-div\">\n  \n  \n\t\n\n\n\n<h2 class=\"bde-heading-1166-110 bde-heading\">\nA mission,<br>a vision\n<\/h2><div class=\"bde-rich-text-1166-111 bde-rich-text breakdance-rich-text-styles\">\n<p>Dotix was founded to offer a new perspective on home automation, where each project is conceived as a technological work of art, reflecting its users.<\/p>\n<\/div>\n<\/div><div class=\"bde-div-1166-113 bde-div\" data-parallax=\"true\">\n  \n  \n\t\n\n\n\n<img type=\"image\/webp\" class=\"bde-image2-1166-161 bde-image2 lws-optimize-lazyload\"  alt=\"\" loading=\"lazy\" srcset=\"https:\/\/dotix.be\/wp-content\/uploads\/2025\/05\/1f03e4a10b9ce05e74d04c21fbb12151a078dd93.webp 1920w, https:\/\/dotix.be\/wp-content\/uploads\/2025\/05\/1f03e4a10b9ce05e74d04c21fbb12151a078dd93-300x200.webp 300w, https:\/\/dotix.be\/wp-content\/uploads\/2025\/05\/1f03e4a10b9ce05e74d04c21fbb12151a078dd93-1024x683.webp 1024w, https:\/\/dotix.be\/wp-content\/uploads\/2025\/05\/1f03e4a10b9ce05e74d04c21fbb12151a078dd93-768x512.webp 768w, https:\/\/dotix.be\/wp-content\/uploads\/2025\/05\/1f03e4a10b9ce05e74d04c21fbb12151a078dd93-1536x1024.webp 1536w\" sizes=\"(max-width: 1920px) 100vw, 1920px\" data-src=\"https:\/\/dotix.be\/wp-content\/uploads\/2025\/05\/1f03e4a10b9ce05e74d04c21fbb12151a078dd93.webp\">\n<\/div><\/div>\n<\/section><section class=\"bde-section-1166-115 bde-section gr\">\n  \n  \n\t\n\n\n\n<div class=\"section-container\"><div class=\"bde-div-1166-119 bde-div\">\n  \n  \n\t\n\n\n\n<div class=\"bde-text-1166-122 bde-text\">\nWe have the privilege of working with discerning clients, carrying out installations in exceptional residences around the world.\n<\/div>\n<\/div><\/div>\n<\/section><section class=\"bde-section-1166-123 bde-section gr\">\n  \n  \n\t\n\n\n\n<div class=\"section-container\"><div class=\"bde-div-1166-124 bde-div\">\n  \n  \n\t\n\n\n\n<h2 class=\"bde-heading-1166-125 bde-heading\">\nExpertise in the service of excellence\n<\/h2><div class=\"bde-rich-text-1166-126 bde-rich-text breakdance-rich-text-styles\">\n<p data-start=\"0\" data-end=\"286\">S\u00e9bastien Pantano is the CEO of DOTIX, a specialist in high-end home automation solutions for private residences. For over 9 years, he has led the company with a clear vision: to integrate technology in an elegant, discreet way that is perfectly suited to the most demanding lifestyles.<\/p><p data-start=\"288\" data-end=\"604\">Passionate about design and smart technologies, he envisions environments where aesthetics and innovation become one. Under his leadership, DOTIX designs tailor-made solutions combining automation, audio\/video integration, access control, IP video surveillance, alarm systems, and high-performance wireless networks.<\/p><p data-start=\"606\" data-end=\"874\">Thanks to his expertise in IoT, network design, and electronics, he develops intuitive, reliable, and seamlessly integrated experiences. A thoughtful innovator and creative strategist, S\u00e9bastien transforms homes into connected, elegant, and deeply human living spaces.<\/p>\n<\/div>\n<\/div><div class=\"bde-div-1166-127 bde-div\" data-parallax=\"true\">\n  \n  \n\t\n\n\n\n<img type=\"image\/webp\" class=\"bde-image2-1166-129 bde-image2 lws-optimize-lazyload\"  alt=\"S\u00e9basien Pantano, le directeur g\u00e9n\u00e9ral de Dotix\" loading=\"lazy\" srcset=\"https:\/\/dotix.be\/wp-content\/uploads\/2025\/05\/Sebastien-Pantano-Directeur-Dotix.jpeg 519w, https:\/\/dotix.be\/wp-content\/uploads\/2025\/05\/Sebastien-Pantano-Directeur-Dotix-300x300.jpeg 300w, https:\/\/dotix.be\/wp-content\/uploads\/2025\/05\/Sebastien-Pantano-Directeur-Dotix-150x150.jpeg 150w\" sizes=\"(max-width: 519px) 100vw, 519px\" data-src=\"https:\/\/dotix.be\/wp-content\/uploads\/2025\/05\/Sebastien-Pantano-Directeur-Dotix.jpeg\"><div class=\"bde-text-1166-130 bde-text\">\nS\u00e9bastien Pantano<br>CEO , Dotix\n<\/div>\n<\/div><\/div>\n<\/section><section class=\"bde-section-1166-146 bde-section gr\">\n  \n  \n\t\n\n\n\n<div class=\"section-container\"><div class=\"bde-div-1166-147 bde-div\">\n  \n  \n\t\n\n\n\n<img type=\"image\/webp\" class=\"bde-image2-1166-148 bde-image2 lws-optimize-lazyload\"  alt=\"\" loading=\"lazy\" srcset=\"https:\/\/dotix.be\/wp-content\/uploads\/2025\/05\/882aa09d1d1e5751e7713094e4dd140be8e82d0f.webp 1920w, https:\/\/dotix.be\/wp-content\/uploads\/2025\/05\/882aa09d1d1e5751e7713094e4dd140be8e82d0f-300x200.webp 300w, https:\/\/dotix.be\/wp-content\/uploads\/2025\/05\/882aa09d1d1e5751e7713094e4dd140be8e82d0f-1024x683.webp 1024w, https:\/\/dotix.be\/wp-content\/uploads\/2025\/05\/882aa09d1d1e5751e7713094e4dd140be8e82d0f-768x512.webp 768w, https:\/\/dotix.be\/wp-content\/uploads\/2025\/05\/882aa09d1d1e5751e7713094e4dd140be8e82d0f-1536x1024.webp 1536w\" sizes=\"(max-width: 1920px) 100vw, 1920px\" data-src=\"https:\/\/dotix.be\/wp-content\/uploads\/2025\/05\/882aa09d1d1e5751e7713094e4dd140be8e82d0f.webp\">\n<\/div><div class=\"bde-div-1166-149 bde-div\" data-parallax=\"true\">\n  \n  \n\t\n\n\n\n<img type=\"image\/webp\" class=\"bde-image2-1166-150 bde-image2 lws-optimize-lazyload\"  alt=\"\" loading=\"lazy\" srcset=\"https:\/\/dotix.be\/wp-content\/uploads\/2025\/05\/06beb44de7684127996941e7e34d6ed8bc237c31-1.webp 1920w, https:\/\/dotix.be\/wp-content\/uploads\/2025\/05\/06beb44de7684127996941e7e34d6ed8bc237c31-1-300x300.webp 300w, https:\/\/dotix.be\/wp-content\/uploads\/2025\/05\/06beb44de7684127996941e7e34d6ed8bc237c31-1-1024x1024.webp 1024w, https:\/\/dotix.be\/wp-content\/uploads\/2025\/05\/06beb44de7684127996941e7e34d6ed8bc237c31-1-150x150.webp 150w, https:\/\/dotix.be\/wp-content\/uploads\/2025\/05\/06beb44de7684127996941e7e34d6ed8bc237c31-1-768x768.webp 768w, https:\/\/dotix.be\/wp-content\/uploads\/2025\/05\/06beb44de7684127996941e7e34d6ed8bc237c31-1-1536x1536.webp 1536w\" sizes=\"(max-width: 1920px) 100vw, 1920px\" data-src=\"https:\/\/dotix.be\/wp-content\/uploads\/2025\/05\/06beb44de7684127996941e7e34d6ed8bc237c31-1.webp\">\n<\/div><div class=\"bde-div-1166-151 bde-div\">\n  \n  \n\t\n\n\n\n<div class=\"bde-text-1166-152 bde-text\">\nBenefits\n<\/div><h2 class=\"bde-heading-1166-153 bde-heading\">\nWhy choose Dotix to make your living spaces smart?\n<\/h2><div class=\"bde-icon-list-1166-154 bde-icon-list\">\n<ul>\n  \n              \n    <li>\n              <div class='bde-icon-list__item-wrapper'>\n            \n      <span class='bde-icon-list__icon'>\n        <svg xmlns=\"http:\/\/www.w3.org\/2000\/svg\" width=\"16\" height=\"13\" viewBox=\"0 0 16 13\" fill=\"none\">\r\n<path d=\"M15.7539 1.61133L6.67676 12.0449L0 4.37012L0.753906 3.71387L6.67676 10.5215L15 0.955078L15.7539 1.61133Z\" fill=\"#D7B665\"\/>\r\n<\/svg>\n      <\/span>\n            <span class='bde-icon-list__title' >\n            Unmatched expertise\n      <\/span>\n                    <\/div>\n            <span class='bde-icon-list__text' >\n      Dotix stands out for its ability to transform spaces into connected, intuitive, and elegant environments, tailored to the needs of the most demanding clients.\n      <\/span>\n    <\/li>\n\n  \n              \n    <li>\n              <div class='bde-icon-list__item-wrapper'>\n            \n      <span class='bde-icon-list__icon'>\n        <svg xmlns=\"http:\/\/www.w3.org\/2000\/svg\" width=\"16\" height=\"13\" viewBox=\"0 0 16 13\" fill=\"none\">\r\n<path d=\"M15.7539 1.61133L6.67676 12.0449L0 4.37012L0.753906 3.71387L6.67676 10.5215L15 0.955078L15.7539 1.61133Z\" fill=\"#D7B665\"\/>\r\n<\/svg>\n      <\/span>\n            <span class='bde-icon-list__title' >\n            Personalized support\n      <\/span>\n                    <\/div>\n            <span class='bde-icon-list__text' >\n      From design to installation, we support you every step of the way, with an approach focused on listening and transparency.\n      <\/span>\n    <\/li>\n\n  \n              \n    <li>\n              <div class='bde-icon-list__item-wrapper'>\n            \n      <span class='bde-icon-list__icon'>\n        <svg xmlns=\"http:\/\/www.w3.org\/2000\/svg\" width=\"16\" height=\"13\" viewBox=\"0 0 16 13\" fill=\"none\">\r\n<path d=\"M15.7539 1.61133L6.67676 12.0449L0 4.37012L0.753906 3.71387L6.67676 10.5215L15 0.955078L15.7539 1.61133Z\" fill=\"#D7B665\"\/>\r\n<\/svg>\n      <\/span>\n            <span class='bde-icon-list__title' >\n            Exceptional achievements\n      <\/span>\n                    <\/div>\n            <span class='bde-icon-list__text' >\n      Our high-end projects reflect our commitment to excellence and our passion for innovation.\n      <\/span>\n    <\/li>\n\n  <\/ul>\n\n<\/div>\n<\/div><\/div>\n<\/section><section class=\"bde-section-1166-155 bde-section gr\">\n  \n  \n\t\n\n\n\n<div class=\"section-container\"><div class=\"bde-div-1166-156 bde-div\" data-bde-lazy-bg=\"waiting\">\n              \n  \n        \n    \n\t\n\n  <div class=\"section-background-overlay\"><\/div>\n\n\n\n<\/div><div class=\"bde-div-1166-157 bde-div\">\n  \n  \n\t\n\n\n\n<h2 class=\"bde-heading-1166-158 bde-heading\">\nWhat if your vision of the smart home became reality?\n<\/h2><div class=\"bde-text-1166-159 bde-text\">\nContact us today to discover how Dotix can enrich your living spaces.\n<\/div><div class=\"bde-globalblock-1166-160 bde-globalblock\">\n<div class='breakdance'><div class=\"bde-button-1355-100-1355-1 bde-button bde-button-1355-100\">\n    \n                                    \n    \n    \n    \n    \n            \n                    \n            \n            \n\n    \n    \n    \n    \n    \n    <a class=\"breakdance-link button-atom button-atom--primary bde-button__button\" href=\"https:\/\/dotix.be\/en\/schedule-a-call\/\" target=\"_self\" data-type=\"url\"  >\n\n    \n        <span class=\"button-atom__text\">Schedule a call<\/span>\n\n        \n        \n                <\/a>\n\n    \n\n\n<\/div><\/div>\n<\/div>\n<\/div><\/div>\n<\/section><\/div>","protected":false},"excerpt":{"rendered":"<p>A mission,a vision Dotix was founded to offer a new perspective on home automation, where each project is conceived as a technological work of art, reflecting its users. We have the privilege of working with discerning clients, carrying out installations in exceptional residences around the world. Expertise in the service of excellence S\u00e9bastien Pantano is [&hellip;]<\/p>\n","protected":false},"author":1,"featured_media":639,"parent":0,"menu_order":0,"comment_status":"closed","ping_status":"closed","template":"template-header.php","meta":{"_acf_changed":false,"_breakdance_hide_in_design_set":false,"_breakdance_tags":"","footnotes":""},"class_list":["post-1166","page","type-page","status-publish","has-post-thumbnail","hentry"],"acf":[],"yoast_head":"<!-- This site is optimized with the Yoast SEO plugin v25.1 - https:\/\/yoast.com\/wordpress\/plugins\/seo\/ -->\n<title>About Dotix | High-end residential home automation<\/title>\n<meta name=\"description\" content=\"Dotix designs elegant, intuitive, and tailor-made smart homes where technology enhances the living experience.\" \/>\n<meta name=\"robots\" content=\"index, follow, max-snippet:-1, max-image-preview:large, max-video-preview:-1\" \/>\n<link rel=\"canonical\" href=\"https:\/\/dotix.be\/en\/about\/\" \/>\n<meta property=\"og:locale\" content=\"en_US\" \/>\n<meta property=\"og:type\" content=\"article\" \/>\n<meta property=\"og:title\" content=\"About Dotix | High-end residential home automation\" \/>\n<meta property=\"og:description\" content=\"Dotix designs elegant, intuitive, and tailor-made smart homes where technology enhances the living experience.\" \/>\n<meta property=\"og:url\" content=\"https:\/\/dotix.be\/en\/about\/\" \/>\n<meta property=\"og:site_name\" content=\"Dotix\" \/>\n<meta property=\"article:modified_time\" content=\"2025-07-02T07:10:09+00:00\" \/>\n<meta property=\"og:image\" content=\"https:\/\/dotix.be\/wp-content\/uploads\/2025\/05\/f7c70f2162f420350f9cc35bf60378d680ab3939.webp\" \/>\n\t<meta property=\"og:image:width\" content=\"1920\" \/>\n\t<meta property=\"og:image:height\" content=\"1440\" \/>\n\t<meta property=\"og:image:type\" content=\"image\/webp\" \/>\n<meta name=\"twitter:card\" content=\"summary_large_image\" \/>\n<meta name=\"twitter:label1\" content=\"Est. reading time\" \/>\n\t<meta name=\"twitter:data1\" content=\"3 minutes\" \/>\n<script type=\"application\/ld+json\" class=\"yoast-schema-graph\">{\"@context\":\"https:\/\/schema.org\",\"@graph\":[{\"@type\":\"WebPage\",\"@id\":\"https:\/\/dotix.be\/en\/about\/\",\"url\":\"https:\/\/dotix.be\/en\/about\/\",\"name\":\"About Dotix | High-end residential home automation\",\"isPartOf\":{\"@id\":\"https:\/\/dotix.be\/en\/#website\"},\"primaryImageOfPage\":{\"@id\":\"https:\/\/dotix.be\/en\/about\/#primaryimage\"},\"image\":{\"@id\":\"https:\/\/dotix.be\/en\/about\/#primaryimage\"},\"thumbnailUrl\":\"https:\/\/dotix.be\/wp-content\/uploads\/2025\/05\/f7c70f2162f420350f9cc35bf60378d680ab3939_lwsoptimized.webp\",\"datePublished\":\"2025-05-12T05:07:41+00:00\",\"dateModified\":\"2025-07-02T07:10:09+00:00\",\"description\":\"Dotix designs elegant, intuitive, and tailor-made smart homes where technology enhances the living experience.\",\"breadcrumb\":{\"@id\":\"https:\/\/dotix.be\/en\/about\/#breadcrumb\"},\"inLanguage\":\"en-US\",\"potentialAction\":[{\"@type\":\"ReadAction\",\"target\":[\"https:\/\/dotix.be\/en\/about\/\"]}]},{\"@type\":\"ImageObject\",\"inLanguage\":\"en-US\",\"@id\":\"https:\/\/dotix.be\/en\/about\/#primaryimage\",\"url\":\"https:\/\/dotix.be\/wp-content\/uploads\/2025\/05\/f7c70f2162f420350f9cc35bf60378d680ab3939_lwsoptimized.webp\",\"contentUrl\":\"https:\/\/dotix.be\/wp-content\/uploads\/2025\/05\/f7c70f2162f420350f9cc35bf60378d680ab3939_lwsoptimized.webp\",\"width\":1920,\"height\":1440,\"caption\":\"Solutions domotiques personnalis\u00e9es\"},{\"@type\":\"BreadcrumbList\",\"@id\":\"https:\/\/dotix.be\/en\/about\/#breadcrumb\",\"itemListElement\":[{\"@type\":\"ListItem\",\"position\":1,\"name\":\"Home\",\"item\":\"https:\/\/dotix.be\/en\/\"},{\"@type\":\"ListItem\",\"position\":2,\"name\":\"About\"}]},{\"@type\":\"WebSite\",\"@id\":\"https:\/\/dotix.be\/en\/#website\",\"url\":\"https:\/\/dotix.be\/en\/\",\"name\":\"Dotix\",\"description\":\"\",\"publisher\":{\"@id\":\"https:\/\/dotix.be\/en\/#organization\"},\"potentialAction\":[{\"@type\":\"SearchAction\",\"target\":{\"@type\":\"EntryPoint\",\"urlTemplate\":\"https:\/\/dotix.be\/en\/?s={search_term_string}\"},\"query-input\":{\"@type\":\"PropertyValueSpecification\",\"valueRequired\":true,\"valueName\":\"search_term_string\"}}],\"inLanguage\":\"en-US\"},{\"@type\":\"Organization\",\"@id\":\"https:\/\/dotix.be\/en\/#organization\",\"name\":\"Dotix\",\"url\":\"https:\/\/dotix.be\/en\/\",\"logo\":{\"@type\":\"ImageObject\",\"inLanguage\":\"en-US\",\"@id\":\"https:\/\/dotix.be\/en\/#\/schema\/logo\/image\/\",\"url\":\"https:\/\/dotix.be\/wp-content\/uploads\/2025\/05\/logo.svg\",\"contentUrl\":\"https:\/\/dotix.be\/wp-content\/uploads\/2025\/05\/logo.svg\",\"width\":1,\"height\":1,\"caption\":\"Dotix\"},\"image\":{\"@id\":\"https:\/\/dotix.be\/en\/#\/schema\/logo\/image\/\"}}]}<\/script>\n<!-- \/ Yoast SEO plugin. -->","yoast_head_json":{"title":"About Dotix | High-end residential home automation","description":"Dotix designs elegant, intuitive, and tailor-made smart homes where technology enhances the living experience.","robots":{"index":"index","follow":"follow","max-snippet":"max-snippet:-1","max-image-preview":"max-image-preview:large","max-video-preview":"max-video-preview:-1"},"canonical":"https:\/\/dotix.be\/en\/about\/","og_locale":"en_US","og_type":"article","og_title":"About Dotix | High-end residential home automation","og_description":"Dotix designs elegant, intuitive, and tailor-made smart homes where technology enhances the living experience.","og_url":"https:\/\/dotix.be\/en\/about\/","og_site_name":"Dotix","article_modified_time":"2025-07-02T07:10:09+00:00","og_image":[{"width":1920,"height":1440,"url":"https:\/\/dotix.be\/wp-content\/uploads\/2025\/05\/f7c70f2162f420350f9cc35bf60378d680ab3939.webp","type":"image\/webp"}],"twitter_card":"summary_large_image","twitter_misc":{"Est. reading time":"3 minutes"},"schema":{"@context":"https:\/\/schema.org","@graph":[{"@type":"WebPage","@id":"https:\/\/dotix.be\/en\/about\/","url":"https:\/\/dotix.be\/en\/about\/","name":"About Dotix | High-end residential home automation","isPartOf":{"@id":"https:\/\/dotix.be\/en\/#website"},"primaryImageOfPage":{"@id":"https:\/\/dotix.be\/en\/about\/#primaryimage"},"image":{"@id":"https:\/\/dotix.be\/en\/about\/#primaryimage"},"thumbnailUrl":"https:\/\/dotix.be\/wp-content\/uploads\/2025\/05\/f7c70f2162f420350f9cc35bf60378d680ab3939_lwsoptimized.webp","datePublished":"2025-05-12T05:07:41+00:00","dateModified":"2025-07-02T07:10:09+00:00","description":"Dotix designs elegant, intuitive, and tailor-made smart homes where technology enhances the living experience.","breadcrumb":{"@id":"https:\/\/dotix.be\/en\/about\/#breadcrumb"},"inLanguage":"en-US","potentialAction":[{"@type":"ReadAction","target":["https:\/\/dotix.be\/en\/about\/"]}]},{"@type":"ImageObject","inLanguage":"en-US","@id":"https:\/\/dotix.be\/en\/about\/#primaryimage","url":"https:\/\/dotix.be\/wp-content\/uploads\/2025\/05\/f7c70f2162f420350f9cc35bf60378d680ab3939_lwsoptimized.webp","contentUrl":"https:\/\/dotix.be\/wp-content\/uploads\/2025\/05\/f7c70f2162f420350f9cc35bf60378d680ab3939_lwsoptimized.webp","width":1920,"height":1440,"caption":"Solutions domotiques personnalis\u00e9es"},{"@type":"BreadcrumbList","@id":"https:\/\/dotix.be\/en\/about\/#breadcrumb","itemListElement":[{"@type":"ListItem","position":1,"name":"Home","item":"https:\/\/dotix.be\/en\/"},{"@type":"ListItem","position":2,"name":"About"}]},{"@type":"WebSite","@id":"https:\/\/dotix.be\/en\/#website","url":"https:\/\/dotix.be\/en\/","name":"Dotix","description":"","publisher":{"@id":"https:\/\/dotix.be\/en\/#organization"},"potentialAction":[{"@type":"SearchAction","target":{"@type":"EntryPoint","urlTemplate":"https:\/\/dotix.be\/en\/?s={search_term_string}"},"query-input":{"@type":"PropertyValueSpecification","valueRequired":true,"valueName":"search_term_string"}}],"inLanguage":"en-US"},{"@type":"Organization","@id":"https:\/\/dotix.be\/en\/#organization","name":"Dotix","url":"https:\/\/dotix.be\/en\/","logo":{"@type":"ImageObject","inLanguage":"en-US","@id":"https:\/\/dotix.be\/en\/#\/schema\/logo\/image\/","url":"https:\/\/dotix.be\/wp-content\/uploads\/2025\/05\/logo.svg","contentUrl":"https:\/\/dotix.be\/wp-content\/uploads\/2025\/05\/logo.svg","width":1,"height":1,"caption":"Dotix"},"image":{"@id":"https:\/\/dotix.be\/en\/#\/schema\/logo\/image\/"}}]}},"_links":{"self":[{"href":"https:\/\/dotix.be\/en\/wp-json\/wp\/v2\/pages\/1166","targetHints":{"allow":["GET"]}}],"collection":[{"href":"https:\/\/dotix.be\/en\/wp-json\/wp\/v2\/pages"}],"about":[{"href":"https:\/\/dotix.be\/en\/wp-json\/wp\/v2\/types\/page"}],"author":[{"embeddable":true,"href":"https:\/\/dotix.be\/en\/wp-json\/wp\/v2\/users\/1"}],"replies":[{"embeddable":true,"href":"https:\/\/dotix.be\/en\/wp-json\/wp\/v2\/comments?post=1166"}],"version-history":[{"count":4,"href":"https:\/\/dotix.be\/en\/wp-json\/wp\/v2\/pages\/1166\/revisions"}],"predecessor-version":[{"id":1595,"href":"https:\/\/dotix.be\/en\/wp-json\/wp\/v2\/pages\/1166\/revisions\/1595"}],"wp:featuredmedia":[{"embeddable":true,"href":"https:\/\/dotix.be\/en\/wp-json\/wp\/v2\/media\/639"}],"wp:attachment":[{"href":"https:\/\/dotix.be\/en\/wp-json\/wp\/v2\/media?parent=1166"}],"curies":[{"name":"wp","href":"https:\/\/api.w.org\/{rel}","templated":true}]}}