{"id":1165,"date":"2025-05-12T07:05:29","date_gmt":"2025-05-12T05:05:29","guid":{"rendered":"https:\/\/dotix.be\/domotique\/"},"modified":"2025-07-02T09:06:36","modified_gmt":"2025-07-02T07:06:36","slug":"home-automation","status":"publish","type":"page","link":"https:\/\/dotix.be\/en\/home-automation\/","title":{"rendered":"Everything you need to know"},"content":{"rendered":"<div class='breakdance'><section class=\"bde-section-1165-100 bde-section\">\n  \n  \n\t\n\n\n\n<div class=\"section-container\"><div class=\"bde-post-loop-1165-101 bde-post-loop\">\n\n\n<\/div><\/div>\n<\/section><section class=\"bde-section-1165-108 bde-section gr\">\n  \n  \n\t\n\n\n\n<div class=\"section-container\"><div class=\"bde-div-1165-109 bde-div\" data-bde-lazy-bg=\"waiting\">\n              \n  \n        \n    \n\t\n\n  <div class=\"section-background-overlay\"><\/div>\n\n\n\n<\/div><div class=\"bde-div-1165-110 bde-div\">\n  \n  \n\t\n\n\n\n<h2 class=\"bde-heading-1165-111 bde-heading\">\nWant to turn your vision into reality?\n<\/h2><div class=\"bde-text-1165-112 bde-text\">\nContact us today to discover how Dotix can enrich your living spaces.\n<\/div><div class=\"bde-globalblock-1165-113 bde-globalblock\">\n<div class='breakdance'><div class=\"bde-button-1355-100-1355-1 bde-button bde-button-1355-100\">\n    \n                                    \n    \n    \n    \n    \n            \n                    \n            \n            \n\n    \n    \n    \n    \n    \n    <a class=\"breakdance-link button-atom button-atom--primary bde-button__button\" href=\"https:\/\/dotix.be\/en\/schedule-a-call\/\" target=\"_self\" data-type=\"url\"  >\n\n    \n        <span class=\"button-atom__text\">Schedule a call<\/span>\n\n        \n        \n                <\/a>\n\n    \n\n\n<\/div><\/div>\n<\/div>\n<\/div><\/div>\n<\/section><\/div>","protected":false},"excerpt":{"rendered":"<p>Want to turn your vision into reality? Contact us today to discover how Dotix can enrich your living spaces. Schedule a call<\/p>\n","protected":false},"author":1,"featured_media":529,"parent":0,"menu_order":-1,"comment_status":"closed","ping_status":"closed","template":"","meta":{"_acf_changed":false,"_breakdance_hide_in_design_set":false,"_breakdance_tags":"","footnotes":""},"class_list":["post-1165","page","type-page","status-publish","has-post-thumbnail","hentry"],"acf":[],"yoast_head":"<!-- This site is optimized with the Yoast SEO plugin v25.1 - https:\/\/yoast.com\/wordpress\/plugins\/seo\/ -->\n<title>All about home automation and the smart home \u2013 Dotix<\/title>\n<meta name=\"description\" content=\"Explore our articles dedicated to residential home automation: trends, tips, innovations, and expertise on the smart home.\" \/>\n<meta name=\"robots\" content=\"index, follow, max-snippet:-1, max-image-preview:large, max-video-preview:-1\" \/>\n<link rel=\"canonical\" href=\"https:\/\/dotix.be\/en\/home-automation\/\" \/>\n<meta property=\"og:locale\" content=\"en_US\" \/>\n<meta property=\"og:type\" content=\"article\" \/>\n<meta property=\"og:title\" content=\"All about home automation and the smart home \u2013 Dotix\" \/>\n<meta property=\"og:description\" content=\"Explore our articles dedicated to residential home automation: trends, tips, innovations, and expertise on the smart home.\" \/>\n<meta property=\"og:url\" content=\"https:\/\/dotix.be\/en\/home-automation\/\" \/>\n<meta property=\"og:site_name\" content=\"Dotix\" \/>\n<meta property=\"article:modified_time\" content=\"2025-07-02T07:06:36+00:00\" \/>\n<meta property=\"og:image\" content=\"https:\/\/dotix.be\/wp-content\/uploads\/2025\/05\/6a53298a3e5274b85c93191a8f5d3403a0f60876-scaled.jpg\" \/>\n\t<meta property=\"og:image:width\" content=\"2560\" \/>\n\t<meta property=\"og:image:height\" content=\"1707\" \/>\n\t<meta property=\"og:image:type\" content=\"image\/jpeg\" \/>\n<meta name=\"twitter:card\" content=\"summary_large_image\" \/>\n<meta name=\"twitter:label1\" content=\"Est. reading time\" \/>\n\t<meta name=\"twitter:data1\" content=\"1 minute\" \/>\n<script type=\"application\/ld+json\" class=\"yoast-schema-graph\">{\"@context\":\"https:\/\/schema.org\",\"@graph\":[{\"@type\":\"WebPage\",\"@id\":\"https:\/\/dotix.be\/en\/home-automation\/\",\"url\":\"https:\/\/dotix.be\/en\/home-automation\/\",\"name\":\"All about home automation and the smart home \u2013 Dotix\",\"isPartOf\":{\"@id\":\"https:\/\/dotix.be\/en\/#website\"},\"primaryImageOfPage\":{\"@id\":\"https:\/\/dotix.be\/en\/home-automation\/#primaryimage\"},\"image\":{\"@id\":\"https:\/\/dotix.be\/en\/home-automation\/#primaryimage\"},\"thumbnailUrl\":\"https:\/\/dotix.be\/wp-content\/uploads\/2025\/05\/6a53298a3e5274b85c93191a8f5d3403a0f60876-scaled_lwsoptimized.webp\",\"datePublished\":\"2025-05-12T05:05:29+00:00\",\"dateModified\":\"2025-07-02T07:06:36+00:00\",\"description\":\"Explore our articles dedicated to residential home automation: trends, tips, innovations, and expertise on the smart home.\",\"breadcrumb\":{\"@id\":\"https:\/\/dotix.be\/en\/home-automation\/#breadcrumb\"},\"inLanguage\":\"en-US\",\"potentialAction\":[{\"@type\":\"ReadAction\",\"target\":[\"https:\/\/dotix.be\/en\/home-automation\/\"]}]},{\"@type\":\"ImageObject\",\"inLanguage\":\"en-US\",\"@id\":\"https:\/\/dotix.be\/en\/home-automation\/#primaryimage\",\"url\":\"https:\/\/dotix.be\/wp-content\/uploads\/2025\/05\/6a53298a3e5274b85c93191a8f5d3403a0f60876-scaled_lwsoptimized.webp\",\"contentUrl\":\"https:\/\/dotix.be\/wp-content\/uploads\/2025\/05\/6a53298a3e5274b85c93191a8f5d3403a0f60876-scaled_lwsoptimized.webp\",\"width\":2560,\"height\":1707,\"caption\":\"Bien-\u00eatre et simplicit\u00e9 connect\u00e9e\"},{\"@type\":\"BreadcrumbList\",\"@id\":\"https:\/\/dotix.be\/en\/home-automation\/#breadcrumb\",\"itemListElement\":[{\"@type\":\"ListItem\",\"position\":1,\"name\":\"Home\",\"item\":\"https:\/\/dotix.be\/en\/\"},{\"@type\":\"ListItem\",\"position\":2,\"name\":\"Everything you need to know\"}]},{\"@type\":\"WebSite\",\"@id\":\"https:\/\/dotix.be\/en\/#website\",\"url\":\"https:\/\/dotix.be\/en\/\",\"name\":\"Dotix\",\"description\":\"\",\"publisher\":{\"@id\":\"https:\/\/dotix.be\/en\/#organization\"},\"potentialAction\":[{\"@type\":\"SearchAction\",\"target\":{\"@type\":\"EntryPoint\",\"urlTemplate\":\"https:\/\/dotix.be\/en\/?s={search_term_string}\"},\"query-input\":{\"@type\":\"PropertyValueSpecification\",\"valueRequired\":true,\"valueName\":\"search_term_string\"}}],\"inLanguage\":\"en-US\"},{\"@type\":\"Organization\",\"@id\":\"https:\/\/dotix.be\/en\/#organization\",\"name\":\"Dotix\",\"url\":\"https:\/\/dotix.be\/en\/\",\"logo\":{\"@type\":\"ImageObject\",\"inLanguage\":\"en-US\",\"@id\":\"https:\/\/dotix.be\/en\/#\/schema\/logo\/image\/\",\"url\":\"https:\/\/dotix.be\/wp-content\/uploads\/2025\/05\/logo.svg\",\"contentUrl\":\"https:\/\/dotix.be\/wp-content\/uploads\/2025\/05\/logo.svg\",\"width\":1,\"height\":1,\"caption\":\"Dotix\"},\"image\":{\"@id\":\"https:\/\/dotix.be\/en\/#\/schema\/logo\/image\/\"}}]}<\/script>\n<!-- \/ Yoast SEO plugin. -->","yoast_head_json":{"title":"All about home automation and the smart home \u2013 Dotix","description":"Explore our articles dedicated to residential home automation: trends, tips, innovations, and expertise on the smart home.","robots":{"index":"index","follow":"follow","max-snippet":"max-snippet:-1","max-image-preview":"max-image-preview:large","max-video-preview":"max-video-preview:-1"},"canonical":"https:\/\/dotix.be\/en\/home-automation\/","og_locale":"en_US","og_type":"article","og_title":"All about home automation and the smart home \u2013 Dotix","og_description":"Explore our articles dedicated to residential home automation: trends, tips, innovations, and expertise on the smart home.","og_url":"https:\/\/dotix.be\/en\/home-automation\/","og_site_name":"Dotix","article_modified_time":"2025-07-02T07:06:36+00:00","og_image":[{"width":2560,"height":1707,"url":"https:\/\/dotix.be\/wp-content\/uploads\/2025\/05\/6a53298a3e5274b85c93191a8f5d3403a0f60876-scaled.jpg","type":"image\/jpeg"}],"twitter_card":"summary_large_image","twitter_misc":{"Est. reading time":"1 minute"},"schema":{"@context":"https:\/\/schema.org","@graph":[{"@type":"WebPage","@id":"https:\/\/dotix.be\/en\/home-automation\/","url":"https:\/\/dotix.be\/en\/home-automation\/","name":"All about home automation and the smart home \u2013 Dotix","isPartOf":{"@id":"https:\/\/dotix.be\/en\/#website"},"primaryImageOfPage":{"@id":"https:\/\/dotix.be\/en\/home-automation\/#primaryimage"},"image":{"@id":"https:\/\/dotix.be\/en\/home-automation\/#primaryimage"},"thumbnailUrl":"https:\/\/dotix.be\/wp-content\/uploads\/2025\/05\/6a53298a3e5274b85c93191a8f5d3403a0f60876-scaled_lwsoptimized.webp","datePublished":"2025-05-12T05:05:29+00:00","dateModified":"2025-07-02T07:06:36+00:00","description":"Explore our articles dedicated to residential home automation: trends, tips, innovations, and expertise on the smart home.","breadcrumb":{"@id":"https:\/\/dotix.be\/en\/home-automation\/#breadcrumb"},"inLanguage":"en-US","potentialAction":[{"@type":"ReadAction","target":["https:\/\/dotix.be\/en\/home-automation\/"]}]},{"@type":"ImageObject","inLanguage":"en-US","@id":"https:\/\/dotix.be\/en\/home-automation\/#primaryimage","url":"https:\/\/dotix.be\/wp-content\/uploads\/2025\/05\/6a53298a3e5274b85c93191a8f5d3403a0f60876-scaled_lwsoptimized.webp","contentUrl":"https:\/\/dotix.be\/wp-content\/uploads\/2025\/05\/6a53298a3e5274b85c93191a8f5d3403a0f60876-scaled_lwsoptimized.webp","width":2560,"height":1707,"caption":"Bien-\u00eatre et simplicit\u00e9 connect\u00e9e"},{"@type":"BreadcrumbList","@id":"https:\/\/dotix.be\/en\/home-automation\/#breadcrumb","itemListElement":[{"@type":"ListItem","position":1,"name":"Home","item":"https:\/\/dotix.be\/en\/"},{"@type":"ListItem","position":2,"name":"Everything you need to know"}]},{"@type":"WebSite","@id":"https:\/\/dotix.be\/en\/#website","url":"https:\/\/dotix.be\/en\/","name":"Dotix","description":"","publisher":{"@id":"https:\/\/dotix.be\/en\/#organization"},"potentialAction":[{"@type":"SearchAction","target":{"@type":"EntryPoint","urlTemplate":"https:\/\/dotix.be\/en\/?s={search_term_string}"},"query-input":{"@type":"PropertyValueSpecification","valueRequired":true,"valueName":"search_term_string"}}],"inLanguage":"en-US"},{"@type":"Organization","@id":"https:\/\/dotix.be\/en\/#organization","name":"Dotix","url":"https:\/\/dotix.be\/en\/","logo":{"@type":"ImageObject","inLanguage":"en-US","@id":"https:\/\/dotix.be\/en\/#\/schema\/logo\/image\/","url":"https:\/\/dotix.be\/wp-content\/uploads\/2025\/05\/logo.svg","contentUrl":"https:\/\/dotix.be\/wp-content\/uploads\/2025\/05\/logo.svg","width":1,"height":1,"caption":"Dotix"},"image":{"@id":"https:\/\/dotix.be\/en\/#\/schema\/logo\/image\/"}}]}},"_links":{"self":[{"href":"https:\/\/dotix.be\/en\/wp-json\/wp\/v2\/pages\/1165","targetHints":{"allow":["GET"]}}],"collection":[{"href":"https:\/\/dotix.be\/en\/wp-json\/wp\/v2\/pages"}],"about":[{"href":"https:\/\/dotix.be\/en\/wp-json\/wp\/v2\/types\/page"}],"author":[{"embeddable":true,"href":"https:\/\/dotix.be\/en\/wp-json\/wp\/v2\/users\/1"}],"replies":[{"embeddable":true,"href":"https:\/\/dotix.be\/en\/wp-json\/wp\/v2\/comments?post=1165"}],"version-history":[{"count":5,"href":"https:\/\/dotix.be\/en\/wp-json\/wp\/v2\/pages\/1165\/revisions"}],"predecessor-version":[{"id":1585,"href":"https:\/\/dotix.be\/en\/wp-json\/wp\/v2\/pages\/1165\/revisions\/1585"}],"wp:featuredmedia":[{"embeddable":true,"href":"https:\/\/dotix.be\/en\/wp-json\/wp\/v2\/media\/529"}],"wp:attachment":[{"href":"https:\/\/dotix.be\/en\/wp-json\/wp\/v2\/media?parent=1165"}],"curies":[{"name":"wp","href":"https:\/\/api.w.org\/{rel}","templated":true}]}}